{"id":10381,"date":"2021-08-23T12:16:14","date_gmt":"2021-08-23T10:16:14","guid":{"rendered":"https:\/\/medivision.be\/fr\/?page_id=10381"},"modified":"2022-03-15T18:05:42","modified_gmt":"2022-03-15T17:05:42","slug":"ecrans-de-vision","status":"publish","type":"page","link":"https:\/\/medivision.be\/fr\/oogheelkunde\/equipement-de-diagnostic\/ecrans-de-vision\/","title":{"rendered":"\u00c9crans de vision"},"content":{"rendered":"<p><div id=\"thz-section-holder-s46ffcf99\" class=\"thz-section-holder section-notcontained thz-mobile-hidden none\" data-view-brightness=\"none\">\r\n\t<section class=\"thz-section\">\r\n\t\t<div class=\"thz-section-in\">\r\n\t\t\t\t\t<div class=\"thz-container content-contained thz-site-width\">\r\n\t\t\t\t\t\t\t<\/div>\r\n\t\t\t\t<\/div>\r\n\t\t<div class=\"thz-bglayer-container\"><div id=\"thz-bglayer-d63914de\" class=\"thz-basic-bglayer\"><\/div><div id=\"thz-bglayer-bc882306\" class=\"thz-basic-bglayer\"><\/div><\/div>\t\t<\/section>\r\n<\/div>\r\n<div id=\"posts-grid\" class=\"thz-section-holder section-notcontained none\" data-view-brightness=\"none\">\r\n\t<section class=\"thz-section\">\r\n\t\t<div class=\"thz-section-in\">\r\n\t\t\t\t\t<div class=\"thz-container content-contained thz-site-width\">\r\n\t\t\t\t<div class=\"thz-row\">\r\n\t<div id=\"thz-column-c11bf96b2\" class=\"thz-column thz-col-1 fstart\">\r\n\t<div class=\"thz-column-container\">\r\n        <div class=\"thz-column-in\">\r\n                        <div class=\"thz-column-shortcodes\">\t\r\n                <div id=\"thz-sh-efc4665b\" class=\"thz-shc thz-heading thz-sh-efc4665b thz-sh-plain thz-sh-pos-both\">\r\n\t<div class=\"thz-heading-holder\">\r\n\t\t\t\t\t\t\t<\/div>\r\n<\/div><div id=\"thz-posts-1acc7ace\" class=\"thz-shc thz-items-grid-holder thz-is-isotope thz-posts-holder thz-items-grid-thz-ratio-1-1 thz-grid-has-col-4 thz-lightbox-mode-single thz-mfp-hide-slider\">\r\n                     <ul id=\"thz-posts-filter-1acc7ace\" class=\"thz-items-grid-categories thz-posts-filter\">\r\n                <li class=\"thz-items-categories-item\">\r\n                    <a class=\"active thz-posts-filter-link\" href='#' data-filter-value=\".category_all\">\r\n                        All                    <\/a>\r\n                <\/li>\r\n                                <li class=\"thz-items-categories-item\">\r\n                    <a class=\"thz-posts-filter-link\" href='#' data-filter-value=\".category_587\">\r\n                        Ecrans de vision                    <\/a>\r\n                <\/li>\r\n                            <\/ul>\r\n         \t\t<div id=\"thz-posts-1acc7ace-inner\" class=\"thz-items-grid thz-items-display-introunder\" data-maxpages=\"1\" data-pagination=\"click\" data-itemsload=\"12\" data-layout-type=\"thz-ratio-1-1\" data-display-mode=\"introunder\" data-shortcodeid=\"1acc7ace\" data-objectid=\"912\" data-isotope-mode=\"packery\" data-minwidth=\"230\">\r\n\t\t\t            <div class=\"thz-items-sizer\"><\/div>\r\n                   \r\n                 \r\n\t\t\t<div class=\"thz-grid-item category_all category_587 category_581 thz-posts-item-10479 thz-grid-item-odd\" data-itemid=\"10479\" data-mode=\"introunder\" data-cats=\"{&amp;quot;category_587&amp;quot;:&amp;quot;Ecrans de vision&amp;quot;,&amp;quot;category_581&amp;quot;:&amp;quot;\\u00c9quipement diagnostique&amp;quot;}\">\t<div class=\"thz-grid-item-in\">\r\n    \t\t\t<div class=\"thz-grid-item-media-holder\">\r\n\t\t\t<div class=\"thz-grid-item-media\">\r\n\t\t\t\t\t\t\t\t\t            <div class=\"thz-aspect thz-ratio-1-1\">\r\n            <div class=\"thz-ratio-in\">\r\n                                <div class=\"thz-hover thz-hover-img-mask thz-hover-bg-none thz-hover-fadein thz-img-none thz-transease-04 thz-items-grid-image\" style=\"background-image:url(https:\/\/medivision.be\/fr\/wp-content\/uploads\/2021\/08\/CC4P-350x350.jpg);\">\r\n\t\t\t\t\t                                         \r\n                    <div class=\"thz-hover-mask thz-transease-04\">                        <div class=\"thz-hover-mask-table\">\r\n                            <a class=\"thz-hover-link\" href=\"https:\/\/medivision.be\/fr\/product\/reichert-clearchart-4p-ecran-de-vision\/\"><\/a>\r\n                                                        <div class=\"thz-hover-icons thz-comein-none thz-transease-05\">\r\n                                <a class=\"thz-hover-icon thz-hover-media-icon circle thz-fs-16 thz-vp-10 thz-hp-10 thz-lightbox mfp-image\" href=\"#\" data-mfp-src=\"https:\/\/medivision.be\/fr\/wp-content\/uploads\/2021\/08\/CC4P.jpg\" data-bg=\"mfp-dark\" data-opacity=\"mfp-opacity-08\" data-effect=\"mfp-zoom-out\" data-mfp-title=\"CC4P\" data-modal-size=\"large\"><span class=\"thzicon thzicon-plus\"><\/span><\/a>                            <\/div>                        <\/div>\r\n                    <\/div>\r\n                                    <\/div>\r\n                            <\/div>\r\n        <\/div>\r\n                                        \t\t\t<\/div>\r\n\t\t<\/div>\r\n                \t\t<div class=\"thz-grid-item-intro-holder\">\r\n        \t\t\t\t<div class=\"thz-grid-item-poz\">\r\n\t\t\t\t<div class=\"thz-grid-item-intro thz-align-left\">\r\n\t\t\t\t\t\t\t\t\t\t                    \t\t\t\t\t\t\t\t\t\t<h3 class=\"thz-grid-item-title\">\r\n\t\t\t\t\t\t<a href=\"https:\/\/medivision.be\/fr\/product\/reichert-clearchart-4p-ecran-de-vision\/\">\r\n\t\t\t\t\t\t\tREICHERT ClearChart 4P | \u00c9cran de vision\t\t\t\t\t\t<\/a>\r\n\t\t\t\t\t<\/h3>\r\n\t\t\t\t\t                    \t\t\t\t\t\t\t\t\t\t\t\t\t\t\t\t\t\t\t\t<div class=\"thz-grid-item-intro-text\">\r\n\t\t\t\t\t\t<ul>\r\n    <li>Tests LEA<\/li>\r\n    <li>Syst\u00e8me tout-en-un<\/li>\r\n    <li>Extr\u00eamement complet<\/li>\r\n<\/ul>\r\n\r\n\r\n\t\t\t\t\t<\/div>\r\n\t\t\t\t\t\t\t\t\t\t\t\t\t\t\t<div class=\"thz-grid-item-button\">\r\n\t\t\t\t\t\t<div class=\"thz-btn-container thz-custom-btn-44726 ctm-btn thz-mt-24\"><a class=\"thz-button thz-btn-large thz-radius-8 thz-btn-border-1 thz-align-center\" href=\"https:\/\/medivision.be\/fr\/product\/reichert-clearchart-4p-ecran-de-vision\/\"><span class=\"thz-btn-text thz-fs-16 thz-fw-600\">Plus d\u2019information<\/span><\/a><\/div>\t\t\t\t\t<\/div>\r\n\t\t\t\t\t                    \t\t\t\t\t                    \r\n\t\t\t\t<\/div>\r\n\t\t\t<\/div>\r\n\t\t\t\t\t<\/div>\r\n        \t<\/div><\/div>                 \r\n\t\t<\/div>\r\n        \t\t        <div class=\"thz-items-gutter-adjust\"><\/div>\r\n                 \r\n\t\t\t\t\t<div class=\"thz-items-loading\"><\/div>\r\n\t\t\t\t\t<div id=\"thz-portfolio-scrollto-1acc7ace\" class=\"thz-items-scrollto\"><\/div>\r\n        <\/div>\r\n            <\/div>\r\n                                            <\/div>\r\n    <\/div>\r\n<\/div><\/div>\t\t\t<\/div>\r\n\t\t\t\t<\/div>\r\n\t\t\t\t<\/section>\r\n<\/div>\r\n<div id=\"thz-section-holder-sc958a0c0\" class=\"thz-section-holder section-notcontained none\" data-view-brightness=\"none\">\r\n\t<section class=\"thz-section\">\r\n\t\t<div class=\"thz-section-in\">\r\n\t\t\t\t\t<div class=\"thz-container content-contained thz-site-width\">\r\n\t\t\t\t<div id=\"thz-sh-3beaf334\" class=\"thz-shc thz-heading thz-sh-3beaf334 thz-sh-plain thz-sh-pos-both\">\r\n\t<div class=\"thz-heading-holder\">\r\n\t\t\t\t<h2 class=\"thz-heading-title\"><strong>Ecrans de vision<\/strong><\/h2>\t\t\t<\/div>\r\n<\/div><ul id=\"thz-shortcode-list-afb3efa8\" class=\"thz-shc thz-icons-list thz-shortcode-list-afb3efa8\"><li id=\"thz-list-item-50559ecf\" class=\"thz-list-item\"><i class=\"eva eva-checkmark-circle\"><\/i> \u00c9crans de vision de haute qualit\u00e9<\/li><li id=\"thz-list-item-c915047e\" class=\"thz-list-item\"><i class=\"eva eva-checkmark-circle\"><\/i> Conseils d\u2019experts et service optimal<\/li><li id=\"thz-list-item-811d7389\" class=\"thz-list-item\"><i class=\"eva eva-checkmark-circle\"><\/i> Large gamme d\u2019optotypes et de tests<\/li><\/ul><div id=\"thz-text-block-360afdb4\" class=\"thz-shc thz-text-block\"><p>Une partie importante de la recherche r\u00e9fractive est un test visuel. Il est donc important que votre syst\u00e8me de test visuel soit de haute qualit\u00e9. MediVision fournit des \u00e9crans de visualisation avec un large \u00e9ventail d'optotypes et de tests. En outre, ils sont faciles \u00e0 utiliser avec une t\u00e9l\u00e9commande pour une facilit\u00e9 d'utilisation optimalis\u00e9e. Le menu est \u00e9galement convivial et vous pouvez faire un test visuel de mani\u00e8re productive. Les \u00e9crans ont tous un affichage de haute r\u00e9solution.<\/p><h3><strong>Les avantages des \u00e9crans de vision<\/strong><\/h3><p>L'avantage d'un affichage visuel par rapport \u00e0 un projecteur est qu'un affichage visuel est \u00e9troit et prend donc peu de place. De plus, les affichages visuels sont \u00e9l\u00e9gants et offrent un design \u00e9l\u00e9gant pour votre salle de r\u00e9fraction. Les \u00e9crans offrent des tests num\u00e9riques et impressionnent par leur vaste choix de tests. Tous les affichages visuels ont un \u00e9cran LCD de haute qualit\u00e9 et une surface non r\u00e9fl\u00e9chissante. En outre, les \u00e9crans peuvent \u00eatre int\u00e9gr\u00e9s avec de nombreuses marques diff\u00e9rentes de phoropt\u00e8res.<\/p><h3><strong>Expertise<\/strong><\/h3><p>MediVision peut vous aider \u00e0 configurer votre salle d'examen aussi efficacement que possible. Nous pouvons fournir tout le n\u00e9cessaire pour un examen de vue. En plus des \u00e9crans vision, nous avons aussi des autor\u00e9fractom\u00e8tres, des phoropt\u00e8res et des tonom\u00e8tres. Notre but n'est pas de livrer un produit, mais de construire une relation. Nous voulons vous aider \u00e0 \u00e9tablir votre pratique de la fa\u00e7on la plus efficace et de la meilleure qualit\u00e9 possible.<\/p><\/div>\t\t\t<\/div>\r\n\t\t\t\t<\/div>\r\n\t\t\t\t<\/section>\r\n<\/div>\r\n<\/p>\n","protected":false},"excerpt":{"rendered":"<p>REICHERT ClearChart 4P | \u00c9cran de visionIl a \u00e9t\u00e9 prouv\u00e9 que les enfants peuvent mieux se concentrer sur les figurines. Un enfant plus concentr\u00e9 vous permet de l&#8217;examiner plus efficacement et de gagner du temps. Cela fait du Reichert ClearChart 4P un \u00e9cran de vision complet. Demander un devis Informations Sp\u00e9cifications Demander une d\u00e9mo Focus sur la nettet\u00e9 !Syst\u00e8me tout-en-un extr\u00eamement completLe ClearChart 4P dispose d&#8217;un \u00e9cran LED haute r\u00e9solution de 24 pouces. Il a une tr\u00e8s longue dur\u00e9e de vie et offre diverses fonctions suppl\u00e9mentaires. Il est possible de tester la st\u00e9r\u00e9o et de tester la vision des couleurs. Vous pouvez \u00e9galement passer divers tests d&#8217;ETDRS, et vous avez la possibilit\u00e9 d&#8217;importer facilement des images d&#8217;\u00e9ducation et des vid\u00e9os. Dans l&#8217;ensemble, il s&#8217;agit d&#8217;un syst\u00e8me tr\u00e8s complet de haute qualit\u00e9.Le ClearChart 4P dispose d\u2019une large gamme d&#8217;optotypes et de tests, et est \u00e9quip\u00e9 d&#8217;une polarisation et d&#8217;une analyse de fonction binoculaire approfondie. Il dispose d\u2019un menu intuitif et convivial et d\u2019une option multim\u00e9dia et s&#8217;int\u00e8gre aux auto-phoropters Reichert. Le ClearChart 4P est la solution pour l\u2019examen de la vue d&#8217;un enfant qui ne peut pas bien se concentrer. L&#8217;\u00e9cran de vision utilise des images et des figurines LEA. Ces [&hellip;]<\/p>\n","protected":false},"author":1,"featured_media":0,"parent":912,"menu_order":0,"comment_status":"closed","ping_status":"closed","template":"template-parts\/page-builder.php","meta":{"footnotes":""},"tags":[],"class_list":["post-10381","page","type-page","status-publish","hentry"],"acf":[],"yoast_head":"<!-- This site is optimized with the Yoast SEO plugin v26.5 - https:\/\/yoast.com\/wordpress\/plugins\/seo\/ -->\n<title>\u00c9crans de vision | Alle informatie over de funduscamera&#039;s | Medivision<\/title>\n<meta name=\"description\" content=\"Een funduscamera is een speciale digitale camera die foto&#039;s maakt van het netvlies, de macula, de oogzenuwen en de bloedvaten in het oog.\" \/>\n<meta name=\"robots\" content=\"index, follow, max-snippet:-1, max-image-preview:large, max-video-preview:-1\" \/>\n<link rel=\"canonical\" href=\"https:\/\/medivision.be\/fr\/oogheelkunde\/equipement-de-diagnostic\/ecrans-de-vision\/\" \/>\n<meta property=\"og:locale\" content=\"nl_NL\" \/>\n<meta property=\"og:type\" content=\"article\" \/>\n<meta property=\"og:title\" content=\"\u00c9crans de vision | Alle informatie over de funduscamera&#039;s | Medivision\" \/>\n<meta property=\"og:description\" content=\"Een funduscamera is een speciale digitale camera die foto&#039;s maakt van het netvlies, de macula, de oogzenuwen en de bloedvaten in het oog.\" \/>\n<meta property=\"og:url\" content=\"https:\/\/medivision.be\/fr\/oogheelkunde\/equipement-de-diagnostic\/ecrans-de-vision\/\" \/>\n<meta property=\"og:site_name\" content=\"Medivision\" \/>\n<meta property=\"article:modified_time\" content=\"2022-03-15T17:05:42+00:00\" \/>\n<meta name=\"twitter:card\" content=\"summary_large_image\" \/>\n<meta name=\"twitter:label1\" content=\"Geschatte leestijd\" \/>\n\t<meta name=\"twitter:data1\" content=\"1 minuut\" \/>\n<script type=\"application\/ld+json\" class=\"yoast-schema-graph\">{\"@context\":\"https:\/\/schema.org\",\"@graph\":[{\"@type\":\"WebPage\",\"@id\":\"https:\/\/medivision.be\/fr\/oogheelkunde\/equipement-de-diagnostic\/ecrans-de-vision\/\",\"url\":\"https:\/\/medivision.be\/fr\/oogheelkunde\/equipement-de-diagnostic\/ecrans-de-vision\/\",\"name\":\"\u00c9crans de vision | Alle informatie over de funduscamera's | Medivision\",\"isPartOf\":{\"@id\":\"https:\/\/medivision.be\/fr\/#website\"},\"datePublished\":\"2021-08-23T10:16:14+00:00\",\"dateModified\":\"2022-03-15T17:05:42+00:00\",\"description\":\"Een funduscamera is een speciale digitale camera die foto's maakt van het netvlies, de macula, de oogzenuwen en de bloedvaten in het oog.\",\"breadcrumb\":{\"@id\":\"https:\/\/medivision.be\/fr\/oogheelkunde\/equipement-de-diagnostic\/ecrans-de-vision\/#breadcrumb\"},\"inLanguage\":\"nl-NL\",\"potentialAction\":[{\"@type\":\"ReadAction\",\"target\":[\"https:\/\/medivision.be\/fr\/oogheelkunde\/equipement-de-diagnostic\/ecrans-de-vision\/\"]}]},{\"@type\":\"BreadcrumbList\",\"@id\":\"https:\/\/medivision.be\/fr\/oogheelkunde\/equipement-de-diagnostic\/ecrans-de-vision\/#breadcrumb\",\"itemListElement\":[{\"@type\":\"ListItem\",\"position\":1,\"name\":\"Home\",\"item\":\"https:\/\/medivision.be\/fr\/\"},{\"@type\":\"ListItem\",\"position\":2,\"name\":\"Oogheelkunde\",\"item\":\"https:\/\/medivision.be\/fr\/oogheelkunde\/\"},{\"@type\":\"ListItem\",\"position\":3,\"name\":\"\u00c9quipement de diagnostic\",\"item\":\"https:\/\/medivision.be\/fr\/oogheelkunde\/equipement-de-diagnostic\/\"},{\"@type\":\"ListItem\",\"position\":4,\"name\":\"\u00c9crans de vision\"}]},{\"@type\":\"WebSite\",\"@id\":\"https:\/\/medivision.be\/fr\/#website\",\"url\":\"https:\/\/medivision.be\/fr\/\",\"name\":\"Medivision\",\"description\":\"Laservision Instruments B.V.\",\"publisher\":{\"@id\":\"https:\/\/medivision.be\/fr\/#organization\"},\"potentialAction\":[{\"@type\":\"SearchAction\",\"target\":{\"@type\":\"EntryPoint\",\"urlTemplate\":\"https:\/\/medivision.be\/fr\/?s={search_term_string}\"},\"query-input\":{\"@type\":\"PropertyValueSpecification\",\"valueRequired\":true,\"valueName\":\"search_term_string\"}}],\"inLanguage\":\"nl-NL\"},{\"@type\":\"Organization\",\"@id\":\"https:\/\/medivision.be\/fr\/#organization\",\"name\":\"Medivision\",\"url\":\"https:\/\/medivision.be\/fr\/\",\"logo\":{\"@type\":\"ImageObject\",\"inLanguage\":\"nl-NL\",\"@id\":\"https:\/\/medivision.be\/fr\/#\/schema\/logo\/image\/\",\"url\":\"https:\/\/medivision.be\/fr\/wp-content\/uploads\/2021\/07\/Logo_image-20210728-145414_1920px.png\",\"contentUrl\":\"https:\/\/medivision.be\/fr\/wp-content\/uploads\/2021\/07\/Logo_image-20210728-145414_1920px.png\",\"width\":1920,\"height\":456,\"caption\":\"Medivision\"},\"image\":{\"@id\":\"https:\/\/medivision.be\/fr\/#\/schema\/logo\/image\/\"}}]}<\/script>\n<!-- \/ Yoast SEO plugin. -->","yoast_head_json":{"title":"\u00c9crans de vision | Alle informatie over de funduscamera's | Medivision","description":"Een funduscamera is een speciale digitale camera die foto's maakt van het netvlies, de macula, de oogzenuwen en de bloedvaten in het oog.","robots":{"index":"index","follow":"follow","max-snippet":"max-snippet:-1","max-image-preview":"max-image-preview:large","max-video-preview":"max-video-preview:-1"},"canonical":"https:\/\/medivision.be\/fr\/oogheelkunde\/equipement-de-diagnostic\/ecrans-de-vision\/","og_locale":"nl_NL","og_type":"article","og_title":"\u00c9crans de vision | Alle informatie over de funduscamera's | Medivision","og_description":"Een funduscamera is een speciale digitale camera die foto's maakt van het netvlies, de macula, de oogzenuwen en de bloedvaten in het oog.","og_url":"https:\/\/medivision.be\/fr\/oogheelkunde\/equipement-de-diagnostic\/ecrans-de-vision\/","og_site_name":"Medivision","article_modified_time":"2022-03-15T17:05:42+00:00","twitter_card":"summary_large_image","twitter_misc":{"Geschatte leestijd":"1 minuut"},"schema":{"@context":"https:\/\/schema.org","@graph":[{"@type":"WebPage","@id":"https:\/\/medivision.be\/fr\/oogheelkunde\/equipement-de-diagnostic\/ecrans-de-vision\/","url":"https:\/\/medivision.be\/fr\/oogheelkunde\/equipement-de-diagnostic\/ecrans-de-vision\/","name":"\u00c9crans de vision | Alle informatie over de funduscamera's | Medivision","isPartOf":{"@id":"https:\/\/medivision.be\/fr\/#website"},"datePublished":"2021-08-23T10:16:14+00:00","dateModified":"2022-03-15T17:05:42+00:00","description":"Een funduscamera is een speciale digitale camera die foto's maakt van het netvlies, de macula, de oogzenuwen en de bloedvaten in het oog.","breadcrumb":{"@id":"https:\/\/medivision.be\/fr\/oogheelkunde\/equipement-de-diagnostic\/ecrans-de-vision\/#breadcrumb"},"inLanguage":"nl-NL","potentialAction":[{"@type":"ReadAction","target":["https:\/\/medivision.be\/fr\/oogheelkunde\/equipement-de-diagnostic\/ecrans-de-vision\/"]}]},{"@type":"BreadcrumbList","@id":"https:\/\/medivision.be\/fr\/oogheelkunde\/equipement-de-diagnostic\/ecrans-de-vision\/#breadcrumb","itemListElement":[{"@type":"ListItem","position":1,"name":"Home","item":"https:\/\/medivision.be\/fr\/"},{"@type":"ListItem","position":2,"name":"Oogheelkunde","item":"https:\/\/medivision.be\/fr\/oogheelkunde\/"},{"@type":"ListItem","position":3,"name":"\u00c9quipement de diagnostic","item":"https:\/\/medivision.be\/fr\/oogheelkunde\/equipement-de-diagnostic\/"},{"@type":"ListItem","position":4,"name":"\u00c9crans de vision"}]},{"@type":"WebSite","@id":"https:\/\/medivision.be\/fr\/#website","url":"https:\/\/medivision.be\/fr\/","name":"Medivision","description":"Laservision Instruments B.V.","publisher":{"@id":"https:\/\/medivision.be\/fr\/#organization"},"potentialAction":[{"@type":"SearchAction","target":{"@type":"EntryPoint","urlTemplate":"https:\/\/medivision.be\/fr\/?s={search_term_string}"},"query-input":{"@type":"PropertyValueSpecification","valueRequired":true,"valueName":"search_term_string"}}],"inLanguage":"nl-NL"},{"@type":"Organization","@id":"https:\/\/medivision.be\/fr\/#organization","name":"Medivision","url":"https:\/\/medivision.be\/fr\/","logo":{"@type":"ImageObject","inLanguage":"nl-NL","@id":"https:\/\/medivision.be\/fr\/#\/schema\/logo\/image\/","url":"https:\/\/medivision.be\/fr\/wp-content\/uploads\/2021\/07\/Logo_image-20210728-145414_1920px.png","contentUrl":"https:\/\/medivision.be\/fr\/wp-content\/uploads\/2021\/07\/Logo_image-20210728-145414_1920px.png","width":1920,"height":456,"caption":"Medivision"},"image":{"@id":"https:\/\/medivision.be\/fr\/#\/schema\/logo\/image\/"}}]}},"_links":{"self":[{"href":"https:\/\/medivision.be\/fr\/wp-json\/wp\/v2\/pages\/10381","targetHints":{"allow":["GET"]}}],"collection":[{"href":"https:\/\/medivision.be\/fr\/wp-json\/wp\/v2\/pages"}],"about":[{"href":"https:\/\/medivision.be\/fr\/wp-json\/wp\/v2\/types\/page"}],"author":[{"embeddable":true,"href":"https:\/\/medivision.be\/fr\/wp-json\/wp\/v2\/users\/1"}],"replies":[{"embeddable":true,"href":"https:\/\/medivision.be\/fr\/wp-json\/wp\/v2\/comments?post=10381"}],"version-history":[{"count":12,"href":"https:\/\/medivision.be\/fr\/wp-json\/wp\/v2\/pages\/10381\/revisions"}],"predecessor-version":[{"id":11520,"href":"https:\/\/medivision.be\/fr\/wp-json\/wp\/v2\/pages\/10381\/revisions\/11520"}],"up":[{"embeddable":true,"href":"https:\/\/medivision.be\/fr\/wp-json\/wp\/v2\/pages\/912"}],"wp:attachment":[{"href":"https:\/\/medivision.be\/fr\/wp-json\/wp\/v2\/media?parent=10381"}],"wp:term":[{"taxonomy":"post_tag","embeddable":true,"href":"https:\/\/medivision.be\/fr\/wp-json\/wp\/v2\/tags?post=10381"}],"curies":[{"name":"wp","href":"https:\/\/api.w.org\/{rel}","templated":true}]}}