{"id":10383,"date":"2021-08-23T12:20:14","date_gmt":"2021-08-23T10:20:14","guid":{"rendered":"https:\/\/medivision.be\/fr\/?page_id=10383"},"modified":"2022-03-15T18:42:20","modified_gmt":"2022-03-15T17:42:20","slug":"skiascope","status":"publish","type":"page","link":"https:\/\/medivision.be\/fr\/oogheelkunde\/equipement-de-diagnostic\/skiascope\/","title":{"rendered":"Skiascope"},"content":{"rendered":"<p><div id=\"thz-section-holder-s46ffcf99\" class=\"thz-section-holder section-notcontained thz-mobile-hidden none\" data-view-brightness=\"none\">\r\n\t<section class=\"thz-section\">\r\n\t\t<div class=\"thz-section-in\">\r\n\t\t\t\t\t<div class=\"thz-container content-contained thz-site-width\">\r\n\t\t\t\t\t\t\t<\/div>\r\n\t\t\t\t<\/div>\r\n\t\t<div class=\"thz-bglayer-container\"><div id=\"thz-bglayer-d63914de\" class=\"thz-basic-bglayer\"><\/div><div id=\"thz-bglayer-bc882306\" class=\"thz-basic-bglayer\"><\/div><\/div>\t\t<\/section>\r\n<\/div>\r\n<div id=\"posts-grid\" class=\"thz-section-holder section-notcontained none\" data-view-brightness=\"none\">\r\n\t<section class=\"thz-section\">\r\n\t\t<div class=\"thz-section-in\">\r\n\t\t\t\t\t<div class=\"thz-container content-contained thz-site-width\">\r\n\t\t\t\t<div class=\"thz-row\">\r\n\t<div id=\"thz-column-c11bf96b2\" class=\"thz-column thz-col-1 fstart\">\r\n\t<div class=\"thz-column-container\">\r\n        <div class=\"thz-column-in\">\r\n                        <div class=\"thz-column-shortcodes\">\t\r\n                <div id=\"thz-sh-efc4665b\" class=\"thz-shc thz-heading thz-sh-efc4665b thz-sh-plain thz-sh-pos-both\">\r\n\t<div class=\"thz-heading-holder\">\r\n\t\t\t\t\t\t\t<\/div>\r\n<\/div><div id=\"thz-posts-1acc7ace\" class=\"thz-shc thz-items-grid-holder thz-is-isotope thz-posts-holder thz-items-grid-thz-ratio-1-1 thz-grid-has-col-4 thz-lightbox-mode-single thz-mfp-hide-slider\">\r\n                     <ul id=\"thz-posts-filter-1acc7ace\" class=\"thz-items-grid-categories thz-posts-filter\">\r\n                <li class=\"thz-items-categories-item\">\r\n                    <a class=\"active thz-posts-filter-link\" href='#' data-filter-value=\".category_all\">\r\n                        All                    <\/a>\r\n                <\/li>\r\n                                <li class=\"thz-items-categories-item\">\r\n                    <a class=\"thz-posts-filter-link\" href='#' data-filter-value=\".category_592\">\r\n                        Skiascope                    <\/a>\r\n                <\/li>\r\n                            <\/ul>\r\n         \t\t<div id=\"thz-posts-1acc7ace-inner\" class=\"thz-items-grid thz-items-display-introunder\" data-maxpages=\"1\" data-pagination=\"click\" data-itemsload=\"12\" data-layout-type=\"thz-ratio-1-1\" data-display-mode=\"introunder\" data-shortcodeid=\"1acc7ace\" data-objectid=\"912\" data-isotope-mode=\"packery\" data-minwidth=\"230\">\r\n\t\t\t            <div class=\"thz-items-sizer\"><\/div>\r\n                   \r\n                 \r\n\t\t\t<div class=\"thz-grid-item category_all category_581 category_592 thz-posts-item-11198 thz-grid-item-odd\" data-itemid=\"11198\" data-mode=\"introunder\" data-cats=\"{&amp;quot;category_581&amp;quot;:&amp;quot;\\u00c9quipement diagnostique&amp;quot;,&amp;quot;category_592&amp;quot;:&amp;quot;Skiascope&amp;quot;}\">\t<div class=\"thz-grid-item-in\">\r\n    \t\t\t<div class=\"thz-grid-item-media-holder\">\r\n\t\t\t<div class=\"thz-grid-item-media\">\r\n\t\t\t\t\t\t\t\t\t            <div class=\"thz-aspect thz-ratio-1-1\">\r\n            <div class=\"thz-ratio-in\">\r\n                                <div class=\"thz-hover thz-hover-img-mask thz-hover-bg-none thz-hover-fadein thz-img-none thz-transease-04 thz-items-grid-image\" style=\"background-image:url(https:\/\/medivision.be\/fr\/wp-content\/uploads\/2021\/10\/Beta-200-LED-retinoscope-127x300.png);\">\r\n\t\t\t\t\t                                         \r\n                    <div class=\"thz-hover-mask thz-transease-04\">                        <div class=\"thz-hover-mask-table\">\r\n                            <a class=\"thz-hover-link\" href=\"https:\/\/medivision.be\/fr\/product\/retinoscope-heine-beta-200-led\/\"><\/a>\r\n                                                        <div class=\"thz-hover-icons thz-comein-none thz-transease-05\">\r\n                                <a class=\"thz-hover-icon thz-hover-media-icon circle thz-fs-16 thz-vp-10 thz-hp-10 thz-lightbox mfp-image\" href=\"#\" data-mfp-src=\"https:\/\/medivision.be\/fr\/wp-content\/uploads\/2021\/10\/Beta-200-LED-retinoscope.png\" data-bg=\"mfp-dark\" data-opacity=\"mfp-opacity-08\" data-effect=\"mfp-zoom-out\" data-mfp-title=\"Beta 200 LED retinoscope\" data-modal-size=\"large\"><span class=\"thzicon thzicon-plus\"><\/span><\/a>                            <\/div>                        <\/div>\r\n                    <\/div>\r\n                                    <\/div>\r\n                            <\/div>\r\n        <\/div>\r\n                                        \t\t\t<\/div>\r\n\t\t<\/div>\r\n                \t\t<div class=\"thz-grid-item-intro-holder\">\r\n        \t\t\t\t<div class=\"thz-grid-item-poz\">\r\n\t\t\t\t<div class=\"thz-grid-item-intro thz-align-left\">\r\n\t\t\t\t\t\t\t\t\t\t                    \t\t\t\t\t\t\t\t\t\t<h3 class=\"thz-grid-item-title\">\r\n\t\t\t\t\t\t<a href=\"https:\/\/medivision.be\/fr\/product\/retinoscope-heine-beta-200-led\/\">\r\n\t\t\t\t\t\t\tR\u00c9TINOSCOPE HEINE BETA 200 LED\t\t\t\t\t\t<\/a>\r\n\t\t\t\t\t<\/h3>\r\n\t\t\t\t\t                    \t\t\t\t\t\t\t\t\t\t\t\t\t\t\t\t\t\t\t\t<div class=\"thz-grid-item-intro-text\">\r\n\t\t\t\t\t\t<ul>\r\n    <li>Dimmable<\/li>    <li>Efficient <\/li>    <li>Durable<\/li>\r\n<\/ul>\r\n\t\t\t\t\t<\/div>\r\n\t\t\t\t\t\t\t\t\t\t\t\t\t\t\t<div class=\"thz-grid-item-button\">\r\n\t\t\t\t\t\t<div class=\"thz-btn-container thz-custom-btn-44726 ctm-btn thz-mt-24\"><a class=\"thz-button thz-btn-large thz-radius-8 thz-btn-border-1 thz-align-center\" href=\"https:\/\/medivision.be\/fr\/product\/retinoscope-heine-beta-200-led\/\"><span class=\"thz-btn-text thz-fs-16 thz-fw-600\">Plus d\u2019information <\/span><\/a><\/div>\t\t\t\t\t<\/div>\r\n\t\t\t\t\t                    \t\t\t\t\t                    \r\n\t\t\t\t<\/div>\r\n\t\t\t<\/div>\r\n\t\t\t\t\t<\/div>\r\n        \t<\/div><\/div>                 \r\n\t\t<\/div>\r\n        \t\t        <div class=\"thz-items-gutter-adjust\"><\/div>\r\n                 \r\n\t\t\t\t\t<div class=\"thz-items-loading\"><\/div>\r\n\t\t\t\t\t<div id=\"thz-portfolio-scrollto-1acc7ace\" class=\"thz-items-scrollto\"><\/div>\r\n        <\/div>\r\n            <\/div>\r\n                                            <\/div>\r\n    <\/div>\r\n<\/div><\/div>\t\t\t<\/div>\r\n\t\t\t\t<\/div>\r\n\t\t\t\t<\/section>\r\n<\/div>\r\n<div id=\"thz-section-holder-sc958a0c0\" class=\"thz-section-holder section-notcontained none\" data-view-brightness=\"none\">\r\n\t<section class=\"thz-section\">\r\n\t\t<div class=\"thz-section-in\">\r\n\t\t\t\t\t<div class=\"thz-container content-contained thz-site-width\">\r\n\t\t\t\t<div id=\"thz-sh-3beaf334\" class=\"thz-shc thz-heading thz-sh-3beaf334 thz-sh-plain thz-sh-pos-both\">\r\n\t<div class=\"thz-heading-holder\">\r\n\t\t\t\t<h2 class=\"thz-heading-title\"><span style=\"font-weight: 400;\">Petits instruments<\/span><\/h2>\t\t\t<\/div>\r\n<\/div><ul id=\"thz-shortcode-list-afb3efa8\" class=\"thz-shc thz-icons-list thz-shortcode-list-afb3efa8\"><li id=\"thz-list-item-50559ecf\" class=\"thz-list-item\"><i class=\"eva eva-checkmark-circle\"><\/i> Instruments optiques pratiques pour l\u2019usage quotidien<\/li><li id=\"thz-list-item-c915047e\" class=\"thz-list-item\"><i class=\"eva eva-checkmark-circle\"><\/i> De haute qualit\u00e9<\/li><li id=\"thz-list-item-811d7389\" class=\"thz-list-item\"><i class=\"eva eva-checkmark-circle\"><\/i> Durable et longue dur\u00e9e de vie<\/li><\/ul><div id=\"thz-text-block-360afdb4\" class=\"thz-shc thz-text-block\"><p>MediVision ne vous aide pas seulement \u00e0 installer votre salle de recherche ou \u00e0 fournir un \u00e9quipement de haute qualit\u00e9. Pour les petits instruments optiques comme une skiascope, un ophtalmoscope ou un transilluminateur, vous \u00eates au bon endroit. Nos instruments optiques sont tous de haute qualit\u00e9 et garantissent une longue dur\u00e9e de vie.<\/p><p>Besoin d'un instrument optique ? MediVision l'a.<br \/>Pour les petits instruments d'optique, vous \u00eates au bon endroit. \u00cates-vous incertain de ce qu'il faut acheter ? Nos sp\u00e9cialistes seront heureux de vous aider \u00e0 faire le bon choix. Nous veillons \u00e0 mettre en place une coop\u00e9ration \u00e0 long terme, et le service est essentiel pour nous.<\/p><\/div>\t\t\t<\/div>\r\n\t\t\t\t<\/div>\r\n\t\t\t\t<\/section>\r\n<\/div>\r\n<\/p>\n","protected":false},"excerpt":{"rendered":"<p>R\u00c9TINOCOPE HEINE BETA 200 LED | SkiascopeLe Heine BETA 200 LED est un skiascope anti-poussi\u00e8re sans entretien de la meilleure qualit\u00e9. Cette skiascope est \u00e9quip\u00e9e de l&#8217;\u00e9clairage Heine LEDHQ et cr\u00e9e donc un faisceau lumineux fin et net, ce qui facilite la d\u00e9termination de l&#8217;astigmatisme. Le filtre polarisant interne inclus \u00e9limine la lumi\u00e8re diffus\u00e9e et les reflets internes. Demander un devis Informations Sp\u00e9cifications Demander une d\u00e9mo Heine ParaStopHeine a d\u00e9velopp\u00e9 la fonction ParaStop pour acc\u00e9l\u00e9rer et faciliter le r\u00e9glage et le maintien d&#8217;un faisceau parall\u00e8le pendant l&#8217;examen.\u00c9clairage LEDHQ dimmableLe skiascope BETA 200 dispose d&#8217;un \u00e9clairage LEDHQ brevet\u00e9 \u00e0 intensit\u00e9 variable que vous pouvez r\u00e9gler en continu entre 3% et 100%, ce qui contribue \u00e0 un confort augment\u00e9 pour le patient.EfficaceAvec la poign\u00e9e rechargeable BETA4 disponible, vous disposez d&#8217;une dur\u00e9e d&#8217;utilisation jusqu&#8217;\u00e0 3 fois plus longue sans le charger entre-temps.DurableLe bo\u00eetier anti-poussi\u00e8re et les commandes en m\u00e9tal garantissent une longue dur\u00e9e de vie. L&#8217;\u00e9clairage LED vous offre un flux lumineux homog\u00e8ne et constant tout au long de la dur\u00e9e de vie du skiascope Heine BETA 200. Sp\u00e9cificationsConditions environnementales de fonctionnement+10 \u00b0C \u00e0 +35 \u00b0C30 % \u00e0 90 % rel. humidit\u00e9800 hPa \u00e0 1060 hPa Conditions environnementales de stockage-10 \u00b0C \u00e0 +55 [&hellip;]<\/p>\n","protected":false},"author":1,"featured_media":0,"parent":912,"menu_order":0,"comment_status":"closed","ping_status":"closed","template":"template-parts\/page-builder.php","meta":{"footnotes":""},"tags":[],"class_list":["post-10383","page","type-page","status-publish","hentry"],"acf":[],"yoast_head":"<!-- This site is optimized with the Yoast SEO plugin v26.5 - https:\/\/yoast.com\/wordpress\/plugins\/seo\/ -->\n<title>Skiascope | Alle informatie over de funduscamera&#039;s | Medivision<\/title>\n<meta name=\"description\" content=\"Een funduscamera is een speciale digitale camera die foto&#039;s maakt van het netvlies, de macula, de oogzenuwen en de bloedvaten in het oog.\" \/>\n<meta name=\"robots\" content=\"index, follow, max-snippet:-1, max-image-preview:large, max-video-preview:-1\" \/>\n<link rel=\"canonical\" href=\"https:\/\/medivision.be\/fr\/oogheelkunde\/equipement-de-diagnostic\/skiascope\/\" \/>\n<meta property=\"og:locale\" content=\"nl_NL\" \/>\n<meta property=\"og:type\" content=\"article\" \/>\n<meta property=\"og:title\" content=\"Skiascope | Alle informatie over de funduscamera&#039;s | Medivision\" \/>\n<meta property=\"og:description\" content=\"Een funduscamera is een speciale digitale camera die foto&#039;s maakt van het netvlies, de macula, de oogzenuwen en de bloedvaten in het oog.\" \/>\n<meta property=\"og:url\" content=\"https:\/\/medivision.be\/fr\/oogheelkunde\/equipement-de-diagnostic\/skiascope\/\" \/>\n<meta property=\"og:site_name\" content=\"Medivision\" \/>\n<meta property=\"article:modified_time\" content=\"2022-03-15T17:42:20+00:00\" \/>\n<meta name=\"twitter:card\" content=\"summary_large_image\" \/>\n<meta name=\"twitter:label1\" content=\"Geschatte leestijd\" \/>\n\t<meta name=\"twitter:data1\" content=\"1 minuut\" \/>\n<script type=\"application\/ld+json\" class=\"yoast-schema-graph\">{\"@context\":\"https:\/\/schema.org\",\"@graph\":[{\"@type\":\"WebPage\",\"@id\":\"https:\/\/medivision.be\/fr\/oogheelkunde\/equipement-de-diagnostic\/skiascope\/\",\"url\":\"https:\/\/medivision.be\/fr\/oogheelkunde\/equipement-de-diagnostic\/skiascope\/\",\"name\":\"Skiascope | Alle informatie over de funduscamera's | Medivision\",\"isPartOf\":{\"@id\":\"https:\/\/medivision.be\/fr\/#website\"},\"datePublished\":\"2021-08-23T10:20:14+00:00\",\"dateModified\":\"2022-03-15T17:42:20+00:00\",\"description\":\"Een funduscamera is een speciale digitale camera die foto's maakt van het netvlies, de macula, de oogzenuwen en de bloedvaten in het oog.\",\"breadcrumb\":{\"@id\":\"https:\/\/medivision.be\/fr\/oogheelkunde\/equipement-de-diagnostic\/skiascope\/#breadcrumb\"},\"inLanguage\":\"nl-NL\",\"potentialAction\":[{\"@type\":\"ReadAction\",\"target\":[\"https:\/\/medivision.be\/fr\/oogheelkunde\/equipement-de-diagnostic\/skiascope\/\"]}]},{\"@type\":\"BreadcrumbList\",\"@id\":\"https:\/\/medivision.be\/fr\/oogheelkunde\/equipement-de-diagnostic\/skiascope\/#breadcrumb\",\"itemListElement\":[{\"@type\":\"ListItem\",\"position\":1,\"name\":\"Home\",\"item\":\"https:\/\/medivision.be\/fr\/\"},{\"@type\":\"ListItem\",\"position\":2,\"name\":\"Oogheelkunde\",\"item\":\"https:\/\/medivision.be\/fr\/oogheelkunde\/\"},{\"@type\":\"ListItem\",\"position\":3,\"name\":\"\u00c9quipement de diagnostic\",\"item\":\"https:\/\/medivision.be\/fr\/oogheelkunde\/equipement-de-diagnostic\/\"},{\"@type\":\"ListItem\",\"position\":4,\"name\":\"Skiascope\"}]},{\"@type\":\"WebSite\",\"@id\":\"https:\/\/medivision.be\/fr\/#website\",\"url\":\"https:\/\/medivision.be\/fr\/\",\"name\":\"Medivision\",\"description\":\"Laservision Instruments B.V.\",\"publisher\":{\"@id\":\"https:\/\/medivision.be\/fr\/#organization\"},\"potentialAction\":[{\"@type\":\"SearchAction\",\"target\":{\"@type\":\"EntryPoint\",\"urlTemplate\":\"https:\/\/medivision.be\/fr\/?s={search_term_string}\"},\"query-input\":{\"@type\":\"PropertyValueSpecification\",\"valueRequired\":true,\"valueName\":\"search_term_string\"}}],\"inLanguage\":\"nl-NL\"},{\"@type\":\"Organization\",\"@id\":\"https:\/\/medivision.be\/fr\/#organization\",\"name\":\"Medivision\",\"url\":\"https:\/\/medivision.be\/fr\/\",\"logo\":{\"@type\":\"ImageObject\",\"inLanguage\":\"nl-NL\",\"@id\":\"https:\/\/medivision.be\/fr\/#\/schema\/logo\/image\/\",\"url\":\"https:\/\/medivision.be\/fr\/wp-content\/uploads\/2021\/07\/Logo_image-20210728-145414_1920px.png\",\"contentUrl\":\"https:\/\/medivision.be\/fr\/wp-content\/uploads\/2021\/07\/Logo_image-20210728-145414_1920px.png\",\"width\":1920,\"height\":456,\"caption\":\"Medivision\"},\"image\":{\"@id\":\"https:\/\/medivision.be\/fr\/#\/schema\/logo\/image\/\"}}]}<\/script>\n<!-- \/ Yoast SEO plugin. -->","yoast_head_json":{"title":"Skiascope | Alle informatie over de funduscamera's | Medivision","description":"Een funduscamera is een speciale digitale camera die foto's maakt van het netvlies, de macula, de oogzenuwen en de bloedvaten in het oog.","robots":{"index":"index","follow":"follow","max-snippet":"max-snippet:-1","max-image-preview":"max-image-preview:large","max-video-preview":"max-video-preview:-1"},"canonical":"https:\/\/medivision.be\/fr\/oogheelkunde\/equipement-de-diagnostic\/skiascope\/","og_locale":"nl_NL","og_type":"article","og_title":"Skiascope | Alle informatie over de funduscamera's | Medivision","og_description":"Een funduscamera is een speciale digitale camera die foto's maakt van het netvlies, de macula, de oogzenuwen en de bloedvaten in het oog.","og_url":"https:\/\/medivision.be\/fr\/oogheelkunde\/equipement-de-diagnostic\/skiascope\/","og_site_name":"Medivision","article_modified_time":"2022-03-15T17:42:20+00:00","twitter_card":"summary_large_image","twitter_misc":{"Geschatte leestijd":"1 minuut"},"schema":{"@context":"https:\/\/schema.org","@graph":[{"@type":"WebPage","@id":"https:\/\/medivision.be\/fr\/oogheelkunde\/equipement-de-diagnostic\/skiascope\/","url":"https:\/\/medivision.be\/fr\/oogheelkunde\/equipement-de-diagnostic\/skiascope\/","name":"Skiascope | Alle informatie over de funduscamera's | Medivision","isPartOf":{"@id":"https:\/\/medivision.be\/fr\/#website"},"datePublished":"2021-08-23T10:20:14+00:00","dateModified":"2022-03-15T17:42:20+00:00","description":"Een funduscamera is een speciale digitale camera die foto's maakt van het netvlies, de macula, de oogzenuwen en de bloedvaten in het oog.","breadcrumb":{"@id":"https:\/\/medivision.be\/fr\/oogheelkunde\/equipement-de-diagnostic\/skiascope\/#breadcrumb"},"inLanguage":"nl-NL","potentialAction":[{"@type":"ReadAction","target":["https:\/\/medivision.be\/fr\/oogheelkunde\/equipement-de-diagnostic\/skiascope\/"]}]},{"@type":"BreadcrumbList","@id":"https:\/\/medivision.be\/fr\/oogheelkunde\/equipement-de-diagnostic\/skiascope\/#breadcrumb","itemListElement":[{"@type":"ListItem","position":1,"name":"Home","item":"https:\/\/medivision.be\/fr\/"},{"@type":"ListItem","position":2,"name":"Oogheelkunde","item":"https:\/\/medivision.be\/fr\/oogheelkunde\/"},{"@type":"ListItem","position":3,"name":"\u00c9quipement de diagnostic","item":"https:\/\/medivision.be\/fr\/oogheelkunde\/equipement-de-diagnostic\/"},{"@type":"ListItem","position":4,"name":"Skiascope"}]},{"@type":"WebSite","@id":"https:\/\/medivision.be\/fr\/#website","url":"https:\/\/medivision.be\/fr\/","name":"Medivision","description":"Laservision Instruments B.V.","publisher":{"@id":"https:\/\/medivision.be\/fr\/#organization"},"potentialAction":[{"@type":"SearchAction","target":{"@type":"EntryPoint","urlTemplate":"https:\/\/medivision.be\/fr\/?s={search_term_string}"},"query-input":{"@type":"PropertyValueSpecification","valueRequired":true,"valueName":"search_term_string"}}],"inLanguage":"nl-NL"},{"@type":"Organization","@id":"https:\/\/medivision.be\/fr\/#organization","name":"Medivision","url":"https:\/\/medivision.be\/fr\/","logo":{"@type":"ImageObject","inLanguage":"nl-NL","@id":"https:\/\/medivision.be\/fr\/#\/schema\/logo\/image\/","url":"https:\/\/medivision.be\/fr\/wp-content\/uploads\/2021\/07\/Logo_image-20210728-145414_1920px.png","contentUrl":"https:\/\/medivision.be\/fr\/wp-content\/uploads\/2021\/07\/Logo_image-20210728-145414_1920px.png","width":1920,"height":456,"caption":"Medivision"},"image":{"@id":"https:\/\/medivision.be\/fr\/#\/schema\/logo\/image\/"}}]}},"_links":{"self":[{"href":"https:\/\/medivision.be\/fr\/wp-json\/wp\/v2\/pages\/10383","targetHints":{"allow":["GET"]}}],"collection":[{"href":"https:\/\/medivision.be\/fr\/wp-json\/wp\/v2\/pages"}],"about":[{"href":"https:\/\/medivision.be\/fr\/wp-json\/wp\/v2\/types\/page"}],"author":[{"embeddable":true,"href":"https:\/\/medivision.be\/fr\/wp-json\/wp\/v2\/users\/1"}],"replies":[{"embeddable":true,"href":"https:\/\/medivision.be\/fr\/wp-json\/wp\/v2\/comments?post=10383"}],"version-history":[{"count":9,"href":"https:\/\/medivision.be\/fr\/wp-json\/wp\/v2\/pages\/10383\/revisions"}],"predecessor-version":[{"id":11542,"href":"https:\/\/medivision.be\/fr\/wp-json\/wp\/v2\/pages\/10383\/revisions\/11542"}],"up":[{"embeddable":true,"href":"https:\/\/medivision.be\/fr\/wp-json\/wp\/v2\/pages\/912"}],"wp:attachment":[{"href":"https:\/\/medivision.be\/fr\/wp-json\/wp\/v2\/media?parent=10383"}],"wp:term":[{"taxonomy":"post_tag","embeddable":true,"href":"https:\/\/medivision.be\/fr\/wp-json\/wp\/v2\/tags?post=10383"}],"curies":[{"name":"wp","href":"https:\/\/api.w.org\/{rel}","templated":true}]}}