{"id":10400,"date":"2021-08-23T12:36:14","date_gmt":"2021-08-23T10:36:14","guid":{"rendered":"https:\/\/medivision.be\/fr\/?page_id=10400"},"modified":"2022-03-15T15:59:21","modified_gmt":"2022-03-15T14:59:21","slug":"autorefractometre","status":"publish","type":"page","link":"https:\/\/medivision.be\/fr\/oogheelkunde\/equipement-de-diagnostic\/autorefractometre\/","title":{"rendered":"Autor\u00e9fractom\u00e8tre"},"content":{"rendered":"<p><div id=\"thz-section-holder-s46ffcf99\" class=\"thz-section-holder section-notcontained thz-mobile-hidden none\" data-view-brightness=\"none\">\r\n\t<section class=\"thz-section\">\r\n\t\t<div class=\"thz-section-in\">\r\n\t\t\t\t\t<div class=\"thz-container content-contained thz-site-width\">\r\n\t\t\t\t\t\t\t<\/div>\r\n\t\t\t\t<\/div>\r\n\t\t<div class=\"thz-bglayer-container\"><div id=\"thz-bglayer-d63914de\" class=\"thz-basic-bglayer\"><\/div><div id=\"thz-bglayer-bc882306\" class=\"thz-basic-bglayer\"><\/div><\/div>\t\t<\/section>\r\n<\/div>\r\n<div id=\"posts-grid\" class=\"thz-section-holder section-notcontained none\" data-view-brightness=\"none\">\r\n\t<section class=\"thz-section\">\r\n\t\t<div class=\"thz-section-in\">\r\n\t\t\t\t\t<div class=\"thz-container content-contained thz-site-width\">\r\n\t\t\t\t<div class=\"thz-row\">\r\n\t<div id=\"thz-column-c11bf96b2\" class=\"thz-column thz-col-1 fstart\">\r\n\t<div class=\"thz-column-container\">\r\n        <div class=\"thz-column-in\">\r\n                        <div class=\"thz-column-shortcodes\">\t\r\n                <div id=\"thz-sh-efc4665b\" class=\"thz-shc thz-heading thz-sh-efc4665b thz-sh-plain thz-sh-pos-both\">\r\n\t<div class=\"thz-heading-holder\">\r\n\t\t\t\t\t\t\t<\/div>\r\n<\/div><div id=\"thz-posts-1acc7ace\" class=\"thz-shc thz-items-grid-holder thz-is-isotope thz-posts-holder thz-items-grid-thz-ratio-1-1 thz-grid-has-col-4 thz-lightbox-mode-single thz-mfp-hide-slider\">\r\n                     <ul id=\"thz-posts-filter-1acc7ace\" class=\"thz-items-grid-categories thz-posts-filter\">\r\n                <li class=\"thz-items-categories-item\">\r\n                    <a class=\"active thz-posts-filter-link\" href='#' data-filter-value=\".category_all\">\r\n                        All                    <\/a>\r\n                <\/li>\r\n                                <li class=\"thz-items-categories-item\">\r\n                    <a class=\"thz-posts-filter-link\" href='#' data-filter-value=\".category_582\">\r\n                        Autor\u00e9fractom\u00e8tre                    <\/a>\r\n                <\/li>\r\n                            <\/ul>\r\n         \t\t<div id=\"thz-posts-1acc7ace-inner\" class=\"thz-items-grid thz-items-display-introunder\" data-maxpages=\"1\" data-pagination=\"click\" data-itemsload=\"12\" data-layout-type=\"thz-ratio-1-1\" data-display-mode=\"introunder\" data-shortcodeid=\"1acc7ace\" data-objectid=\"912\" data-isotope-mode=\"packery\" data-minwidth=\"230\">\r\n\t\t\t            <div class=\"thz-items-sizer\"><\/div>\r\n                   \r\n                 \r\n\t\t\t<div class=\"thz-grid-item category_all category_582 category_581 thz-posts-item-10039 thz-grid-item-odd\" data-itemid=\"10039\" data-mode=\"introunder\" data-cats=\"{&amp;quot;category_582&amp;quot;:&amp;quot;Autor\\u00e9fractom\\u00e8tre&amp;quot;,&amp;quot;category_581&amp;quot;:&amp;quot;\\u00c9quipement diagnostique&amp;quot;}\">\t<div class=\"thz-grid-item-in\">\r\n    \t\t\t<div class=\"thz-grid-item-media-holder\">\r\n\t\t\t<div class=\"thz-grid-item-media\">\r\n\t\t\t\t\t\t\t\t\t            <div class=\"thz-aspect thz-ratio-1-1\">\r\n            <div class=\"thz-ratio-in\">\r\n                                <div class=\"thz-hover thz-hover-img-mask thz-hover-bg-none thz-hover-fadein thz-img-none thz-transease-04 thz-items-grid-image\" style=\"background-image:url(https:\/\/medivision.be\/fr\/wp-content\/uploads\/2021\/06\/Optochek-Plus-jpg-350x374.jpg);\">\r\n\t\t\t\t\t                                         \r\n                    <div class=\"thz-hover-mask thz-transease-04\">                        <div class=\"thz-hover-mask-table\">\r\n                            <a class=\"thz-hover-link\" href=\"https:\/\/medivision.be\/fr\/product\/optochek-plus\/\"><\/a>\r\n                                                        <div class=\"thz-hover-icons thz-comein-none thz-transease-05\">\r\n                                <a class=\"thz-hover-icon thz-hover-media-icon circle thz-fs-16 thz-vp-10 thz-hp-10 thz-lightbox mfp-image\" href=\"#\" data-mfp-src=\"https:\/\/medivision.be\/fr\/wp-content\/uploads\/2021\/06\/Optochek-Plus-jpg.jpg\" data-bg=\"mfp-dark\" data-opacity=\"mfp-opacity-08\" data-effect=\"mfp-zoom-out\" data-mfp-title=\"Optochek Plus jpg\" data-modal-size=\"large\"><span class=\"thzicon thzicon-plus\"><\/span><\/a>                            <\/div>                        <\/div>\r\n                    <\/div>\r\n                                    <\/div>\r\n                            <\/div>\r\n        <\/div>\r\n                                        \t\t\t<\/div>\r\n\t\t<\/div>\r\n                \t\t<div class=\"thz-grid-item-intro-holder\">\r\n        \t\t\t\t<div class=\"thz-grid-item-poz\">\r\n\t\t\t\t<div class=\"thz-grid-item-intro thz-align-left\">\r\n\t\t\t\t\t\t\t\t\t\t                    \t\t\t\t\t\t\t\t\t\t<h3 class=\"thz-grid-item-title\">\r\n\t\t\t\t\t\t<a href=\"https:\/\/medivision.be\/fr\/product\/optochek-plus\/\">\r\n\t\t\t\t\t\t\tOptoChek Plus\t\t\t\t\t\t<\/a>\r\n\t\t\t\t\t<\/h3>\r\n\t\t\t\t\t                    \t\t\t\t\t\t\t\t\t\t\t\t\t\t\t\t\t\t\t\t<div class=\"thz-grid-item-intro-text\">\r\n\t\t\t\t\t\t<ul>\r\n    <li>Fonctionnement simple<\/li>\r\n    <li> \u00c9cran tactile couleurs inclinable de 5,7 pouces<\/li>\r\n    <li> Bonne int\u00e9gration mutuelle<\/li>\r\n<\/ul>\r\n\r\n\r\n\r\n\t\t\t\t\t<\/div>\r\n\t\t\t\t\t\t\t\t\t\t\t\t\t\t\t<div class=\"thz-grid-item-button\">\r\n\t\t\t\t\t\t<div class=\"thz-btn-container thz-custom-btn-44726 ctm-btn thz-mt-24\"><a class=\"thz-button thz-btn-large thz-radius-8 thz-btn-border-1 thz-align-center\" href=\"https:\/\/medivision.be\/fr\/product\/optochek-plus\/\"><span class=\"thz-btn-text thz-fs-16 thz-fw-600\">Plus d\u2019information <\/span><\/a><\/div>\t\t\t\t\t<\/div>\r\n\t\t\t\t\t                    \t\t\t\t\t                    \r\n\t\t\t\t<\/div>\r\n\t\t\t<\/div>\r\n\t\t\t\t\t<\/div>\r\n        \t<\/div><\/div>                 \r\n\t\t<\/div>\r\n        \t\t        <div class=\"thz-items-gutter-adjust\"><\/div>\r\n                 \r\n\t\t\t\t\t<div class=\"thz-items-loading\"><\/div>\r\n\t\t\t\t\t<div id=\"thz-portfolio-scrollto-1acc7ace\" class=\"thz-items-scrollto\"><\/div>\r\n        <\/div>\r\n            <\/div>\r\n                                            <\/div>\r\n    <\/div>\r\n<\/div><\/div>\t\t\t<\/div>\r\n\t\t\t\t<\/div>\r\n\t\t\t\t<\/section>\r\n<\/div>\r\n<\/p>\n","protected":false},"excerpt":{"rendered":"<p>REICHERT OptoChek | Autor\u00e9fractom\u00e8treL&#8217;OptoChek de REICHERT est un autor\u00e9fracteur-k\u00e9ratom\u00e8tre compact, moderne et facile \u00e0 utiliser. L&#8217;OptoChek dispose d&#8217;un \u00e9cran tactile inclinable en couleurs de 5,7\u201d qui communique facilement avec d&#8217;autres appareils. Demander un devis Informations Sp\u00e9cifications Demander une d\u00e9mo Autor\u00e9fracteur convivial et fiableLe r\u00e9fractom\u00e8tre automatique OptoChek de REICHERT combine technologie et simplicit\u00e9. Le design compact et moderne et l&#8217;interface utilisateur intuitive de L&#8217;Opto Check offrent l&#8217;exp\u00e9rience utilisateur la plus simple qui soit pour mesurer des erreurs de r\u00e9fraction sph\u00e9riques et cylindriques objectifs et de la k\u00e9ratom\u00e9trie.Caract\u00e9ristiques:Indice de fiabilit\u00e9 innovantLa taille de la pupille scotopique (SPS) et la taille de la pupille photopique (PPS) adaptent l&#8217;illumination \u00e0 diff\u00e9rentes conditions de lumi\u00e8re\u00c9cran LCD couleur de 6,7 poucesSortie des donn\u00e9es via l&#8217;imprimante int\u00e9gr\u00e9e et le port s\u00e9rie RS-232C pour la connexion au DSE et \u00e0 d&#8217;autres syst\u00e8mes d&#8217;informationCompartiment de rangement int\u00e9gr\u00e9 pour le papier ou les accessoires Sp\u00e9cifications\/Sp\u00e9cificit\u00e9sSph\u00e8re de (la game de) mesure de la r\u00e9fraction-30D \u00e0 +22D (dans le cas o\u00f9 VD=12) (Pas : 0,12\/0,25D)Cylindre : 0 \u00e0 \u00b1 10D (Pas : 0.12\/.25D)Angle de l&#8217;axe : 1 \u00e0 180\u00b0 (Pas : 1\u00b0)Gamme de mesures k\u00e9ratom\u00e9triques\u00a0Rayon de courbure : 5,0 \u00e0 10,0 mm (Pas : 0,01 mm)Puissance corn\u00e9enne : 33,75 \u00e0 67,5D (r\u00e9fraction [&hellip;]<\/p>\n","protected":false},"author":1,"featured_media":0,"parent":912,"menu_order":0,"comment_status":"closed","ping_status":"closed","template":"template-parts\/page-builder.php","meta":{"footnotes":""},"tags":[],"class_list":["post-10400","page","type-page","status-publish","hentry"],"acf":[],"yoast_head":"<!-- This site is optimized with the Yoast SEO plugin v26.5 - https:\/\/yoast.com\/wordpress\/plugins\/seo\/ -->\n<title>Autor\u00e9fractom\u00e8tre | Alle informatie over de funduscamera&#039;s | Medivision<\/title>\n<meta name=\"description\" content=\"Een funduscamera is een speciale digitale camera die foto&#039;s maakt van het netvlies, de macula, de oogzenuwen en de bloedvaten in het oog.\" \/>\n<meta name=\"robots\" content=\"index, follow, max-snippet:-1, max-image-preview:large, max-video-preview:-1\" \/>\n<link rel=\"canonical\" href=\"https:\/\/medivision.be\/fr\/oogheelkunde\/equipement-de-diagnostic\/autorefractometre\/\" \/>\n<meta property=\"og:locale\" content=\"nl_NL\" \/>\n<meta property=\"og:type\" content=\"article\" \/>\n<meta property=\"og:title\" content=\"Autor\u00e9fractom\u00e8tre | Alle informatie over de funduscamera&#039;s | Medivision\" \/>\n<meta property=\"og:description\" content=\"Een funduscamera is een speciale digitale camera die foto&#039;s maakt van het netvlies, de macula, de oogzenuwen en de bloedvaten in het oog.\" \/>\n<meta property=\"og:url\" content=\"https:\/\/medivision.be\/fr\/oogheelkunde\/equipement-de-diagnostic\/autorefractometre\/\" \/>\n<meta property=\"og:site_name\" content=\"Medivision\" \/>\n<meta property=\"article:modified_time\" content=\"2022-03-15T14:59:21+00:00\" \/>\n<meta name=\"twitter:card\" content=\"summary_large_image\" \/>\n<meta name=\"twitter:label1\" content=\"Geschatte leestijd\" \/>\n\t<meta name=\"twitter:data1\" content=\"3 minuten\" \/>\n<script type=\"application\/ld+json\" class=\"yoast-schema-graph\">{\"@context\":\"https:\/\/schema.org\",\"@graph\":[{\"@type\":\"WebPage\",\"@id\":\"https:\/\/medivision.be\/fr\/oogheelkunde\/equipement-de-diagnostic\/autorefractometre\/\",\"url\":\"https:\/\/medivision.be\/fr\/oogheelkunde\/equipement-de-diagnostic\/autorefractometre\/\",\"name\":\"Autor\u00e9fractom\u00e8tre | Alle informatie over de funduscamera's | Medivision\",\"isPartOf\":{\"@id\":\"https:\/\/medivision.be\/fr\/#website\"},\"datePublished\":\"2021-08-23T10:36:14+00:00\",\"dateModified\":\"2022-03-15T14:59:21+00:00\",\"description\":\"Een funduscamera is een speciale digitale camera die foto's maakt van het netvlies, de macula, de oogzenuwen en de bloedvaten in het oog.\",\"breadcrumb\":{\"@id\":\"https:\/\/medivision.be\/fr\/oogheelkunde\/equipement-de-diagnostic\/autorefractometre\/#breadcrumb\"},\"inLanguage\":\"nl-NL\",\"potentialAction\":[{\"@type\":\"ReadAction\",\"target\":[\"https:\/\/medivision.be\/fr\/oogheelkunde\/equipement-de-diagnostic\/autorefractometre\/\"]}]},{\"@type\":\"BreadcrumbList\",\"@id\":\"https:\/\/medivision.be\/fr\/oogheelkunde\/equipement-de-diagnostic\/autorefractometre\/#breadcrumb\",\"itemListElement\":[{\"@type\":\"ListItem\",\"position\":1,\"name\":\"Home\",\"item\":\"https:\/\/medivision.be\/fr\/\"},{\"@type\":\"ListItem\",\"position\":2,\"name\":\"Oogheelkunde\",\"item\":\"https:\/\/medivision.be\/fr\/oogheelkunde\/\"},{\"@type\":\"ListItem\",\"position\":3,\"name\":\"\u00c9quipement de diagnostic\",\"item\":\"https:\/\/medivision.be\/fr\/oogheelkunde\/equipement-de-diagnostic\/\"},{\"@type\":\"ListItem\",\"position\":4,\"name\":\"Autor\u00e9fractom\u00e8tre\"}]},{\"@type\":\"WebSite\",\"@id\":\"https:\/\/medivision.be\/fr\/#website\",\"url\":\"https:\/\/medivision.be\/fr\/\",\"name\":\"Medivision\",\"description\":\"Laservision Instruments B.V.\",\"publisher\":{\"@id\":\"https:\/\/medivision.be\/fr\/#organization\"},\"potentialAction\":[{\"@type\":\"SearchAction\",\"target\":{\"@type\":\"EntryPoint\",\"urlTemplate\":\"https:\/\/medivision.be\/fr\/?s={search_term_string}\"},\"query-input\":{\"@type\":\"PropertyValueSpecification\",\"valueRequired\":true,\"valueName\":\"search_term_string\"}}],\"inLanguage\":\"nl-NL\"},{\"@type\":\"Organization\",\"@id\":\"https:\/\/medivision.be\/fr\/#organization\",\"name\":\"Medivision\",\"url\":\"https:\/\/medivision.be\/fr\/\",\"logo\":{\"@type\":\"ImageObject\",\"inLanguage\":\"nl-NL\",\"@id\":\"https:\/\/medivision.be\/fr\/#\/schema\/logo\/image\/\",\"url\":\"https:\/\/medivision.be\/fr\/wp-content\/uploads\/2021\/07\/Logo_image-20210728-145414_1920px.png\",\"contentUrl\":\"https:\/\/medivision.be\/fr\/wp-content\/uploads\/2021\/07\/Logo_image-20210728-145414_1920px.png\",\"width\":1920,\"height\":456,\"caption\":\"Medivision\"},\"image\":{\"@id\":\"https:\/\/medivision.be\/fr\/#\/schema\/logo\/image\/\"}}]}<\/script>\n<!-- \/ Yoast SEO plugin. -->","yoast_head_json":{"title":"Autor\u00e9fractom\u00e8tre | Alle informatie over de funduscamera's | Medivision","description":"Een funduscamera is een speciale digitale camera die foto's maakt van het netvlies, de macula, de oogzenuwen en de bloedvaten in het oog.","robots":{"index":"index","follow":"follow","max-snippet":"max-snippet:-1","max-image-preview":"max-image-preview:large","max-video-preview":"max-video-preview:-1"},"canonical":"https:\/\/medivision.be\/fr\/oogheelkunde\/equipement-de-diagnostic\/autorefractometre\/","og_locale":"nl_NL","og_type":"article","og_title":"Autor\u00e9fractom\u00e8tre | Alle informatie over de funduscamera's | Medivision","og_description":"Een funduscamera is een speciale digitale camera die foto's maakt van het netvlies, de macula, de oogzenuwen en de bloedvaten in het oog.","og_url":"https:\/\/medivision.be\/fr\/oogheelkunde\/equipement-de-diagnostic\/autorefractometre\/","og_site_name":"Medivision","article_modified_time":"2022-03-15T14:59:21+00:00","twitter_card":"summary_large_image","twitter_misc":{"Geschatte leestijd":"3 minuten"},"schema":{"@context":"https:\/\/schema.org","@graph":[{"@type":"WebPage","@id":"https:\/\/medivision.be\/fr\/oogheelkunde\/equipement-de-diagnostic\/autorefractometre\/","url":"https:\/\/medivision.be\/fr\/oogheelkunde\/equipement-de-diagnostic\/autorefractometre\/","name":"Autor\u00e9fractom\u00e8tre | Alle informatie over de funduscamera's | Medivision","isPartOf":{"@id":"https:\/\/medivision.be\/fr\/#website"},"datePublished":"2021-08-23T10:36:14+00:00","dateModified":"2022-03-15T14:59:21+00:00","description":"Een funduscamera is een speciale digitale camera die foto's maakt van het netvlies, de macula, de oogzenuwen en de bloedvaten in het oog.","breadcrumb":{"@id":"https:\/\/medivision.be\/fr\/oogheelkunde\/equipement-de-diagnostic\/autorefractometre\/#breadcrumb"},"inLanguage":"nl-NL","potentialAction":[{"@type":"ReadAction","target":["https:\/\/medivision.be\/fr\/oogheelkunde\/equipement-de-diagnostic\/autorefractometre\/"]}]},{"@type":"BreadcrumbList","@id":"https:\/\/medivision.be\/fr\/oogheelkunde\/equipement-de-diagnostic\/autorefractometre\/#breadcrumb","itemListElement":[{"@type":"ListItem","position":1,"name":"Home","item":"https:\/\/medivision.be\/fr\/"},{"@type":"ListItem","position":2,"name":"Oogheelkunde","item":"https:\/\/medivision.be\/fr\/oogheelkunde\/"},{"@type":"ListItem","position":3,"name":"\u00c9quipement de diagnostic","item":"https:\/\/medivision.be\/fr\/oogheelkunde\/equipement-de-diagnostic\/"},{"@type":"ListItem","position":4,"name":"Autor\u00e9fractom\u00e8tre"}]},{"@type":"WebSite","@id":"https:\/\/medivision.be\/fr\/#website","url":"https:\/\/medivision.be\/fr\/","name":"Medivision","description":"Laservision Instruments B.V.","publisher":{"@id":"https:\/\/medivision.be\/fr\/#organization"},"potentialAction":[{"@type":"SearchAction","target":{"@type":"EntryPoint","urlTemplate":"https:\/\/medivision.be\/fr\/?s={search_term_string}"},"query-input":{"@type":"PropertyValueSpecification","valueRequired":true,"valueName":"search_term_string"}}],"inLanguage":"nl-NL"},{"@type":"Organization","@id":"https:\/\/medivision.be\/fr\/#organization","name":"Medivision","url":"https:\/\/medivision.be\/fr\/","logo":{"@type":"ImageObject","inLanguage":"nl-NL","@id":"https:\/\/medivision.be\/fr\/#\/schema\/logo\/image\/","url":"https:\/\/medivision.be\/fr\/wp-content\/uploads\/2021\/07\/Logo_image-20210728-145414_1920px.png","contentUrl":"https:\/\/medivision.be\/fr\/wp-content\/uploads\/2021\/07\/Logo_image-20210728-145414_1920px.png","width":1920,"height":456,"caption":"Medivision"},"image":{"@id":"https:\/\/medivision.be\/fr\/#\/schema\/logo\/image\/"}}]}},"_links":{"self":[{"href":"https:\/\/medivision.be\/fr\/wp-json\/wp\/v2\/pages\/10400","targetHints":{"allow":["GET"]}}],"collection":[{"href":"https:\/\/medivision.be\/fr\/wp-json\/wp\/v2\/pages"}],"about":[{"href":"https:\/\/medivision.be\/fr\/wp-json\/wp\/v2\/types\/page"}],"author":[{"embeddable":true,"href":"https:\/\/medivision.be\/fr\/wp-json\/wp\/v2\/users\/1"}],"replies":[{"embeddable":true,"href":"https:\/\/medivision.be\/fr\/wp-json\/wp\/v2\/comments?post=10400"}],"version-history":[{"count":6,"href":"https:\/\/medivision.be\/fr\/wp-json\/wp\/v2\/pages\/10400\/revisions"}],"predecessor-version":[{"id":11474,"href":"https:\/\/medivision.be\/fr\/wp-json\/wp\/v2\/pages\/10400\/revisions\/11474"}],"up":[{"embeddable":true,"href":"https:\/\/medivision.be\/fr\/wp-json\/wp\/v2\/pages\/912"}],"wp:attachment":[{"href":"https:\/\/medivision.be\/fr\/wp-json\/wp\/v2\/media?parent=10400"}],"wp:term":[{"taxonomy":"post_tag","embeddable":true,"href":"https:\/\/medivision.be\/fr\/wp-json\/wp\/v2\/tags?post=10400"}],"curies":[{"name":"wp","href":"https:\/\/api.w.org\/{rel}","templated":true}]}}