{"id":10715,"date":"2021-08-25T15:46:24","date_gmt":"2021-08-25T13:46:24","guid":{"rendered":"https:\/\/medivision.be\/fr\/?page_id=10715"},"modified":"2022-03-15T18:47:48","modified_gmt":"2022-03-15T17:47:48","slug":"slt-lasers","status":"publish","type":"page","link":"https:\/\/medivision.be\/fr\/oogheelkunde\/equipement-laser\/slt-lasers\/","title":{"rendered":"YAG\/SLT Laser"},"content":{"rendered":"<p><div id=\"thz-section-holder-s46ffcf99\" class=\"thz-section-holder section-notcontained thz-mobile-hidden none\" data-view-brightness=\"none\">\r\n\t<section class=\"thz-section\">\r\n\t\t<div class=\"thz-section-in\">\r\n\t\t\t\t\t<div class=\"thz-container content-contained thz-site-width\">\r\n\t\t\t\t\t\t\t<\/div>\r\n\t\t\t\t<\/div>\r\n\t\t<div class=\"thz-bglayer-container\"><div id=\"thz-bglayer-d63914de\" class=\"thz-basic-bglayer\"><\/div><div id=\"thz-bglayer-bc882306\" class=\"thz-basic-bglayer\"><\/div><\/div>\t\t<\/section>\r\n<\/div>\r\n<div id=\"posts-grid\" class=\"thz-section-holder section-notcontained none\" data-view-brightness=\"none\">\r\n\t<section class=\"thz-section\">\r\n\t\t<div class=\"thz-section-in\">\r\n\t\t\t\t\t<div class=\"thz-container content-contained thz-site-width\">\r\n\t\t\t\t<div class=\"thz-row\">\r\n\t<div id=\"thz-column-c11bf96b2\" class=\"thz-column thz-col-1 fstart\">\r\n\t<div class=\"thz-column-container\">\r\n        <div class=\"thz-column-in\">\r\n                        <div class=\"thz-column-shortcodes\">\t\r\n                <div id=\"thz-sh-efc4665b\" class=\"thz-shc thz-heading thz-sh-efc4665b thz-sh-plain thz-sh-pos-both\">\r\n\t<div class=\"thz-heading-holder\">\r\n\t\t\t\t\t\t\t<\/div>\r\n<\/div><div id=\"thz-posts-1acc7ace\" class=\"thz-shc thz-items-grid-holder thz-is-isotope thz-posts-holder thz-items-grid-thz-ratio-1-1 thz-grid-has-col-4 thz-lightbox-mode-single thz-mfp-hide-slider\">\r\n                     <ul id=\"thz-posts-filter-1acc7ace\" class=\"thz-items-grid-categories thz-posts-filter\">\r\n                <li class=\"thz-items-categories-item\">\r\n                    <a class=\"active thz-posts-filter-link\" href='#' data-filter-value=\".category_all\">\r\n                        All                    <\/a>\r\n                <\/li>\r\n                                <li class=\"thz-items-categories-item\">\r\n                    <a class=\"thz-posts-filter-link\" href='#' data-filter-value=\".category_596\">\r\n                        YAG\/SLT laser                    <\/a>\r\n                <\/li>\r\n                            <\/ul>\r\n         \t\t<div id=\"thz-posts-1acc7ace-inner\" class=\"thz-items-grid thz-items-display-introunder\" data-maxpages=\"1\" data-pagination=\"click\" data-itemsload=\"12\" data-layout-type=\"thz-ratio-1-1\" data-display-mode=\"introunder\" data-shortcodeid=\"1acc7ace\" data-objectid=\"912\" data-isotope-mode=\"packery\" data-minwidth=\"230\">\r\n\t\t\t            <div class=\"thz-items-sizer\"><\/div>\r\n                   \r\n                 \r\n\t\t\t<div class=\"thz-grid-item category_all category_22 category_596 thz-posts-item-10601 thz-grid-item-odd\" data-itemid=\"10601\" data-mode=\"introunder\" data-cats=\"{&amp;quot;category_22&amp;quot;:&amp;quot;\\u00c9quipement laser&amp;quot;,&amp;quot;category_596&amp;quot;:&amp;quot;YAG\\\/SLT laser&amp;quot;}\">\t<div class=\"thz-grid-item-in\">\r\n    \t\t\t<div class=\"thz-grid-item-media-holder\">\r\n\t\t\t<div class=\"thz-grid-item-media\">\r\n\t\t\t\t\t\t\t\t\t            <div class=\"thz-aspect thz-ratio-1-1\">\r\n            <div class=\"thz-ratio-in\">\r\n                                <div class=\"thz-hover thz-hover-img-mask thz-hover-bg-none thz-hover-fadein thz-img-none thz-transease-04 thz-items-grid-image\" style=\"background-image:url(https:\/\/medivision.be\/fr\/wp-content\/uploads\/2021\/08\/55548-400x300-1-350x263.jpeg);\">\r\n\t\t\t\t\t                                         \r\n                    <div class=\"thz-hover-mask thz-transease-04\">                        <div class=\"thz-hover-mask-table\">\r\n                            <a class=\"thz-hover-link\" href=\"https:\/\/medivision.be\/fr\/product\/lumenis-selecta-duet\/\"><\/a>\r\n                                                        <div class=\"thz-hover-icons thz-comein-none thz-transease-05\">\r\n                                <a class=\"thz-hover-icon thz-hover-media-icon circle thz-fs-16 thz-vp-10 thz-hp-10 thz-lightbox mfp-image\" href=\"#\" data-mfp-src=\"https:\/\/medivision.be\/fr\/wp-content\/uploads\/2021\/08\/55548-400x300-1.jpeg\" data-bg=\"mfp-dark\" data-opacity=\"mfp-opacity-08\" data-effect=\"mfp-zoom-out\" data-mfp-title=\"55548-400x300\" data-modal-size=\"large\"><span class=\"thzicon thzicon-plus\"><\/span><\/a>                            <\/div>                        <\/div>\r\n                    <\/div>\r\n                                    <\/div>\r\n                            <\/div>\r\n        <\/div>\r\n                                        \t\t\t<\/div>\r\n\t\t<\/div>\r\n                \t\t<div class=\"thz-grid-item-intro-holder\">\r\n        \t\t\t\t<div class=\"thz-grid-item-poz\">\r\n\t\t\t\t<div class=\"thz-grid-item-intro thz-align-left\">\r\n\t\t\t\t\t\t\t\t\t\t                    \t\t\t\t\t\t\t\t\t\t<h3 class=\"thz-grid-item-title\">\r\n\t\t\t\t\t\t<a href=\"https:\/\/medivision.be\/fr\/product\/lumenis-selecta-duet\/\">\r\n\t\t\t\t\t\t\tSelecta Duet\t\t\t\t\t\t<\/a>\r\n\t\t\t\t\t<\/h3>\r\n\t\t\t\t\t                    \t\t\t\t\t\t\t\t\t\t\t\t\t\t\t\t\t\t\t\t<div class=\"thz-grid-item-intro-text\">\r\n\t\t\t\t\t\t<ul>\r\n    <li>Microscope \u00e0 lampe \u00e0 fente int\u00e9gr\u00e9<\/li>\r\n    <li>YAG et SLT dans un seul syst\u00e8me<\/li>\r\n    <li>Extr\u00eamement pr\u00e9cis<\/li>\r\n<\/ul>\r\n\r\n\r\n\r\n\t\t\t\t\t<\/div>\r\n\t\t\t\t\t\t\t\t\t\t\t\t\t\t\t<div class=\"thz-grid-item-button\">\r\n\t\t\t\t\t\t<div class=\"thz-btn-container thz-custom-btn-44726 ctm-btn thz-mt-24\"><a class=\"thz-button thz-btn-large thz-radius-8 thz-btn-border-1 thz-align-center\" href=\"https:\/\/medivision.be\/fr\/product\/lumenis-selecta-duet\/\"><span class=\"thz-btn-text thz-fs-16 thz-fw-600\">Plus d\u2019information<\/span><\/a><\/div>\t\t\t\t\t<\/div>\r\n\t\t\t\t\t                    \t\t\t\t\t                    \r\n\t\t\t\t<\/div>\r\n\t\t\t<\/div>\r\n\t\t\t\t\t<\/div>\r\n        \t<\/div><\/div>                 \r\n\t\t<\/div>\r\n        \t\t        <div class=\"thz-items-gutter-adjust\"><\/div>\r\n                 \r\n\t\t\t\t\t<div class=\"thz-items-loading\"><\/div>\r\n\t\t\t\t\t<div id=\"thz-portfolio-scrollto-1acc7ace\" class=\"thz-items-scrollto\"><\/div>\r\n        <\/div>\r\n            <\/div>\r\n                                            <\/div>\r\n    <\/div>\r\n<\/div><\/div>\t\t\t<\/div>\r\n\t\t\t\t<\/div>\r\n\t\t\t\t<\/section>\r\n<\/div>\r\n<div id=\"thz-section-holder-sc958a0c0\" class=\"thz-section-holder section-notcontained none\" data-view-brightness=\"none\">\r\n\t<section class=\"thz-section\">\r\n\t\t<div class=\"thz-section-in\">\r\n\t\t\t\t\t<div class=\"thz-container content-contained thz-site-width\">\r\n\t\t\t\t\t\t\t<\/div>\r\n\t\t\t\t<\/div>\r\n\t\t\t\t<\/section>\r\n<\/div>\r\n<\/p>\n","protected":false},"excerpt":{"rendered":"<p>LUMENIS Selecta Duet | Laser YAG\/SLT\u00a0Le Selecta Duet est le seul laser YAG et SLT disponible au monde. Ce laser avanc\u00e9 peut \u00eatre \u00e9tendu avec un laser de photocoagulation vert. De plus, le Selecta Duet dispose d&#8217;un microscope \u00e0 lampe \u00e0 fente int\u00e9gr\u00e9.&nbsp; Le syst\u00e8me est \u00e9galement complet avec une table \u00e0 instruments mobile accessible en fauteuil roulant, ce qui, avec le mode de faisceau gaussien moderne, conf\u00e8re au Selecta Duet une qualit\u00e9 et une pr\u00e9cision plus qu\u2019excellentes. Demander un devis Informations Caract\u00e9ristiques Demander une d\u00e9mo Une technologie SLT r\u00e9volutionnaire et laser YAG dans un seul syst\u00e8me!\u00a0Une coupe de tissus s\u00fbre, pr\u00e9cise et efficace\u00a0Le Selecta Duet effectue automatiquement des tests internes. Ainsi, le syst\u00e8me garantit que chaque impulsion laser r\u00e9pond exactement \u00e0 vos besoins de puissance. Avec l&#8217;unit\u00e9 de contr\u00f4le secondaire avanc\u00e9e, le Selecta Duet garantit la pr\u00e9cision de la puissance de chaque tir laser. De plus, le cristal KTP unique \u00e0 temp\u00e9rature contr\u00f4l\u00e9e garantit la pr\u00e9cision et la stabilit\u00e9 continues du faisceau laser de 532 nm (vert). Enfin, la s\u00e9lection avanc\u00e9e des composants, la technologie laser et l&#8217;optique de la lampe \u00e0 fente vous permettent d&#8217;obtenir de ce robuste syst\u00e8me laser des performances optimales.Le Selecta Duet a un profil [&hellip;]<\/p>\n","protected":false},"author":1,"featured_media":0,"parent":1294,"menu_order":0,"comment_status":"closed","ping_status":"closed","template":"template-parts\/page-builder.php","meta":{"footnotes":""},"tags":[],"class_list":["post-10715","page","type-page","status-publish","hentry"],"acf":[],"yoast_head":"<!-- This site is optimized with the Yoast SEO plugin v26.5 - https:\/\/yoast.com\/wordpress\/plugins\/seo\/ -->\n<title>YAG\/SLT Laser | Medivision<\/title>\n<meta name=\"robots\" content=\"index, follow, max-snippet:-1, max-image-preview:large, max-video-preview:-1\" \/>\n<link rel=\"canonical\" href=\"https:\/\/medivision.be\/fr\/oogheelkunde\/equipement-laser\/slt-lasers\/\" \/>\n<meta property=\"og:locale\" content=\"nl_NL\" \/>\n<meta property=\"og:type\" content=\"article\" \/>\n<meta property=\"og:title\" content=\"YAG\/SLT Laser | Medivision\" \/>\n<meta property=\"og:description\" content=\"LUMENIS Selecta Duet | Laser YAG\/SLT\u00a0Le Selecta Duet est le seul laser YAG et SLT disponible au monde. Ce laser avanc\u00e9 peut \u00eatre \u00e9tendu avec un laser de photocoagulation vert. De plus, le Selecta Duet dispose d&#039;un microscope \u00e0 lampe \u00e0 fente int\u00e9gr\u00e9.&nbsp; Le syst\u00e8me est \u00e9galement complet avec une table \u00e0 instruments mobile accessible en fauteuil roulant, ce qui, avec le mode de faisceau gaussien moderne, conf\u00e8re au Selecta Duet une qualit\u00e9 et une pr\u00e9cision plus qu\u2019excellentes. Demander un devis Informations Caract\u00e9ristiques Demander une d\u00e9mo Une technologie SLT r\u00e9volutionnaire et laser YAG dans un seul syst\u00e8me!\u00a0Une coupe de tissus s\u00fbre, pr\u00e9cise et efficace\u00a0Le Selecta Duet effectue automatiquement des tests internes. Ainsi, le syst\u00e8me garantit que chaque impulsion laser r\u00e9pond exactement \u00e0 vos besoins de puissance. Avec l&#039;unit\u00e9 de contr\u00f4le secondaire avanc\u00e9e, le Selecta Duet garantit la pr\u00e9cision de la puissance de chaque tir laser. De plus, le cristal KTP unique \u00e0 temp\u00e9rature contr\u00f4l\u00e9e garantit la pr\u00e9cision et la stabilit\u00e9 continues du faisceau laser de 532 nm (vert). Enfin, la s\u00e9lection avanc\u00e9e des composants, la technologie laser et l&#039;optique de la lampe \u00e0 fente vous permettent d&#039;obtenir de ce robuste syst\u00e8me laser des performances optimales.Le Selecta Duet a un profil [&hellip;]\" \/>\n<meta property=\"og:url\" content=\"https:\/\/medivision.be\/fr\/oogheelkunde\/equipement-laser\/slt-lasers\/\" \/>\n<meta property=\"og:site_name\" content=\"Medivision\" \/>\n<meta property=\"article:modified_time\" content=\"2022-03-15T17:47:48+00:00\" \/>\n<meta name=\"twitter:card\" content=\"summary_large_image\" \/>\n<script type=\"application\/ld+json\" class=\"yoast-schema-graph\">{\"@context\":\"https:\/\/schema.org\",\"@graph\":[{\"@type\":\"WebPage\",\"@id\":\"https:\/\/medivision.be\/fr\/oogheelkunde\/equipement-laser\/slt-lasers\/\",\"url\":\"https:\/\/medivision.be\/fr\/oogheelkunde\/equipement-laser\/slt-lasers\/\",\"name\":\"YAG\/SLT Laser | Medivision\",\"isPartOf\":{\"@id\":\"https:\/\/medivision.be\/fr\/#website\"},\"datePublished\":\"2021-08-25T13:46:24+00:00\",\"dateModified\":\"2022-03-15T17:47:48+00:00\",\"breadcrumb\":{\"@id\":\"https:\/\/medivision.be\/fr\/oogheelkunde\/equipement-laser\/slt-lasers\/#breadcrumb\"},\"inLanguage\":\"nl-NL\",\"potentialAction\":[{\"@type\":\"ReadAction\",\"target\":[\"https:\/\/medivision.be\/fr\/oogheelkunde\/equipement-laser\/slt-lasers\/\"]}]},{\"@type\":\"BreadcrumbList\",\"@id\":\"https:\/\/medivision.be\/fr\/oogheelkunde\/equipement-laser\/slt-lasers\/#breadcrumb\",\"itemListElement\":[{\"@type\":\"ListItem\",\"position\":1,\"name\":\"Home\",\"item\":\"https:\/\/medivision.be\/fr\/\"},{\"@type\":\"ListItem\",\"position\":2,\"name\":\"Oogheelkunde\",\"item\":\"https:\/\/medivision.be\/fr\/oogheelkunde\/\"},{\"@type\":\"ListItem\",\"position\":3,\"name\":\"\u00c9quipement laser\",\"item\":\"https:\/\/medivision.be\/fr\/oogheelkunde\/equipement-laser\/\"},{\"@type\":\"ListItem\",\"position\":4,\"name\":\"YAG\/SLT Laser\"}]},{\"@type\":\"WebSite\",\"@id\":\"https:\/\/medivision.be\/fr\/#website\",\"url\":\"https:\/\/medivision.be\/fr\/\",\"name\":\"Medivision\",\"description\":\"Laservision Instruments B.V.\",\"publisher\":{\"@id\":\"https:\/\/medivision.be\/fr\/#organization\"},\"potentialAction\":[{\"@type\":\"SearchAction\",\"target\":{\"@type\":\"EntryPoint\",\"urlTemplate\":\"https:\/\/medivision.be\/fr\/?s={search_term_string}\"},\"query-input\":{\"@type\":\"PropertyValueSpecification\",\"valueRequired\":true,\"valueName\":\"search_term_string\"}}],\"inLanguage\":\"nl-NL\"},{\"@type\":\"Organization\",\"@id\":\"https:\/\/medivision.be\/fr\/#organization\",\"name\":\"Medivision\",\"url\":\"https:\/\/medivision.be\/fr\/\",\"logo\":{\"@type\":\"ImageObject\",\"inLanguage\":\"nl-NL\",\"@id\":\"https:\/\/medivision.be\/fr\/#\/schema\/logo\/image\/\",\"url\":\"https:\/\/medivision.be\/fr\/wp-content\/uploads\/2021\/07\/Logo_image-20210728-145414_1920px.png\",\"contentUrl\":\"https:\/\/medivision.be\/fr\/wp-content\/uploads\/2021\/07\/Logo_image-20210728-145414_1920px.png\",\"width\":1920,\"height\":456,\"caption\":\"Medivision\"},\"image\":{\"@id\":\"https:\/\/medivision.be\/fr\/#\/schema\/logo\/image\/\"}}]}<\/script>\n<!-- \/ Yoast SEO plugin. -->","yoast_head_json":{"title":"YAG\/SLT Laser | Medivision","robots":{"index":"index","follow":"follow","max-snippet":"max-snippet:-1","max-image-preview":"max-image-preview:large","max-video-preview":"max-video-preview:-1"},"canonical":"https:\/\/medivision.be\/fr\/oogheelkunde\/equipement-laser\/slt-lasers\/","og_locale":"nl_NL","og_type":"article","og_title":"YAG\/SLT Laser | Medivision","og_description":"LUMENIS Selecta Duet | Laser YAG\/SLT\u00a0Le Selecta Duet est le seul laser YAG et SLT disponible au monde. Ce laser avanc\u00e9 peut \u00eatre \u00e9tendu avec un laser de photocoagulation vert. De plus, le Selecta Duet dispose d'un microscope \u00e0 lampe \u00e0 fente int\u00e9gr\u00e9.&nbsp; Le syst\u00e8me est \u00e9galement complet avec une table \u00e0 instruments mobile accessible en fauteuil roulant, ce qui, avec le mode de faisceau gaussien moderne, conf\u00e8re au Selecta Duet une qualit\u00e9 et une pr\u00e9cision plus qu\u2019excellentes. Demander un devis Informations Caract\u00e9ristiques Demander une d\u00e9mo Une technologie SLT r\u00e9volutionnaire et laser YAG dans un seul syst\u00e8me!\u00a0Une coupe de tissus s\u00fbre, pr\u00e9cise et efficace\u00a0Le Selecta Duet effectue automatiquement des tests internes. Ainsi, le syst\u00e8me garantit que chaque impulsion laser r\u00e9pond exactement \u00e0 vos besoins de puissance. Avec l'unit\u00e9 de contr\u00f4le secondaire avanc\u00e9e, le Selecta Duet garantit la pr\u00e9cision de la puissance de chaque tir laser. De plus, le cristal KTP unique \u00e0 temp\u00e9rature contr\u00f4l\u00e9e garantit la pr\u00e9cision et la stabilit\u00e9 continues du faisceau laser de 532 nm (vert). Enfin, la s\u00e9lection avanc\u00e9e des composants, la technologie laser et l'optique de la lampe \u00e0 fente vous permettent d'obtenir de ce robuste syst\u00e8me laser des performances optimales.Le Selecta Duet a un profil [&hellip;]","og_url":"https:\/\/medivision.be\/fr\/oogheelkunde\/equipement-laser\/slt-lasers\/","og_site_name":"Medivision","article_modified_time":"2022-03-15T17:47:48+00:00","twitter_card":"summary_large_image","schema":{"@context":"https:\/\/schema.org","@graph":[{"@type":"WebPage","@id":"https:\/\/medivision.be\/fr\/oogheelkunde\/equipement-laser\/slt-lasers\/","url":"https:\/\/medivision.be\/fr\/oogheelkunde\/equipement-laser\/slt-lasers\/","name":"YAG\/SLT Laser | Medivision","isPartOf":{"@id":"https:\/\/medivision.be\/fr\/#website"},"datePublished":"2021-08-25T13:46:24+00:00","dateModified":"2022-03-15T17:47:48+00:00","breadcrumb":{"@id":"https:\/\/medivision.be\/fr\/oogheelkunde\/equipement-laser\/slt-lasers\/#breadcrumb"},"inLanguage":"nl-NL","potentialAction":[{"@type":"ReadAction","target":["https:\/\/medivision.be\/fr\/oogheelkunde\/equipement-laser\/slt-lasers\/"]}]},{"@type":"BreadcrumbList","@id":"https:\/\/medivision.be\/fr\/oogheelkunde\/equipement-laser\/slt-lasers\/#breadcrumb","itemListElement":[{"@type":"ListItem","position":1,"name":"Home","item":"https:\/\/medivision.be\/fr\/"},{"@type":"ListItem","position":2,"name":"Oogheelkunde","item":"https:\/\/medivision.be\/fr\/oogheelkunde\/"},{"@type":"ListItem","position":3,"name":"\u00c9quipement laser","item":"https:\/\/medivision.be\/fr\/oogheelkunde\/equipement-laser\/"},{"@type":"ListItem","position":4,"name":"YAG\/SLT Laser"}]},{"@type":"WebSite","@id":"https:\/\/medivision.be\/fr\/#website","url":"https:\/\/medivision.be\/fr\/","name":"Medivision","description":"Laservision Instruments B.V.","publisher":{"@id":"https:\/\/medivision.be\/fr\/#organization"},"potentialAction":[{"@type":"SearchAction","target":{"@type":"EntryPoint","urlTemplate":"https:\/\/medivision.be\/fr\/?s={search_term_string}"},"query-input":{"@type":"PropertyValueSpecification","valueRequired":true,"valueName":"search_term_string"}}],"inLanguage":"nl-NL"},{"@type":"Organization","@id":"https:\/\/medivision.be\/fr\/#organization","name":"Medivision","url":"https:\/\/medivision.be\/fr\/","logo":{"@type":"ImageObject","inLanguage":"nl-NL","@id":"https:\/\/medivision.be\/fr\/#\/schema\/logo\/image\/","url":"https:\/\/medivision.be\/fr\/wp-content\/uploads\/2021\/07\/Logo_image-20210728-145414_1920px.png","contentUrl":"https:\/\/medivision.be\/fr\/wp-content\/uploads\/2021\/07\/Logo_image-20210728-145414_1920px.png","width":1920,"height":456,"caption":"Medivision"},"image":{"@id":"https:\/\/medivision.be\/fr\/#\/schema\/logo\/image\/"}}]}},"_links":{"self":[{"href":"https:\/\/medivision.be\/fr\/wp-json\/wp\/v2\/pages\/10715","targetHints":{"allow":["GET"]}}],"collection":[{"href":"https:\/\/medivision.be\/fr\/wp-json\/wp\/v2\/pages"}],"about":[{"href":"https:\/\/medivision.be\/fr\/wp-json\/wp\/v2\/types\/page"}],"author":[{"embeddable":true,"href":"https:\/\/medivision.be\/fr\/wp-json\/wp\/v2\/users\/1"}],"replies":[{"embeddable":true,"href":"https:\/\/medivision.be\/fr\/wp-json\/wp\/v2\/comments?post=10715"}],"version-history":[{"count":4,"href":"https:\/\/medivision.be\/fr\/wp-json\/wp\/v2\/pages\/10715\/revisions"}],"predecessor-version":[{"id":11546,"href":"https:\/\/medivision.be\/fr\/wp-json\/wp\/v2\/pages\/10715\/revisions\/11546"}],"up":[{"embeddable":true,"href":"https:\/\/medivision.be\/fr\/wp-json\/wp\/v2\/pages\/1294"}],"wp:attachment":[{"href":"https:\/\/medivision.be\/fr\/wp-json\/wp\/v2\/media?parent=10715"}],"wp:term":[{"taxonomy":"post_tag","embeddable":true,"href":"https:\/\/medivision.be\/fr\/wp-json\/wp\/v2\/tags?post=10715"}],"curies":[{"name":"wp","href":"https:\/\/api.w.org\/{rel}","templated":true}]}}