{"id":119,"date":"2019-04-24T10:44:01","date_gmt":"2019-04-24T10:44:01","guid":{"rendered":"https:\/\/medivision.be\/fr\/?page_id=119"},"modified":"2022-03-15T18:59:28","modified_gmt":"2022-03-15T17:59:28","slug":"contact","status":"publish","type":"page","link":"https:\/\/medivision.be\/fr\/contact\/","title":{"rendered":"Contact"},"content":{"rendered":"<p><div id=\"thz-section-holder-sbfcfc878\" class=\"thz-section-holder section-notcontained none\" data-view-brightness=\"none\">\r\n\t<section class=\"thz-section\">\r\n\t\t<div class=\"thz-section-in\">\r\n\t\t\t\t\t<div class=\"thz-container content-contained thz-site-width\">\r\n\t\t\t\t\t\t\t<\/div>\r\n\t\t\t\t<\/div>\r\n\t\t<div class=\"thz-bglayer-container\"><div id=\"thz-bglayer-eb3d31aa\" class=\"thz-basic-bglayer\"><\/div><div id=\"thz-bglayer-c0bf77a7\" class=\"products-hero thz-basic-bglayer\"><\/div><div id=\"thz-bglayer-367a61ff\" class=\"thz-basic-bglayer thz-tablet-hidden thz-mobile-hidden\"><\/div><\/div>\t\t<\/section>\r\n<\/div>\r\n<div id=\"thz-section-holder-scdcb6ba6\" class=\"thz-section-holder section-notcontained none\" data-view-brightness=\"none\">\r\n\t<section class=\"thz-section\">\r\n\t\t<div class=\"thz-section-in\">\r\n\t\t\t\t\t<div class=\"thz-container content-contained thz-site-width\">\r\n\t\t\t\t<div class=\"thz-row\">\r\n\t<div id=\"thz-column-c20094a58\" class=\"thz-column thz-col-2-3 fstart\">\r\n\t<div class=\"thz-column-container\">\r\n        <div class=\"thz-column-in\">\r\n                        <div class=\"thz-column-shortcodes\">\t\r\n                <div id=\"thz-sh-de9e6cf5\" class=\"thz-shc thz-heading thz-sh-de9e6cf5 thz-sh-plain thz-sh-pos-both\">\r\n\t<div class=\"thz-heading-holder\">\r\n\t\t\t\t<h1 class=\"thz-heading-title\">Contact<\/h1>\t\t\t<\/div>\r\n<\/div><div id=\"thz-parse-shortcode-block-fa0ccd91\" class=\"thz-shc thz-parse-shortcode-block gravityform\"><script type=\"text\/javascript\">\n\/* <![CDATA[ *\/\nvar gform;gform||(document.addEventListener(\"gform_main_scripts_loaded\",function(){gform.scriptsLoaded=!0}),document.addEventListener(\"gform\/theme\/scripts_loaded\",function(){gform.themeScriptsLoaded=!0}),window.addEventListener(\"DOMContentLoaded\",function(){gform.domLoaded=!0}),gform={domLoaded:!1,scriptsLoaded:!1,themeScriptsLoaded:!1,isFormEditor:()=>\"function\"==typeof InitializeEditor,callIfLoaded:function(o){return!(!gform.domLoaded||!gform.scriptsLoaded||!gform.themeScriptsLoaded&&!gform.isFormEditor()||(gform.isFormEditor()&&console.warn(\"The use of gform.initializeOnLoaded() is deprecated in the form editor context and will be removed in Gravity Forms 3.1.\"),o(),0))},initializeOnLoaded:function(o){gform.callIfLoaded(o)||(document.addEventListener(\"gform_main_scripts_loaded\",()=>{gform.scriptsLoaded=!0,gform.callIfLoaded(o)}),document.addEventListener(\"gform\/theme\/scripts_loaded\",()=>{gform.themeScriptsLoaded=!0,gform.callIfLoaded(o)}),window.addEventListener(\"DOMContentLoaded\",()=>{gform.domLoaded=!0,gform.callIfLoaded(o)}))},hooks:{action:{},filter:{}},addAction:function(o,r,e,t){gform.addHook(\"action\",o,r,e,t)},addFilter:function(o,r,e,t){gform.addHook(\"filter\",o,r,e,t)},doAction:function(o){gform.doHook(\"action\",o,arguments)},applyFilters:function(o){return gform.doHook(\"filter\",o,arguments)},removeAction:function(o,r){gform.removeHook(\"action\",o,r)},removeFilter:function(o,r,e){gform.removeHook(\"filter\",o,r,e)},addHook:function(o,r,e,t,n){null==gform.hooks[o][r]&&(gform.hooks[o][r]=[]);var d=gform.hooks[o][r];null==n&&(n=r+\"_\"+d.length),gform.hooks[o][r].push({tag:n,callable:e,priority:t=null==t?10:t})},doHook:function(r,o,e){var t;if(e=Array.prototype.slice.call(e,1),null!=gform.hooks[r][o]&&((o=gform.hooks[r][o]).sort(function(o,r){return o.priority-r.priority}),o.forEach(function(o){\"function\"!=typeof(t=o.callable)&&(t=window[t]),\"action\"==r?t.apply(null,e):e[0]=t.apply(null,e)})),\"filter\"==r)return e[0]},removeHook:function(o,r,t,n){var e;null!=gform.hooks[o][r]&&(e=(e=gform.hooks[o][r]).filter(function(o,r,e){return!!(null!=n&&n!=o.tag||null!=t&&t!=o.priority)}),gform.hooks[o][r]=e)}});\n\/* ]]> *\/\n<\/script>\n\n                <div class='gf_browser_gecko gform_wrapper gform_legacy_markup_wrapper gform-theme--no-framework' data-form-theme='legacy' data-form-index='0' id='gform_wrapper_4' ><form method='post' enctype='multipart\/form-data'  id='gform_4'  action='\/fr\/wp-json\/wp\/v2\/pages\/119' data-formid='4' novalidate>\n                        <div class='gform-body gform_body'><ul id='gform_fields_4' class='gform_fields top_label form_sublabel_below description_below validation_below'><li id=\"field_4_2\" class=\"gfield gfield--type-text gfield--input-type-text gfield_contains_required field_sublabel_below gfield--no-description field_description_below field_validation_below gfield_visibility_visible\"  ><label class='gfield_label gform-field-label' for='input_4_2'>Pr\u00e9nom et nom<span class=\"gfield_required\"><span class=\"gfield_required gfield_required_asterisk\">*<\/span><\/span><\/label><div class='ginput_container ginput_container_text'><input name='input_2' id='input_4_2' type='text' value='' class='medium'     aria-required=\"true\" aria-invalid=\"false\"   \/><\/div><\/li><li id=\"field_4_3\" class=\"gfield gfield--type-text gfield--input-type-text gfield_contains_required field_sublabel_below gfield--no-description field_description_below field_validation_below gfield_visibility_visible\"  ><label class='gfield_label gform-field-label' for='input_4_3'>Nom de l&#039;entreprise<span class=\"gfield_required\"><span class=\"gfield_required gfield_required_asterisk\">*<\/span><\/span><\/label><div class='ginput_container ginput_container_text'><input name='input_3' id='input_4_3' type='text' value='' class='medium'     aria-required=\"true\" aria-invalid=\"false\"   \/><\/div><\/li><li id=\"field_4_7\" class=\"gfield gfield--type-phone gfield--input-type-phone gfield_contains_required field_sublabel_below gfield--no-description field_description_below field_validation_below gfield_visibility_visible\"  ><label class='gfield_label gform-field-label' for='input_4_7'>Num\u00e9ro de t\u00e9l\u00e9phone<span class=\"gfield_required\"><span class=\"gfield_required gfield_required_asterisk\">*<\/span><\/span><\/label><div class='ginput_container ginput_container_phone'><input name='input_7' id='input_4_7' type='tel' value='' class='medium'   aria-required=\"true\" aria-invalid=\"false\"   \/><\/div><\/li><li id=\"field_4_5\" class=\"gfield gfield--type-email gfield--input-type-email gfield_contains_required field_sublabel_below gfield--no-description field_description_below field_validation_below gfield_visibility_visible\"  ><label class='gfield_label gform-field-label' for='input_4_5'>Adresse e-mail<span class=\"gfield_required\"><span class=\"gfield_required gfield_required_asterisk\">*<\/span><\/span><\/label><div class='ginput_container ginput_container_email'>\n                            <input name='input_5' id='input_4_5' type='email' value='' class='medium'    aria-required=\"true\" aria-invalid=\"false\"  \/>\n                        <\/div><\/li><li id=\"field_4_9\" class=\"gfield gfield--type-text gfield--input-type-text gfield--width-full field_sublabel_below gfield--no-description field_description_below field_validation_below gfield_visibility_visible\"  ><label class='gfield_label gform-field-label' for='input_4_9'>Vous avez une question sur un appareil? Si oui, laquelle ?<\/label><div class='ginput_container ginput_container_text'><input name='input_9' id='input_4_9' type='text' value='' class='large'      aria-invalid=\"false\"   \/><\/div><\/li><li id=\"field_4_6\" class=\"gfield gfield--type-textarea gfield--input-type-textarea gfield_contains_required field_sublabel_below gfield--no-description field_description_below field_validation_below gfield_visibility_visible\"  ><label class='gfield_label gform-field-label' for='input_4_6'>Votre message<span class=\"gfield_required\"><span class=\"gfield_required gfield_required_asterisk\">*<\/span><\/span><\/label><div class='ginput_container ginput_container_textarea'><textarea name='input_6' id='input_4_6' class='textarea medium'     aria-required=\"true\" aria-invalid=\"false\"   rows='10' cols='50'><\/textarea><\/div><\/li><\/ul><\/div>\n        <div class='gform-footer gform_footer top_label'> <div class=\"gf-turnstile-container\"> <div id=\"cf-turnstile-gf-4\" class=\"cf-turnstile\" data-sitekey=\"0x4AAAAAAB6uimmwtRsizx3R\" data-theme=\"light\" data-language=\"auto\" data-size=\"normal\" data-retry=\"auto\" data-retry-interval=\"1000\" data-action=\"gravity-form-4\" data-appearance=\"always\"><\/div> <script>document.addEventListener(\"DOMContentLoaded\", function() { setTimeout(function(){ var e=document.getElementById(\"cf-turnstile-gf-4\"); e&&!e.innerHTML.trim()&&(turnstile.remove(\"#cf-turnstile-gf-4\"), turnstile.render(\"#cf-turnstile-gf-4\", {sitekey:\"0x4AAAAAAB6uimmwtRsizx3R\"})); }, 0); });<\/script> <br class=\"cf-turnstile-br cf-turnstile-br-gf-4\"> <style>#cf-turnstile-gf-4 { margin-left: -15px; }<\/style> <\/div> <style> .gf-turnstile-container { width: 100%; } .gform_footer.top_label { display: flex; flex-wrap: wrap; } <\/style> <script>document.addEventListener(\"DOMContentLoaded\", function() {document.addEventListener('gform\/post_render', function handlePostRender(event) {if (event.detail.formId !== 4) {return;}gform.utils.addAsyncFilter('gform\/submission\/pre_submission', async function handlePreSubmission(data) {document.addEventListener('gform\/post_render', function rerenderTurnstile(event) {if (event.detail.formId !== 4) {return;}const turnstileElement = document.getElementById('cf-turnstile-gf-4');if (turnstileElement) {turnstile.remove('#cf-turnstile-gf-4');turnstile.render('#cf-turnstile-gf-4');}document.removeEventListener('gform\/post_render', rerenderTurnstile);});gform.utils.removeFilter('gform\/submission\/pre_submission', handlePreSubmission);return data;});document.removeEventListener('gform\/post_render', handlePostRender);});});<\/script><input type='submit' id='gform_submit_button_4' class='gform_button button' onclick='gform.submission.handleButtonClick(this);' data-submission-type='submit' value='Envoyer'  \/> \n            <input type='hidden' class='gform_hidden' name='gform_submission_method' data-js='gform_submission_method_4' value='postback' \/>\n            <input type='hidden' class='gform_hidden' name='gform_theme' data-js='gform_theme_4' id='gform_theme_4' value='legacy' \/>\n            <input type='hidden' class='gform_hidden' name='gform_style_settings' data-js='gform_style_settings_4' id='gform_style_settings_4' value='[]' \/>\n            <input type='hidden' class='gform_hidden' name='is_submit_4' value='1' \/>\n            <input type='hidden' class='gform_hidden' name='gform_submit' value='4' \/>\n            \n            <input type='hidden' class='gform_hidden' name='gform_currency' data-currency='EUR' value='L9p+gBuW8srfgBGoLPHmQFVdYFlVO4iBL+mslp0K+nb0om47boFa6jfG1F6VX6m8WHJtSdfQ5nsaSdRFZgdwOeYNr68r0WP5R1ltGZRn3zxKfuU=' \/>\n            <input type='hidden' class='gform_hidden' name='gform_unique_id' value='' \/>\n            <input type='hidden' class='gform_hidden' name='state_4' value='WyJbXSIsIjMyNmE4YjUzZTQzZjBkMzU1NDhkNTdhOTM2YTBjZGQ1Il0=' \/>\n            <input type='hidden' autocomplete='off' class='gform_hidden' name='gform_target_page_number_4' id='gform_target_page_number_4' value='0' \/>\n            <input type='hidden' autocomplete='off' class='gform_hidden' name='gform_source_page_number_4' id='gform_source_page_number_4' value='1' \/>\n            <input type='hidden' name='gform_field_values' value='' \/>\n            \n        <\/div>\n                        <\/form>\n                        <\/div><script type=\"text\/javascript\">\n\/* <![CDATA[ *\/\n gform.initializeOnLoaded( function() {gformInitSpinner( 4, 'https:\/\/medivision.be\/fr\/wp-content\/plugins\/gravityforms\/images\/spinner.svg', true );jQuery('#gform_ajax_frame_4').on('load',function(){var contents = jQuery(this).contents().find('*').html();var is_postback = contents.indexOf('GF_AJAX_POSTBACK') >= 0;if(!is_postback){return;}var form_content = jQuery(this).contents().find('#gform_wrapper_4');var is_confirmation = jQuery(this).contents().find('#gform_confirmation_wrapper_4').length > 0;var is_redirect = contents.indexOf('gformRedirect(){') >= 0;var is_form = form_content.length > 0 && ! is_redirect && ! is_confirmation;var mt = parseInt(jQuery('html').css('margin-top'), 10) + parseInt(jQuery('body').css('margin-top'), 10) + 100;if(is_form){jQuery('#gform_wrapper_4').html(form_content.html());if(form_content.hasClass('gform_validation_error')){jQuery('#gform_wrapper_4').addClass('gform_validation_error');} else {jQuery('#gform_wrapper_4').removeClass('gform_validation_error');}setTimeout( function() { \/* delay the scroll by 50 milliseconds to fix a bug in chrome *\/  }, 50 );if(window['gformInitDatepicker']) {gformInitDatepicker();}if(window['gformInitPriceFields']) {gformInitPriceFields();}var current_page = jQuery('#gform_source_page_number_4').val();gformInitSpinner( 4, 'https:\/\/medivision.be\/fr\/wp-content\/plugins\/gravityforms\/images\/spinner.svg', true );jQuery(document).trigger('gform_page_loaded', [4, current_page]);window['gf_submitting_4'] = false;}else if(!is_redirect){var confirmation_content = jQuery(this).contents().find('.GF_AJAX_POSTBACK').html();if(!confirmation_content){confirmation_content = contents;}jQuery('#gform_wrapper_4').replaceWith(confirmation_content);jQuery(document).trigger('gform_confirmation_loaded', [4]);window['gf_submitting_4'] = false;wp.a11y.speak(jQuery('#gform_confirmation_message_4').text());}else{jQuery('#gform_4').append(contents);if(window['gformRedirect']) {gformRedirect();}}jQuery(document).trigger(\"gform_pre_post_render\", [{ formId: \"4\", currentPage: \"current_page\", abort: function() { this.preventDefault(); } }]);        if (event && event.defaultPrevented) {                return;        }        const gformWrapperDiv = document.getElementById( \"gform_wrapper_4\" );        if ( gformWrapperDiv ) {            const visibilitySpan = document.createElement( \"span\" );            visibilitySpan.id = \"gform_visibility_test_4\";            gformWrapperDiv.insertAdjacentElement( \"afterend\", visibilitySpan );        }        const visibilityTestDiv = document.getElementById( \"gform_visibility_test_4\" );        let postRenderFired = false;        function triggerPostRender() {            if ( postRenderFired ) {                return;            }            postRenderFired = true;            gform.core.triggerPostRenderEvents( 4, current_page );            if ( visibilityTestDiv ) {                visibilityTestDiv.parentNode.removeChild( visibilityTestDiv );            }        }        function debounce( func, wait, immediate ) {            var timeout;            return function() {                var context = this, args = arguments;                var later = function() {                    timeout = null;                    if ( !immediate ) func.apply( context, args );                };                var callNow = immediate && !timeout;                clearTimeout( timeout );                timeout = setTimeout( later, wait );                if ( callNow ) func.apply( context, args );            };        }        const debouncedTriggerPostRender = debounce( function() {            triggerPostRender();        }, 200 );        if ( visibilityTestDiv && visibilityTestDiv.offsetParent === null ) {            const observer = new MutationObserver( ( mutations ) => {                mutations.forEach( ( mutation ) => {                    if ( mutation.type === 'attributes' && visibilityTestDiv.offsetParent !== null ) {                        debouncedTriggerPostRender();                        observer.disconnect();                    }                });            });            observer.observe( document.body, {                attributes: true,                childList: false,                subtree: true,                attributeFilter: [ 'style', 'class' ],            });        } else {            triggerPostRender();        }    } );} ); \n\/* ]]> *\/\n<\/script>\n<\/div>            <\/div>\r\n                                            <\/div>\r\n    <\/div>\r\n<\/div><div id=\"thz-column-c7cc190d9\" class=\"thz-column thz-col-1-3 fstart\">\r\n\t<div class=\"thz-column-container\">\r\n        <div class=\"thz-column-in\">\r\n                        <div class=\"thz-column-shortcodes\">\t\r\n                <div id=\"thz-sh-b76d7a27\" class=\"thz-shc thz-heading thz-sh-b76d7a27 thz-sh-plain thz-sh-pos-both\">\r\n\t<div class=\"thz-heading-holder\">\r\n\t\t\t\t<h3 class=\"thz-heading-title\">Coordonn\u00e9es<\/h3>\t\t\t<\/div>\r\n<\/div><div id=\"thz-text-block-ed5ab116\" class=\"thz-shc thz-text-block\"><p><span style=\"font-weight: 400;\">MediVision est situ\u00e9 dans le centre d'affaires<br \/><\/span><a href=\"https:\/\/www.officenter.eu\/nl\"><span style=\"font-weight: 400;\">Officenter Geel<\/span><span style=\"font-weight: 400;\"><br \/><\/span><\/a><span style=\"font-weight: 400;\">Kleinhoefstraat 5<\/span><span style=\"font-weight: 400;\"><br \/><\/span><span style=\"font-weight: 400;\">2440 Geel<\/span><\/p><p><a href=\"tel:+32 (0)14 58 29 18\"><span style=\"font-weight: 400;\">T +32 (0)14 58 29 18<\/span><\/a><br \/><a class=\"c-link\" tabindex=\"-1\" href=\"mailto:info@medivision.be\" target=\"_blank\" rel=\"noopener noreferrer\" data-stringify-link=\"mailto:info@medivision.be\" data-sk=\"tooltip_parent\" aria-haspopup=\"menu\" aria-expanded=\"false\" data-remove-tab-index=\"true\">info@medivision.be<\/a><\/p><\/div><div class=\"thz-clear\"><\/div><div id=\"thz-divider-dce44a0c\" class=\"thz-shc thz-divider-dce44a0c thz-divider-holder\"><div class=\"thz-divider thz-divider-singleline thz-float-none\"><\/div><\/div><div id=\"thz-text-block-c1f0ac03\" class=\"thz-shc thz-text-block\"><p><iframe loading=\"lazy\" style=\"border: 0;\" src=\"https:\/\/www.google.com\/maps\/embed?pb=!1m18!1m12!1m3!1d2502.1216858290336!2d4.963638615757264!3d51.161545979579756!2m3!1f0!2f0!3f0!3m2!1i1024!2i768!4f13.1!3m3!1m2!1s0x47c14c0065c670bb%3A0xdfb778087bf8a85f!2sOfficenter%20Geel!5e0!3m2!1snl!2s!4v1629880605207!5m2!1snl!2s\" width=\"600\" height=\"450\" allowfullscreen=\"allowfullscreen\"><\/iframe><\/p><\/div>            <\/div>\r\n                                            <\/div>\r\n    <\/div>\r\n<\/div><\/div>\t\t\t<\/div>\r\n\t\t\t\t<\/div>\r\n\t\t\t\t<\/section>\r\n<\/div>\r\n<div id=\"thz-parse-shortcode-block-950a88f6\" class=\"thz-shc thz-parse-shortcode-block \"><\/div><\/p>\n","protected":false},"excerpt":{"rendered":"<p>Contact Pr\u00e9nom et nom*Nom de l&#039;entreprise*Num\u00e9ro de t\u00e9l\u00e9phone*Adresse e-mail* Vous avez une question sur un appareil? Si oui, laquelle ?Votre message* Coordonn\u00e9es MediVision est situ\u00e9 dans le centre d&#8217;affairesOfficenter GeelKleinhoefstraat 52440 GeelT +32 (0)14 58 29 18info@medivision.be<\/p>\n","protected":false},"author":1,"featured_media":0,"parent":0,"menu_order":0,"comment_status":"closed","ping_status":"closed","template":"template-parts\/page-builder.php","meta":{"footnotes":""},"tags":[],"class_list":["post-119","page","type-page","status-publish","hentry"],"acf":[],"yoast_head":"<!-- This site is optimized with the Yoast SEO plugin v26.5 - https:\/\/yoast.com\/wordpress\/plugins\/seo\/ -->\n<title>Contact | Medivision<\/title>\n<meta name=\"robots\" content=\"index, follow, max-snippet:-1, max-image-preview:large, max-video-preview:-1\" \/>\n<link rel=\"canonical\" href=\"https:\/\/medivision.be\/fr\/contact\/\" \/>\n<meta property=\"og:locale\" content=\"nl_NL\" \/>\n<meta property=\"og:type\" content=\"article\" \/>\n<meta property=\"og:title\" content=\"Contact | Medivision\" \/>\n<meta property=\"og:description\" content=\"Contact Pr\u00e9nom et nom*Nom de l&#039;entreprise*Num\u00e9ro de t\u00e9l\u00e9phone*Adresse e-mail* Vous avez une question sur un appareil? Si oui, laquelle ?Votre message* Coordonn\u00e9es MediVision est situ\u00e9 dans le centre d&#039;affairesOfficenter GeelKleinhoefstraat 52440 GeelT +32 (0)14 58 29 18info@medivision.be\" \/>\n<meta property=\"og:url\" content=\"https:\/\/medivision.be\/fr\/contact\/\" \/>\n<meta property=\"og:site_name\" content=\"Medivision\" \/>\n<meta property=\"article:modified_time\" content=\"2022-03-15T17:59:28+00:00\" \/>\n<meta name=\"twitter:card\" content=\"summary_large_image\" \/>\n<script type=\"application\/ld+json\" class=\"yoast-schema-graph\">{\"@context\":\"https:\/\/schema.org\",\"@graph\":[{\"@type\":\"WebPage\",\"@id\":\"https:\/\/medivision.be\/fr\/contact\/\",\"url\":\"https:\/\/medivision.be\/fr\/contact\/\",\"name\":\"Contact | Medivision\",\"isPartOf\":{\"@id\":\"https:\/\/medivision.be\/fr\/#website\"},\"datePublished\":\"2019-04-24T10:44:01+00:00\",\"dateModified\":\"2022-03-15T17:59:28+00:00\",\"breadcrumb\":{\"@id\":\"https:\/\/medivision.be\/fr\/contact\/#breadcrumb\"},\"inLanguage\":\"nl-NL\",\"potentialAction\":[{\"@type\":\"ReadAction\",\"target\":[\"https:\/\/medivision.be\/fr\/contact\/\"]}]},{\"@type\":\"BreadcrumbList\",\"@id\":\"https:\/\/medivision.be\/fr\/contact\/#breadcrumb\",\"itemListElement\":[{\"@type\":\"ListItem\",\"position\":1,\"name\":\"Home\",\"item\":\"https:\/\/medivision.be\/fr\/\"},{\"@type\":\"ListItem\",\"position\":2,\"name\":\"Contact\"}]},{\"@type\":\"WebSite\",\"@id\":\"https:\/\/medivision.be\/fr\/#website\",\"url\":\"https:\/\/medivision.be\/fr\/\",\"name\":\"Medivision\",\"description\":\"Laservision Instruments B.V.\",\"publisher\":{\"@id\":\"https:\/\/medivision.be\/fr\/#organization\"},\"potentialAction\":[{\"@type\":\"SearchAction\",\"target\":{\"@type\":\"EntryPoint\",\"urlTemplate\":\"https:\/\/medivision.be\/fr\/?s={search_term_string}\"},\"query-input\":{\"@type\":\"PropertyValueSpecification\",\"valueRequired\":true,\"valueName\":\"search_term_string\"}}],\"inLanguage\":\"nl-NL\"},{\"@type\":\"Organization\",\"@id\":\"https:\/\/medivision.be\/fr\/#organization\",\"name\":\"Medivision\",\"url\":\"https:\/\/medivision.be\/fr\/\",\"logo\":{\"@type\":\"ImageObject\",\"inLanguage\":\"nl-NL\",\"@id\":\"https:\/\/medivision.be\/fr\/#\/schema\/logo\/image\/\",\"url\":\"https:\/\/medivision.be\/fr\/wp-content\/uploads\/2021\/07\/Logo_image-20210728-145414_1920px.png\",\"contentUrl\":\"https:\/\/medivision.be\/fr\/wp-content\/uploads\/2021\/07\/Logo_image-20210728-145414_1920px.png\",\"width\":1920,\"height\":456,\"caption\":\"Medivision\"},\"image\":{\"@id\":\"https:\/\/medivision.be\/fr\/#\/schema\/logo\/image\/\"}}]}<\/script>\n<!-- \/ Yoast SEO plugin. -->","yoast_head_json":{"title":"Contact | Medivision","robots":{"index":"index","follow":"follow","max-snippet":"max-snippet:-1","max-image-preview":"max-image-preview:large","max-video-preview":"max-video-preview:-1"},"canonical":"https:\/\/medivision.be\/fr\/contact\/","og_locale":"nl_NL","og_type":"article","og_title":"Contact | Medivision","og_description":"Contact Pr\u00e9nom et nom*Nom de l&#039;entreprise*Num\u00e9ro de t\u00e9l\u00e9phone*Adresse e-mail* Vous avez une question sur un appareil? Si oui, laquelle ?Votre message* Coordonn\u00e9es MediVision est situ\u00e9 dans le centre d'affairesOfficenter GeelKleinhoefstraat 52440 GeelT +32 (0)14 58 29 18info@medivision.be","og_url":"https:\/\/medivision.be\/fr\/contact\/","og_site_name":"Medivision","article_modified_time":"2022-03-15T17:59:28+00:00","twitter_card":"summary_large_image","schema":{"@context":"https:\/\/schema.org","@graph":[{"@type":"WebPage","@id":"https:\/\/medivision.be\/fr\/contact\/","url":"https:\/\/medivision.be\/fr\/contact\/","name":"Contact | Medivision","isPartOf":{"@id":"https:\/\/medivision.be\/fr\/#website"},"datePublished":"2019-04-24T10:44:01+00:00","dateModified":"2022-03-15T17:59:28+00:00","breadcrumb":{"@id":"https:\/\/medivision.be\/fr\/contact\/#breadcrumb"},"inLanguage":"nl-NL","potentialAction":[{"@type":"ReadAction","target":["https:\/\/medivision.be\/fr\/contact\/"]}]},{"@type":"BreadcrumbList","@id":"https:\/\/medivision.be\/fr\/contact\/#breadcrumb","itemListElement":[{"@type":"ListItem","position":1,"name":"Home","item":"https:\/\/medivision.be\/fr\/"},{"@type":"ListItem","position":2,"name":"Contact"}]},{"@type":"WebSite","@id":"https:\/\/medivision.be\/fr\/#website","url":"https:\/\/medivision.be\/fr\/","name":"Medivision","description":"Laservision Instruments B.V.","publisher":{"@id":"https:\/\/medivision.be\/fr\/#organization"},"potentialAction":[{"@type":"SearchAction","target":{"@type":"EntryPoint","urlTemplate":"https:\/\/medivision.be\/fr\/?s={search_term_string}"},"query-input":{"@type":"PropertyValueSpecification","valueRequired":true,"valueName":"search_term_string"}}],"inLanguage":"nl-NL"},{"@type":"Organization","@id":"https:\/\/medivision.be\/fr\/#organization","name":"Medivision","url":"https:\/\/medivision.be\/fr\/","logo":{"@type":"ImageObject","inLanguage":"nl-NL","@id":"https:\/\/medivision.be\/fr\/#\/schema\/logo\/image\/","url":"https:\/\/medivision.be\/fr\/wp-content\/uploads\/2021\/07\/Logo_image-20210728-145414_1920px.png","contentUrl":"https:\/\/medivision.be\/fr\/wp-content\/uploads\/2021\/07\/Logo_image-20210728-145414_1920px.png","width":1920,"height":456,"caption":"Medivision"},"image":{"@id":"https:\/\/medivision.be\/fr\/#\/schema\/logo\/image\/"}}]}},"_links":{"self":[{"href":"https:\/\/medivision.be\/fr\/wp-json\/wp\/v2\/pages\/119","targetHints":{"allow":["GET"]}}],"collection":[{"href":"https:\/\/medivision.be\/fr\/wp-json\/wp\/v2\/pages"}],"about":[{"href":"https:\/\/medivision.be\/fr\/wp-json\/wp\/v2\/types\/page"}],"author":[{"embeddable":true,"href":"https:\/\/medivision.be\/fr\/wp-json\/wp\/v2\/users\/1"}],"replies":[{"embeddable":true,"href":"https:\/\/medivision.be\/fr\/wp-json\/wp\/v2\/comments?post=119"}],"version-history":[{"count":13,"href":"https:\/\/medivision.be\/fr\/wp-json\/wp\/v2\/pages\/119\/revisions"}],"predecessor-version":[{"id":11557,"href":"https:\/\/medivision.be\/fr\/wp-json\/wp\/v2\/pages\/119\/revisions\/11557"}],"wp:attachment":[{"href":"https:\/\/medivision.be\/fr\/wp-json\/wp\/v2\/media?parent=119"}],"wp:term":[{"taxonomy":"post_tag","embeddable":true,"href":"https:\/\/medivision.be\/fr\/wp-json\/wp\/v2\/tags?post=119"}],"curies":[{"name":"wp","href":"https:\/\/api.w.org\/{rel}","templated":true}]}}