{"id":1226,"date":"2020-02-01T16:59:17","date_gmt":"2020-02-01T15:59:17","guid":{"rendered":"https:\/\/medivision.be\/fr\/?page_id=1226"},"modified":"2022-03-15T16:38:08","modified_gmt":"2022-03-15T15:38:08","slug":"camera-de-fundus-handheld","status":"publish","type":"page","link":"https:\/\/medivision.be\/fr\/oogheelkunde\/equipement-de-diagnostic\/camera-de-fundus-handheld\/","title":{"rendered":"Cam\u00e9ra de fundus handheld"},"content":{"rendered":"<p><div id=\"thz-section-holder-s46ffcf99\" class=\"thz-section-holder section-notcontained thz-mobile-hidden none\" data-view-brightness=\"none\">\r\n\t<section class=\"thz-section\">\r\n\t\t<div class=\"thz-section-in\">\r\n\t\t\t\t\t<div class=\"thz-container content-contained thz-site-width\">\r\n\t\t\t\t\t\t\t<\/div>\r\n\t\t\t\t<\/div>\r\n\t\t<div class=\"thz-bglayer-container\"><div id=\"thz-bglayer-d63914de\" class=\"thz-basic-bglayer\"><\/div><div id=\"thz-bglayer-bc882306\" class=\"thz-basic-bglayer\"><\/div><\/div>\t\t<\/section>\r\n<\/div>\r\n<div id=\"posts-grid\" class=\"thz-section-holder section-notcontained none\" data-view-brightness=\"none\">\r\n\t<section class=\"thz-section\">\r\n\t\t<div class=\"thz-section-in\">\r\n\t\t\t\t\t<div class=\"thz-container content-contained thz-site-width\">\r\n\t\t\t\t<div class=\"thz-row\">\r\n\t<div id=\"thz-column-c11bf96b2\" class=\"thz-column thz-col-1 fstart\">\r\n\t<div class=\"thz-column-container\">\r\n        <div class=\"thz-column-in\">\r\n                        <div class=\"thz-column-shortcodes\">\t\r\n                <div id=\"thz-sh-efc4665b\" class=\"thz-shc thz-heading thz-sh-efc4665b thz-sh-plain thz-sh-pos-both\">\r\n\t<div class=\"thz-heading-holder\">\r\n\t\t\t\t\t\t\t<\/div>\r\n<\/div><div id=\"thz-posts-1acc7ace\" class=\"thz-shc thz-items-grid-holder thz-is-isotope thz-posts-holder thz-items-grid-thz-ratio-1-1 thz-grid-has-col-4 thz-lightbox-mode-single thz-mfp-hide-slider\">\r\n                     <ul id=\"thz-posts-filter-1acc7ace\" class=\"thz-items-grid-categories thz-posts-filter\">\r\n                <li class=\"thz-items-categories-item\">\r\n                    <a class=\"active thz-posts-filter-link\" href='#' data-filter-value=\".category_all\">\r\n                        All                    <\/a>\r\n                <\/li>\r\n                                <li class=\"thz-items-categories-item\">\r\n                    <a class=\"thz-posts-filter-link\" href='#' data-filter-value=\".category_583\">\r\n                        Cam\u00e9ra de fundus                    <\/a>\r\n                <\/li>\r\n                            <\/ul>\r\n         \t\t<div id=\"thz-posts-1acc7ace-inner\" class=\"thz-items-grid thz-items-display-introunder\" data-maxpages=\"1\" data-pagination=\"click\" data-itemsload=\"12\" data-layout-type=\"thz-ratio-1-1\" data-display-mode=\"introunder\" data-shortcodeid=\"1acc7ace\" data-objectid=\"912\" data-isotope-mode=\"packery\" data-minwidth=\"230\">\r\n\t\t\t            <div class=\"thz-items-sizer\"><\/div>\r\n                   \r\n                 \r\n\t\t\t<div class=\"thz-grid-item category_all category_583 category_581 thz-posts-item-11205 thz-grid-item-odd\" data-itemid=\"11205\" data-mode=\"introunder\" data-cats=\"{&amp;quot;category_583&amp;quot;:&amp;quot;Cam\\u00e9ra de fundus&amp;quot;,&amp;quot;category_581&amp;quot;:&amp;quot;\\u00c9quipement diagnostique&amp;quot;}\">\t<div class=\"thz-grid-item-in\">\r\n    \t\t\t<div class=\"thz-grid-item-media-holder\">\r\n\t\t\t<div class=\"thz-grid-item-media\">\r\n\t\t\t\t\t\t\t\t\t            <div class=\"thz-aspect thz-ratio-1-1\">\r\n            <div class=\"thz-ratio-in\">\r\n                                <div class=\"thz-hover thz-hover-img-mask thz-hover-bg-none thz-hover-fadein thz-img-none thz-transease-04 thz-items-grid-image\" style=\"background-image:url(https:\/\/medivision.be\/fr\/wp-content\/uploads\/2021\/10\/FC160_3-350x350.jpg);\">\r\n\t\t\t\t\t                                         \r\n                    <div class=\"thz-hover-mask thz-transease-04\">                        <div class=\"thz-hover-mask-table\">\r\n                            <a class=\"thz-hover-link\" href=\"https:\/\/medivision.be\/fr\/product\/fc-161\/\"><\/a>\r\n                                                        <div class=\"thz-hover-icons thz-comein-none thz-transease-05\">\r\n                                <a class=\"thz-hover-icon thz-hover-media-icon circle thz-fs-16 thz-vp-10 thz-hp-10 thz-lightbox mfp-image\" href=\"#\" data-mfp-src=\"https:\/\/medivision.be\/fr\/wp-content\/uploads\/2021\/10\/FC160_3.jpg\" data-bg=\"mfp-dark\" data-opacity=\"mfp-opacity-08\" data-effect=\"mfp-zoom-out\" data-mfp-title=\"FC160_3\" data-modal-size=\"large\"><span class=\"thzicon thzicon-plus\"><\/span><\/a>                            <\/div>                        <\/div>\r\n                    <\/div>\r\n                                    <\/div>\r\n                            <\/div>\r\n        <\/div>\r\n                                        \t\t\t<\/div>\r\n\t\t<\/div>\r\n                \t\t<div class=\"thz-grid-item-intro-holder\">\r\n        \t\t\t\t<div class=\"thz-grid-item-poz\">\r\n\t\t\t\t<div class=\"thz-grid-item-intro thz-align-left\">\r\n\t\t\t\t\t\t\t\t\t\t                    \t\t\t\t\t\t\t\t\t\t<h3 class=\"thz-grid-item-title\">\r\n\t\t\t\t\t\t<a href=\"https:\/\/medivision.be\/fr\/product\/fc-161\/\">\r\n\t\t\t\t\t\t\tFC-161 | Cam\u00e9ra de fundus handheld\t\t\t\t\t\t<\/a>\r\n\t\t\t\t\t<\/h3>\r\n\t\t\t\t\t                    \t\t\t\t\t\t\t\t\t\t\t\t\t\t\t\t\t\t\t\t<div class=\"thz-grid-item-intro-text\">\r\n\t\t\t\t\t\t<ul>\r\n    <li>Un bon aper\u00e7u<\/li>    <li>Rapide et facile<\/li>    <li>Logiciel mediview<\/li>\r\n<\/ul>\r\n\t\t\t\t\t<\/div>\r\n\t\t\t\t\t\t\t\t\t\t\t\t\t\t\t<div class=\"thz-grid-item-button\">\r\n\t\t\t\t\t\t<div class=\"thz-btn-container thz-custom-btn-44726 ctm-btn thz-mt-24\"><a class=\"thz-button thz-btn-large thz-radius-8 thz-btn-border-1 thz-align-center\" href=\"https:\/\/medivision.be\/fr\/product\/fc-161\/\"><span class=\"thz-btn-text thz-fs-16 thz-fw-600\">Plus d\u2019information<\/span><\/a><\/div>\t\t\t\t\t<\/div>\r\n\t\t\t\t\t                    \t\t\t\t\t                    \r\n\t\t\t\t<\/div>\r\n\t\t\t<\/div>\r\n\t\t\t\t\t<\/div>\r\n        \t<\/div><\/div>                 \r\n\t\t<\/div>\r\n        \t\t        <div class=\"thz-items-gutter-adjust\"><\/div>\r\n                 \r\n\t\t\t\t\t<div class=\"thz-items-loading\"><\/div>\r\n\t\t\t\t\t<div id=\"thz-portfolio-scrollto-1acc7ace\" class=\"thz-items-scrollto\"><\/div>\r\n        <\/div>\r\n            <\/div>\r\n                                            <\/div>\r\n    <\/div>\r\n<\/div><\/div>\t\t\t<\/div>\r\n\t\t\t\t<\/div>\r\n\t\t\t\t<\/section>\r\n<\/div>\r\n<div id=\"thz-section-holder-sc958a0c0\" class=\"thz-section-holder section-notcontained none\" data-view-brightness=\"none\">\r\n\t<section class=\"thz-section\">\r\n\t\t<div class=\"thz-section-in\">\r\n\t\t\t\t\t<div class=\"thz-container content-contained thz-site-width\">\r\n\t\t\t\t<div id=\"thz-sh-3beaf334\" class=\"thz-shc thz-heading thz-sh-3beaf334 thz-sh-plain thz-sh-pos-both\">\r\n\t<div class=\"thz-heading-holder\">\r\n\t\t\t\t<h2 class=\"thz-heading-title\">Faites des clich\u00e9s tr\u00e8s d\u00e9taill\u00e9s de l\u2019oeil gr\u00e2ce \u00e0 une cam\u00e9ra \u00e0 fond d\u2019oeil qualitative<\/h2>\t\t\t<\/div>\r\n<\/div><ul id=\"thz-shortcode-list-afb3efa8\" class=\"thz-shc thz-icons-list thz-shortcode-list-afb3efa8\"><li id=\"thz-list-item-50559ecf\" class=\"thz-list-item\"><i class=\"eva eva-checkmark-circle\"><\/i> Gamme de cam\u00e9ras de fond d'\u0153il de haute qualit\u00e9<\/li><li id=\"thz-list-item-c915047e\" class=\"thz-list-item\"><i class=\"eva eva-checkmark-circle\"><\/i> Mydriatique ou non mydriatique<\/li><li id=\"thz-list-item-811d7389\" class=\"thz-list-item\"><i class=\"eva eva-checkmark-circle\"><\/i> Aussi pour FAG et FAF<\/li><\/ul><div id=\"thz-text-block-360afdb4\" class=\"thz-shc thz-text-block\"><p>En fait, une cam\u00e9ra \u00e0 fond d'\u0153il n'est rien d'autre qu'un appareil photo num\u00e9rique sp\u00e9cial qui prend des photos de la r\u00e9tine, de la macula, des nerfs optiques et des vaisseaux sanguins de l'\u0153il. La photographie du fond d'\u0153il est commun\u00e9ment appel\u00e9e photo de l'\u0153il. Ce d\u00e9pistage ophtalmologique permet de cartographier la r\u00e9tine dans des cas tels que la r\u00e9tinopathie diab\u00e9tique. Apr\u00e8s la prise de vue, un ophtalmologiste d\u00e9termine s'il y a des d\u00e9fauts r\u00e9tiniens et, si les r\u00e9sultats sont positifs, un plan de traitement est \u00e9tabli.<\/p><p>Il existe plusieurs m\u00e9thodes sur le march\u00e9 pour cartographier la r\u00e9tine, mais une cam\u00e9ra de fond d'\u0153il permet d\u2019une mani\u00e8re simple de tout montrer en une seule photo.<\/p><h3><strong>Une cam\u00e9ra de fond d'\u0153il mydriatique ou non mydriatique ?<\/strong><\/h3><p>Il existe plusieurs types de cam\u00e9ras de fond d'\u0153il sur le march\u00e9. L'une des diff\u00e9rences r\u00e9side dans le d\u00e9pistage qui peut \u00eatre effectu\u00e9 par voie mydriatique, abr\u00e9g\u00e9 MYD, et par voie non mydriatique, ou NON-MYD. Mydriatique est un autre mot pour d\u00e9signer la dilatation de la pupille, souvent au moyen de gouttes.<\/p><p>La diff\u00e9rence entre ces deux types de cam\u00e9ra est qu'une cam\u00e9ra de fond d'\u0153il non mydriatique, qui ne n\u00e9cessite pas de dilatation de la pupille, utilise les propri\u00e9t\u00e9s de r\u00e9flexion de la r\u00e9tine pour afficher les d\u00e9tails et stocker les images. Cette technique est sup\u00e9rieure \u00e0 l'utilisation de lampes \u00e0 fente et d'autres outils couramment utilis\u00e9s. Il offre \u00e9galement un grand angle de la r\u00e9tine cibl\u00e9e et dispose de plusieurs filtres pour am\u00e9liorer l'image.<\/p><p>Cela contribue \u00e0 la d\u00e9tection pr\u00e9coce et au suivi d'un certain nombre de maladies oculaires graves, telles que la d\u00e9g\u00e9n\u00e9rescence maculaire, le glaucome, l'hypertension art\u00e9rielle, les dommages caus\u00e9s par la scl\u00e9rose en plaques et la r\u00e9tinopathie diab\u00e9tique.<\/p><h3><strong>Angiographie en fluorescence (FAG) et autofluorescence du fond d'\u0153il (FAF)<\/strong><\/h3><p>Une cam\u00e9ra de fond d'\u0153il peut \u00e9galement \u00eatre utilis\u00e9e lors de m\u00e9thodes d'examen sp\u00e9cifiques de la partie arri\u00e8re de l'\u0153il. L'angiographie en fluorescence (FAG) est une m\u00e9thode d'examen qui permet \u00e0 l'ophtalmologiste de d\u00e9tecter des anomalies dans les vaisseaux sanguins et les diff\u00e9rentes couches de la r\u00e9tine.Des photos sp\u00e9ciales sont alors prises, au cours desquelles un colorant est inject\u00e9 dans les veines. En utilisant diff\u00e9rents filtres et r\u00e9glages de l'appareil photo, il est possible de prendre des photos tr\u00e8s d\u00e9taill\u00e9es de l'int\u00e9rieur de l'\u0153il.<\/p><p>En outre, l'examen FAF, abr\u00e9viation de Fundus autofluorescence, est une m\u00e9thode permettant de mesurer la lumi\u00e8re renvoy\u00e9e par la r\u00e9tine.L'autofluorescence signifie que de la lumi\u00e8re d'une certaine longueur d'onde sort spontan\u00e9ment de l'\u0153il ; elle est mesur\u00e9e \u00e0 l'aide d'un appareil. Cette autofluorescence est caus\u00e9e par la lipofuscine dans la couche de l'EPR, la couche la plus externe de la r\u00e9tine. L'examen FAF fournit des informations sur le m\u00e9tabolisme et la fonction de la couche d'EPR.<\/p><h3><strong>Pourquoi les cam\u00e9ras de fond d'\u0153il de Laservision Instruments BV ?<\/strong><\/h3><p>Nous sommes fiers d'\u00eatre le revendeur de l'\u00e9quipement Canon, qui est un leader de l'innovation dans la conception d'\u00e9quipements de diagnostic ophtalmique depuis 1976.Nous nous engageons \u00e0 am\u00e9liorer les soins aux patients en r\u00e9duisant la dur\u00e9e des examens et en augmentant l'efficacit\u00e9 des examens, ce qui r\u00e9sulte en une approche plus bienveillante des patients. La gamme compl\u00e8te d'\u00e9quipements de diagnostic ophtalmique de Canon comprend la tomographie par coh\u00e9rence optique et l'imagerie r\u00e9tinienne num\u00e9rique avanc\u00e9e, ainsi que les logiciels d'exploitation intuitifs associ\u00e9s.<\/p><p>Notre \u00e9quipe ophtalmique sp\u00e9cialis\u00e9e se tient \u00e0 votre disposition pour vous informer au mieux sur les cam\u00e9ras.<\/p><\/div>\t\t\t<\/div>\r\n\t\t\t\t<\/div>\r\n\t\t\t\t<\/section>\r\n<\/div>\r\n<\/p>\n","protected":false},"excerpt":{"rendered":"<p>FC-161 | Cam\u00e9ra de fundus handheldLa cam\u00e9ra Fundus portable FC161 est l\u00e9g\u00e8re et dispose d&#8217;un \u00e9cran LED enti\u00e8rement tactile de 4,3 pouces facile \u00e0 utiliser qui offre un fonctionnement plus intelligent. Cela permet de visualiser diff\u00e9rentes photos en glissant comme sur un t\u00e9l\u00e9phone portable. Le FC161 offre des images de fond d\u2019oeil haute r\u00e9solution jusqu&#8217;\u00e0 12 m\u00e9gapixels. Demander un devis Informations Sp\u00e9cifications Citation requise Aper\u00e7uIl y a jusqu&#8217;\u00e0 neuf points de fixation possibles pour le patient \u00e0 travers lesquels une grande partie de la r\u00e9tine peut \u00eatre photographi\u00e9e. Une seule photo donne un champ de vision de 45\u00b0 et plusieurs photos p\u00e9riph\u00e9riques peuvent \u00eatre examin\u00e9es jusqu&#8217;\u00e0 un champ de vision de 85\u00b0.Rapide et facileLa cam\u00e9ra portable Fundus utilise une technologie de mise au point automatique, permettant une mise au point en quelques millisecondes. Cette technologie \u00e9vite le flou de l&#8217;image du fond d\u2019oeil provoqu\u00e9 par le mouvement du patient pendant la prise de vue et s\u2019av\u00e8re ainsi tr\u00e8s efficace.LogicielLe FC-161 est livr\u00e9 avec le logiciel Mediview, auquel les photos du fond d\u2019oeil peuvent \u00eatre envoy\u00e9es par wifi. Il peut aussi \u00e9valuer les images \u00e0 distance.OptionnelSi vous le souhaitez, vous pouvez monter le FC-161 sur une lampe \u00e0 fente avec l&#8217;adaptateur [&hellip;]<\/p>\n","protected":false},"author":1,"featured_media":0,"parent":912,"menu_order":0,"comment_status":"closed","ping_status":"closed","template":"template-parts\/page-builder.php","meta":{"footnotes":""},"tags":[285,289,286,288,287,290],"class_list":["post-1226","page","type-page","status-publish","hentry","tag-fundus","tag-myd","tag-mydriastisch","tag-mydriastische","tag-niet-mydriastisch","tag-non-myd"],"acf":[],"yoast_head":"<!-- This site is optimized with the Yoast SEO plugin v26.5 - https:\/\/yoast.com\/wordpress\/plugins\/seo\/ -->\n<title>Cam\u00e9ra de fundus handheld | Alle informatie over de funduscamera&#039;s | Medivision<\/title>\n<meta name=\"description\" content=\"Een funduscamera is een speciale digitale camera die foto&#039;s maakt van het netvlies, de macula, de oogzenuwen en de bloedvaten in het oog.\" \/>\n<meta name=\"robots\" content=\"index, follow, max-snippet:-1, max-image-preview:large, max-video-preview:-1\" \/>\n<link rel=\"canonical\" href=\"https:\/\/medivision.be\/fr\/oogheelkunde\/equipement-de-diagnostic\/camera-de-fundus-handheld\/\" \/>\n<meta property=\"og:locale\" content=\"nl_NL\" \/>\n<meta property=\"og:type\" content=\"article\" \/>\n<meta property=\"og:title\" content=\"Cam\u00e9ra de fundus handheld | Alle informatie over de funduscamera&#039;s | Medivision\" \/>\n<meta property=\"og:description\" content=\"Een funduscamera is een speciale digitale camera die foto&#039;s maakt van het netvlies, de macula, de oogzenuwen en de bloedvaten in het oog.\" \/>\n<meta property=\"og:url\" content=\"https:\/\/medivision.be\/fr\/oogheelkunde\/equipement-de-diagnostic\/camera-de-fundus-handheld\/\" \/>\n<meta property=\"og:site_name\" content=\"Medivision\" \/>\n<meta property=\"article:modified_time\" content=\"2022-03-15T15:38:08+00:00\" \/>\n<meta name=\"twitter:card\" content=\"summary_large_image\" \/>\n<meta name=\"twitter:label1\" content=\"Geschatte leestijd\" \/>\n\t<meta name=\"twitter:data1\" content=\"4 minuten\" \/>\n<script type=\"application\/ld+json\" class=\"yoast-schema-graph\">{\"@context\":\"https:\/\/schema.org\",\"@graph\":[{\"@type\":\"WebPage\",\"@id\":\"https:\/\/medivision.be\/fr\/oogheelkunde\/equipement-de-diagnostic\/camera-de-fundus-handheld\/\",\"url\":\"https:\/\/medivision.be\/fr\/oogheelkunde\/equipement-de-diagnostic\/camera-de-fundus-handheld\/\",\"name\":\"Cam\u00e9ra de fundus handheld | Alle informatie over de funduscamera's | Medivision\",\"isPartOf\":{\"@id\":\"https:\/\/medivision.be\/fr\/#website\"},\"datePublished\":\"2020-02-01T15:59:17+00:00\",\"dateModified\":\"2022-03-15T15:38:08+00:00\",\"description\":\"Een funduscamera is een speciale digitale camera die foto's maakt van het netvlies, de macula, de oogzenuwen en de bloedvaten in het oog.\",\"breadcrumb\":{\"@id\":\"https:\/\/medivision.be\/fr\/oogheelkunde\/equipement-de-diagnostic\/camera-de-fundus-handheld\/#breadcrumb\"},\"inLanguage\":\"nl-NL\",\"potentialAction\":[{\"@type\":\"ReadAction\",\"target\":[\"https:\/\/medivision.be\/fr\/oogheelkunde\/equipement-de-diagnostic\/camera-de-fundus-handheld\/\"]}]},{\"@type\":\"BreadcrumbList\",\"@id\":\"https:\/\/medivision.be\/fr\/oogheelkunde\/equipement-de-diagnostic\/camera-de-fundus-handheld\/#breadcrumb\",\"itemListElement\":[{\"@type\":\"ListItem\",\"position\":1,\"name\":\"Home\",\"item\":\"https:\/\/medivision.be\/fr\/\"},{\"@type\":\"ListItem\",\"position\":2,\"name\":\"Oogheelkunde\",\"item\":\"https:\/\/medivision.be\/fr\/oogheelkunde\/\"},{\"@type\":\"ListItem\",\"position\":3,\"name\":\"\u00c9quipement de diagnostic\",\"item\":\"https:\/\/medivision.be\/fr\/oogheelkunde\/equipement-de-diagnostic\/\"},{\"@type\":\"ListItem\",\"position\":4,\"name\":\"Cam\u00e9ra de fundus handheld\"}]},{\"@type\":\"WebSite\",\"@id\":\"https:\/\/medivision.be\/fr\/#website\",\"url\":\"https:\/\/medivision.be\/fr\/\",\"name\":\"Medivision\",\"description\":\"Laservision Instruments B.V.\",\"publisher\":{\"@id\":\"https:\/\/medivision.be\/fr\/#organization\"},\"potentialAction\":[{\"@type\":\"SearchAction\",\"target\":{\"@type\":\"EntryPoint\",\"urlTemplate\":\"https:\/\/medivision.be\/fr\/?s={search_term_string}\"},\"query-input\":{\"@type\":\"PropertyValueSpecification\",\"valueRequired\":true,\"valueName\":\"search_term_string\"}}],\"inLanguage\":\"nl-NL\"},{\"@type\":\"Organization\",\"@id\":\"https:\/\/medivision.be\/fr\/#organization\",\"name\":\"Medivision\",\"url\":\"https:\/\/medivision.be\/fr\/\",\"logo\":{\"@type\":\"ImageObject\",\"inLanguage\":\"nl-NL\",\"@id\":\"https:\/\/medivision.be\/fr\/#\/schema\/logo\/image\/\",\"url\":\"https:\/\/medivision.be\/fr\/wp-content\/uploads\/2021\/07\/Logo_image-20210728-145414_1920px.png\",\"contentUrl\":\"https:\/\/medivision.be\/fr\/wp-content\/uploads\/2021\/07\/Logo_image-20210728-145414_1920px.png\",\"width\":1920,\"height\":456,\"caption\":\"Medivision\"},\"image\":{\"@id\":\"https:\/\/medivision.be\/fr\/#\/schema\/logo\/image\/\"}}]}<\/script>\n<!-- \/ Yoast SEO plugin. -->","yoast_head_json":{"title":"Cam\u00e9ra de fundus handheld | Alle informatie over de funduscamera's | Medivision","description":"Een funduscamera is een speciale digitale camera die foto's maakt van het netvlies, de macula, de oogzenuwen en de bloedvaten in het oog.","robots":{"index":"index","follow":"follow","max-snippet":"max-snippet:-1","max-image-preview":"max-image-preview:large","max-video-preview":"max-video-preview:-1"},"canonical":"https:\/\/medivision.be\/fr\/oogheelkunde\/equipement-de-diagnostic\/camera-de-fundus-handheld\/","og_locale":"nl_NL","og_type":"article","og_title":"Cam\u00e9ra de fundus handheld | Alle informatie over de funduscamera's | Medivision","og_description":"Een funduscamera is een speciale digitale camera die foto's maakt van het netvlies, de macula, de oogzenuwen en de bloedvaten in het oog.","og_url":"https:\/\/medivision.be\/fr\/oogheelkunde\/equipement-de-diagnostic\/camera-de-fundus-handheld\/","og_site_name":"Medivision","article_modified_time":"2022-03-15T15:38:08+00:00","twitter_card":"summary_large_image","twitter_misc":{"Geschatte leestijd":"4 minuten"},"schema":{"@context":"https:\/\/schema.org","@graph":[{"@type":"WebPage","@id":"https:\/\/medivision.be\/fr\/oogheelkunde\/equipement-de-diagnostic\/camera-de-fundus-handheld\/","url":"https:\/\/medivision.be\/fr\/oogheelkunde\/equipement-de-diagnostic\/camera-de-fundus-handheld\/","name":"Cam\u00e9ra de fundus handheld | Alle informatie over de funduscamera's | Medivision","isPartOf":{"@id":"https:\/\/medivision.be\/fr\/#website"},"datePublished":"2020-02-01T15:59:17+00:00","dateModified":"2022-03-15T15:38:08+00:00","description":"Een funduscamera is een speciale digitale camera die foto's maakt van het netvlies, de macula, de oogzenuwen en de bloedvaten in het oog.","breadcrumb":{"@id":"https:\/\/medivision.be\/fr\/oogheelkunde\/equipement-de-diagnostic\/camera-de-fundus-handheld\/#breadcrumb"},"inLanguage":"nl-NL","potentialAction":[{"@type":"ReadAction","target":["https:\/\/medivision.be\/fr\/oogheelkunde\/equipement-de-diagnostic\/camera-de-fundus-handheld\/"]}]},{"@type":"BreadcrumbList","@id":"https:\/\/medivision.be\/fr\/oogheelkunde\/equipement-de-diagnostic\/camera-de-fundus-handheld\/#breadcrumb","itemListElement":[{"@type":"ListItem","position":1,"name":"Home","item":"https:\/\/medivision.be\/fr\/"},{"@type":"ListItem","position":2,"name":"Oogheelkunde","item":"https:\/\/medivision.be\/fr\/oogheelkunde\/"},{"@type":"ListItem","position":3,"name":"\u00c9quipement de diagnostic","item":"https:\/\/medivision.be\/fr\/oogheelkunde\/equipement-de-diagnostic\/"},{"@type":"ListItem","position":4,"name":"Cam\u00e9ra de fundus handheld"}]},{"@type":"WebSite","@id":"https:\/\/medivision.be\/fr\/#website","url":"https:\/\/medivision.be\/fr\/","name":"Medivision","description":"Laservision Instruments B.V.","publisher":{"@id":"https:\/\/medivision.be\/fr\/#organization"},"potentialAction":[{"@type":"SearchAction","target":{"@type":"EntryPoint","urlTemplate":"https:\/\/medivision.be\/fr\/?s={search_term_string}"},"query-input":{"@type":"PropertyValueSpecification","valueRequired":true,"valueName":"search_term_string"}}],"inLanguage":"nl-NL"},{"@type":"Organization","@id":"https:\/\/medivision.be\/fr\/#organization","name":"Medivision","url":"https:\/\/medivision.be\/fr\/","logo":{"@type":"ImageObject","inLanguage":"nl-NL","@id":"https:\/\/medivision.be\/fr\/#\/schema\/logo\/image\/","url":"https:\/\/medivision.be\/fr\/wp-content\/uploads\/2021\/07\/Logo_image-20210728-145414_1920px.png","contentUrl":"https:\/\/medivision.be\/fr\/wp-content\/uploads\/2021\/07\/Logo_image-20210728-145414_1920px.png","width":1920,"height":456,"caption":"Medivision"},"image":{"@id":"https:\/\/medivision.be\/fr\/#\/schema\/logo\/image\/"}}]}},"_links":{"self":[{"href":"https:\/\/medivision.be\/fr\/wp-json\/wp\/v2\/pages\/1226","targetHints":{"allow":["GET"]}}],"collection":[{"href":"https:\/\/medivision.be\/fr\/wp-json\/wp\/v2\/pages"}],"about":[{"href":"https:\/\/medivision.be\/fr\/wp-json\/wp\/v2\/types\/page"}],"author":[{"embeddable":true,"href":"https:\/\/medivision.be\/fr\/wp-json\/wp\/v2\/users\/1"}],"replies":[{"embeddable":true,"href":"https:\/\/medivision.be\/fr\/wp-json\/wp\/v2\/comments?post=1226"}],"version-history":[{"count":11,"href":"https:\/\/medivision.be\/fr\/wp-json\/wp\/v2\/pages\/1226\/revisions"}],"predecessor-version":[{"id":11482,"href":"https:\/\/medivision.be\/fr\/wp-json\/wp\/v2\/pages\/1226\/revisions\/11482"}],"up":[{"embeddable":true,"href":"https:\/\/medivision.be\/fr\/wp-json\/wp\/v2\/pages\/912"}],"wp:attachment":[{"href":"https:\/\/medivision.be\/fr\/wp-json\/wp\/v2\/media?parent=1226"}],"wp:term":[{"taxonomy":"post_tag","embeddable":true,"href":"https:\/\/medivision.be\/fr\/wp-json\/wp\/v2\/tags?post=1226"}],"curies":[{"name":"wp","href":"https:\/\/api.w.org\/{rel}","templated":true}]}}