{"id":1262,"date":"2020-02-01T17:03:38","date_gmt":"2020-02-01T16:03:38","guid":{"rendered":"https:\/\/medivision.be\/fr\/?page_id=1262"},"modified":"2022-03-15T18:14:13","modified_gmt":"2022-03-15T17:14:13","slug":"topographe","status":"publish","type":"page","link":"https:\/\/medivision.be\/fr\/oogheelkunde\/equipement-de-diagnostic\/topographe\/","title":{"rendered":"Topographe"},"content":{"rendered":"<p><div id=\"thz-section-holder-s46ffcf99\" class=\"thz-section-holder section-notcontained thz-mobile-hidden none\" data-view-brightness=\"none\">\r\n\t<section class=\"thz-section\">\r\n\t\t<div class=\"thz-section-in\">\r\n\t\t\t\t\t<div class=\"thz-container content-contained thz-site-width\">\r\n\t\t\t\t\t\t\t<\/div>\r\n\t\t\t\t<\/div>\r\n\t\t<div class=\"thz-bglayer-container\"><div id=\"thz-bglayer-d63914de\" class=\"thz-basic-bglayer\"><\/div><div id=\"thz-bglayer-bc882306\" class=\"thz-basic-bglayer\"><\/div><\/div>\t\t<\/section>\r\n<\/div>\r\n<div id=\"posts-grid\" class=\"thz-section-holder section-notcontained none\" data-view-brightness=\"none\">\r\n\t<section class=\"thz-section\">\r\n\t\t<div class=\"thz-section-in\">\r\n\t\t\t\t\t<div class=\"thz-container content-contained thz-site-width\">\r\n\t\t\t\t<div class=\"thz-row\">\r\n\t<div id=\"thz-column-c11bf96b2\" class=\"thz-column thz-col-1 fstart\">\r\n\t<div class=\"thz-column-container\">\r\n        <div class=\"thz-column-in\">\r\n                        <div class=\"thz-column-shortcodes\">\t\r\n                <div id=\"thz-sh-efc4665b\" class=\"thz-shc thz-heading thz-sh-efc4665b thz-sh-plain thz-sh-pos-both\">\r\n\t<div class=\"thz-heading-holder\">\r\n\t\t\t\t\t\t\t<\/div>\r\n<\/div><div id=\"thz-posts-1acc7ace\" class=\"thz-shc thz-items-grid-holder thz-is-isotope thz-posts-holder thz-items-grid-thz-ratio-1-1 thz-grid-has-col-4 thz-lightbox-mode-single thz-mfp-hide-slider\">\r\n                     <ul id=\"thz-posts-filter-1acc7ace\" class=\"thz-items-grid-categories thz-posts-filter\">\r\n                <li class=\"thz-items-categories-item\">\r\n                    <a class=\"active thz-posts-filter-link\" href='#' data-filter-value=\".category_all\">\r\n                        All                    <\/a>\r\n                <\/li>\r\n                                <li class=\"thz-items-categories-item\">\r\n                    <a class=\"thz-posts-filter-link\" href='#' data-filter-value=\".category_586\">\r\n                        Topographe                    <\/a>\r\n                <\/li>\r\n                            <\/ul>\r\n         \t\t<div id=\"thz-posts-1acc7ace-inner\" class=\"thz-items-grid thz-items-display-introunder\" data-maxpages=\"1\" data-pagination=\"click\" data-itemsload=\"12\" data-layout-type=\"thz-ratio-1-1\" data-display-mode=\"introunder\" data-shortcodeid=\"1acc7ace\" data-objectid=\"912\" data-isotope-mode=\"packery\" data-minwidth=\"230\">\r\n\t\t\t            <div class=\"thz-items-sizer\"><\/div>\r\n                   \r\n                 \r\n\t\t\t<div class=\"thz-grid-item category_all category_581 category_586 thz-posts-item-11240 thz-grid-item-odd\" data-itemid=\"11240\" data-mode=\"introunder\" data-cats=\"{&amp;quot;category_581&amp;quot;:&amp;quot;\\u00c9quipement diagnostique&amp;quot;,&amp;quot;category_586&amp;quot;:&amp;quot;Topographe&amp;quot;}\">\t<div class=\"thz-grid-item-in\">\r\n    \t\t\t<div class=\"thz-grid-item-media-holder\">\r\n\t\t\t<div class=\"thz-grid-item-media\">\r\n\t\t\t\t\t\t\t\t\t            <div class=\"thz-aspect thz-ratio-1-1\">\r\n            <div class=\"thz-ratio-in\">\r\n                                <div class=\"thz-hover thz-hover-img-mask thz-hover-bg-none thz-hover-fadein thz-img-none thz-transease-04 thz-items-grid-image\" style=\"background-image:url(https:\/\/medivision.be\/fr\/wp-content\/uploads\/2021\/10\/Scansys-TA517-350x223.png);\">\r\n\t\t\t\t\t                                         \r\n                    <div class=\"thz-hover-mask thz-transease-04\">                        <div class=\"thz-hover-mask-table\">\r\n                            <a class=\"thz-hover-link\" href=\"https:\/\/medivision.be\/fr\/product\/scansys-ta517\/\"><\/a>\r\n                                                        <div class=\"thz-hover-icons thz-comein-none thz-transease-05\">\r\n                                <a class=\"thz-hover-icon thz-hover-media-icon circle thz-fs-16 thz-vp-10 thz-hp-10 thz-lightbox mfp-image\" href=\"#\" data-mfp-src=\"https:\/\/medivision.be\/fr\/wp-content\/uploads\/2021\/10\/Scansys-TA517.png\" data-bg=\"mfp-dark\" data-opacity=\"mfp-opacity-08\" data-effect=\"mfp-zoom-out\" data-mfp-title=\"Scansys TA517\" data-modal-size=\"large\"><span class=\"thzicon thzicon-plus\"><\/span><\/a>                            <\/div>                        <\/div>\r\n                    <\/div>\r\n                                    <\/div>\r\n                            <\/div>\r\n        <\/div>\r\n                                        \t\t\t<\/div>\r\n\t\t<\/div>\r\n                \t\t<div class=\"thz-grid-item-intro-holder\">\r\n        \t\t\t\t<div class=\"thz-grid-item-poz\">\r\n\t\t\t\t<div class=\"thz-grid-item-intro thz-align-left\">\r\n\t\t\t\t\t\t\t\t\t\t                    \t\t\t\t\t\t\t\t\t\t<h3 class=\"thz-grid-item-title\">\r\n\t\t\t\t\t\t<a href=\"https:\/\/medivision.be\/fr\/product\/scansys-ta517\/\">\r\n\t\t\t\t\t\t\tSCANSYS TA517 | Analyseur de segment ant\u00e9rieur\t\t\t\t\t\t<\/a>\r\n\t\t\t\t\t<\/h3>\r\n\t\t\t\t\t                    \t\t\t\t\t\t\t\t\t\t\t\t\t\t\t\t\t\t\t\t<div class=\"thz-grid-item-intro-text\">\r\n\t\t\t\t\t\t<ul>\r\n    <li>Grand confort du patient<\/li>\r\n    <li>Nettoyage facile<\/li>\r\n    <li>Coussins amovibles<\/li>\r\n<\/ul>\r\n\t\t\t\t\t<\/div>\r\n\t\t\t\t\t\t\t\t\t\t\t\t\t\t\t<div class=\"thz-grid-item-button\">\r\n\t\t\t\t\t\t<div class=\"thz-btn-container thz-custom-btn-44726 ctm-btn thz-mt-24\"><a class=\"thz-button thz-btn-large thz-radius-8 thz-btn-border-1 thz-align-center\" href=\"https:\/\/medivision.be\/fr\/product\/scansys-ta517\/\"><span class=\"thz-btn-text thz-fs-16 thz-fw-600\">Plus d\u2019information <\/span><\/a><\/div>\t\t\t\t\t<\/div>\r\n\t\t\t\t\t                    \t\t\t\t\t                    \r\n\t\t\t\t<\/div>\r\n\t\t\t<\/div>\r\n\t\t\t\t\t<\/div>\r\n        \t<\/div><\/div>                 \r\n\t\t<\/div>\r\n        \t\t        <div class=\"thz-items-gutter-adjust\"><\/div>\r\n                 \r\n\t\t\t\t\t<div class=\"thz-items-loading\"><\/div>\r\n\t\t\t\t\t<div id=\"thz-portfolio-scrollto-1acc7ace\" class=\"thz-items-scrollto\"><\/div>\r\n        <\/div>\r\n            <\/div>\r\n                                            <\/div>\r\n    <\/div>\r\n<\/div><\/div>\t\t\t<\/div>\r\n\t\t\t\t<\/div>\r\n\t\t\t\t<\/section>\r\n<\/div>\r\n<div id=\"thz-section-holder-sc958a0c0\" class=\"thz-section-holder section-notcontained none\" data-view-brightness=\"none\">\r\n\t<section class=\"thz-section\">\r\n\t\t<div class=\"thz-section-in\">\r\n\t\t\t\t\t<div class=\"thz-container content-contained thz-site-width\">\r\n\t\t\t\t<div id=\"thz-sh-3beaf334\" class=\"thz-shc thz-heading thz-sh-3beaf334 thz-sh-plain thz-sh-pos-both\">\r\n\t<div class=\"thz-heading-holder\">\r\n\t\t\t\t<h2 class=\"thz-heading-title\">Scansys Analyseur de segment ant\u00e9rieur<\/h2>\t\t\t<\/div>\r\n<\/div><ul id=\"thz-shortcode-list-afb3efa8\" class=\"thz-shc thz-icons-list thz-shortcode-list-afb3efa8\"><li id=\"thz-list-item-50559ecf\" class=\"thz-list-item\"><i class=\"eva eva-checkmark-circle\"><\/i> HAUTE R\u00c9SOLUTION<\/li><li id=\"thz-list-item-c915047e\" class=\"thz-list-item\"><i class=\"eva eva-checkmark-circle\"><\/i> ANALYSE PR\u00c9-SEGMENT EXTENSIVE<\/li><li id=\"thz-list-item-811d7389\" class=\"thz-list-item\"><i class=\"eva eva-checkmark-circle\"><\/i> CALCUL LIO POSSIBLE<\/li><\/ul><div id=\"thz-text-block-9fcd7f05\" class=\"thz-shc thz-text-block\"><p>Analyse compl\u00e8te du pr\u00e9-segment incluant l'arri\u00e8re de la corn\u00e9e \u00e0 l'aide d'une cam\u00e9ra Scheimpflug de haute r\u00e9solution, options topographie et logiciel clair.<\/p><h3>Qu\u2019est-ce que c\u2019est la topographie de la corn\u00e9e?<\/h3><p>Dans la topographie de la corn\u00e9e, la surface de la corn\u00e9e qui refl\u00e8te des rayons de lumi\u00e8re ou des images, sera cartographi\u00e9e. Un topographe de la corn\u00e9e peut afficher diff\u00e9rents types de cartes. Comme une carte de puissance r\u00e9fractive, qui montre la puissance de rupture de l'avant de la corn\u00e9e. Il y a aussi la carte du radius \u2013 une carte qui montre la courbure de la corn\u00e9e. La carte de distorsion montre les d\u00e9formations locales de la corn\u00e9e et la carte de pachym\u00e9trie montre une vue d'ensemble de l'\u00e9paisseur de la corn\u00e9e.<\/p><p>Si vous mesurez avec un topographe corn\u00e9al, la forme de la corn\u00e9e est mesur\u00e9e avec pr\u00e9cision. La courbure de la corn\u00e9e est mesur\u00e9e a plus de 2000 points. Il ne faut que quelques secondes pour que la forme de la corn\u00e9e soit affich\u00e9e. Pour vos clients, une recherche avec un topographe corn\u00e9al n'est pas douloureuse, ils ne sentiront rien.<\/p><h3>Topographie de la corn\u00e9e : Recherche pr\u00e9cise de la corn\u00e9e<\/h3><p>La topographie de la corn\u00e9e peut non seulement \u00eatre utilis\u00e9e pour effectuer un balayage tridimensionnel, mais vous pouvez \u00e9galement \u00e9tudier la corn\u00e9e avec pr\u00e9cision. De cette fa\u00e7on, les d\u00e9viations de la corn\u00e9e peuvent \u00eatre d\u00e9tect\u00e9es et clairement identifi\u00e9es. Ceci est important pour la mesure des lentilles de contact.<\/p><h3>Autor\u00e9fractom\u00e8tre avec topographe<\/h3><p>Optiekvision fournit non seulement des topographes disparates, mais il est \u00e9galement possible de fournir un autor\u00e9fracteur avec un topographe. En plus de la topographie, ces auto r\u00e9fractom\u00e8tres disposent \u00e9galement du tonom\u00e9trie, pupillom\u00e9trie et wavefronanalysis. Le Visonix VX120 est un exemple de dispositif de diagnostic complet.<\/p><\/div>\t\t\t<\/div>\r\n\t\t\t\t<\/div>\r\n\t\t\t\t<\/section>\r\n<\/div>\r\n<\/p>\n","protected":false},"excerpt":{"rendered":"<p>SCANSYS TA517 | Analyseur de segment ant\u00e9rieurLe Scansys TA517 offre une solution professionnelle pour l&#8217;examen du segment ant\u00e9rieur de l&#8217;\u0153il. Cet instrument est dot\u00e9 d&#8217;une cam\u00e9ra Scheimpflug haute r\u00e9solution capable de capturer des images de tomographie corn\u00e9enne d&#8217;une qualit\u00e9 exceptionnelle. De plus, le TA517 vous offre diverses options de topographie \u00e9tendues.Le Scansys TA517 est indispensable dans diverses applications ophtalmiques, telles que : diagnostic et progression du k\u00e9ratoc\u00f4ne, optimisation de la LIO, adaptation de lentilles de contact, analyse de chambre ant\u00e9rieure. Demander un devis Informations Sp\u00e9cifications Demander une d\u00e9mo Diagnostic de k\u00e9ratoc\u00f4neLe Scansys TA517 peut vous montrer la probabilit\u00e9 de d\u00e9velopper un k\u00e9ratoc\u00f4ne \u00e0 l&#8217;aide d&#8217;un algorithme d&#8217;IA. \u00c0 l&#8217;aide des cartes topographiques, le k\u00e9ratoc\u00f4ne peut \u00eatre analys\u00e9 et diagnostiqu\u00e9 avec pr\u00e9cision.Chirurgie r\u00e9fractionUne analyse compl\u00e8te des aberrations corn\u00e9ennes permet des analyses pr\u00e9- et post-op\u00e9ratoires pr\u00e9cises.Optimisation de la LIOSp\u00e9cialement d\u00e9velopp\u00e9 pour la chirurgie de la cataracte, le TA517 aide l&#8217;examinateur \u00e0 choisir la bonne lentille, aussi dans le cas de lentilles toriques ou multifocales.Implants de lentillesLe scansys TA517 vous assiste en g\u00e9n\u00e9rant des images haute r\u00e9solution. De plus, le TA517 mesure les param\u00e8tres n\u00e9cessaires pour placer des implants de lentille et vous conseille sur le diam\u00e8tre correct pour la lentille d&#8217;implant. Caract\u00e9ristiquesCam\u00e9raCam\u00e9ra [&hellip;]<\/p>\n","protected":false},"author":1,"featured_media":0,"parent":912,"menu_order":0,"comment_status":"closed","ping_status":"closed","template":"template-parts\/page-builder.php","meta":{"footnotes":""},"tags":[],"class_list":["post-1262","page","type-page","status-publish","hentry"],"acf":[],"yoast_head":"<!-- This site is optimized with the Yoast SEO plugin v26.5 - https:\/\/yoast.com\/wordpress\/plugins\/seo\/ -->\n<title>Topographe | Medivision<\/title>\n<meta name=\"robots\" content=\"index, follow, max-snippet:-1, max-image-preview:large, max-video-preview:-1\" \/>\n<link rel=\"canonical\" href=\"https:\/\/medivision.be\/fr\/oogheelkunde\/equipement-de-diagnostic\/topographe\/\" \/>\n<meta property=\"og:locale\" content=\"nl_NL\" \/>\n<meta property=\"og:type\" content=\"article\" \/>\n<meta property=\"og:title\" content=\"Topographe | Medivision\" \/>\n<meta property=\"og:description\" content=\"SCANSYS TA517 | Analyseur de segment ant\u00e9rieurLe Scansys TA517 offre une solution professionnelle pour l&#039;examen du segment ant\u00e9rieur de l&#039;\u0153il. Cet instrument est dot\u00e9 d&#039;une cam\u00e9ra Scheimpflug haute r\u00e9solution capable de capturer des images de tomographie corn\u00e9enne d&#039;une qualit\u00e9 exceptionnelle. De plus, le TA517 vous offre diverses options de topographie \u00e9tendues.Le Scansys TA517 est indispensable dans diverses applications ophtalmiques, telles que : diagnostic et progression du k\u00e9ratoc\u00f4ne, optimisation de la LIO, adaptation de lentilles de contact, analyse de chambre ant\u00e9rieure. Demander un devis Informations Sp\u00e9cifications Demander une d\u00e9mo Diagnostic de k\u00e9ratoc\u00f4neLe Scansys TA517 peut vous montrer la probabilit\u00e9 de d\u00e9velopper un k\u00e9ratoc\u00f4ne \u00e0 l&#039;aide d&#039;un algorithme d&#039;IA. \u00c0 l&#039;aide des cartes topographiques, le k\u00e9ratoc\u00f4ne peut \u00eatre analys\u00e9 et diagnostiqu\u00e9 avec pr\u00e9cision.Chirurgie r\u00e9fractionUne analyse compl\u00e8te des aberrations corn\u00e9ennes permet des analyses pr\u00e9- et post-op\u00e9ratoires pr\u00e9cises.Optimisation de la LIOSp\u00e9cialement d\u00e9velopp\u00e9 pour la chirurgie de la cataracte, le TA517 aide l&#039;examinateur \u00e0 choisir la bonne lentille, aussi dans le cas de lentilles toriques ou multifocales.Implants de lentillesLe scansys TA517 vous assiste en g\u00e9n\u00e9rant des images haute r\u00e9solution. De plus, le TA517 mesure les param\u00e8tres n\u00e9cessaires pour placer des implants de lentille et vous conseille sur le diam\u00e8tre correct pour la lentille d&#039;implant. Caract\u00e9ristiquesCam\u00e9raCam\u00e9ra [&hellip;]\" \/>\n<meta property=\"og:url\" content=\"https:\/\/medivision.be\/fr\/oogheelkunde\/equipement-de-diagnostic\/topographe\/\" \/>\n<meta property=\"og:site_name\" content=\"Medivision\" \/>\n<meta property=\"article:modified_time\" content=\"2022-03-15T17:14:13+00:00\" \/>\n<meta name=\"twitter:card\" content=\"summary_large_image\" \/>\n<meta name=\"twitter:label1\" content=\"Geschatte leestijd\" \/>\n\t<meta name=\"twitter:data1\" content=\"3 minuten\" \/>\n<script type=\"application\/ld+json\" class=\"yoast-schema-graph\">{\"@context\":\"https:\/\/schema.org\",\"@graph\":[{\"@type\":\"WebPage\",\"@id\":\"https:\/\/medivision.be\/fr\/oogheelkunde\/equipement-de-diagnostic\/topographe\/\",\"url\":\"https:\/\/medivision.be\/fr\/oogheelkunde\/equipement-de-diagnostic\/topographe\/\",\"name\":\"Topographe | Medivision\",\"isPartOf\":{\"@id\":\"https:\/\/medivision.be\/fr\/#website\"},\"datePublished\":\"2020-02-01T16:03:38+00:00\",\"dateModified\":\"2022-03-15T17:14:13+00:00\",\"breadcrumb\":{\"@id\":\"https:\/\/medivision.be\/fr\/oogheelkunde\/equipement-de-diagnostic\/topographe\/#breadcrumb\"},\"inLanguage\":\"nl-NL\",\"potentialAction\":[{\"@type\":\"ReadAction\",\"target\":[\"https:\/\/medivision.be\/fr\/oogheelkunde\/equipement-de-diagnostic\/topographe\/\"]}]},{\"@type\":\"BreadcrumbList\",\"@id\":\"https:\/\/medivision.be\/fr\/oogheelkunde\/equipement-de-diagnostic\/topographe\/#breadcrumb\",\"itemListElement\":[{\"@type\":\"ListItem\",\"position\":1,\"name\":\"Home\",\"item\":\"https:\/\/medivision.be\/fr\/\"},{\"@type\":\"ListItem\",\"position\":2,\"name\":\"Oogheelkunde\",\"item\":\"https:\/\/medivision.be\/fr\/oogheelkunde\/\"},{\"@type\":\"ListItem\",\"position\":3,\"name\":\"\u00c9quipement de diagnostic\",\"item\":\"https:\/\/medivision.be\/fr\/oogheelkunde\/equipement-de-diagnostic\/\"},{\"@type\":\"ListItem\",\"position\":4,\"name\":\"Topographe\"}]},{\"@type\":\"WebSite\",\"@id\":\"https:\/\/medivision.be\/fr\/#website\",\"url\":\"https:\/\/medivision.be\/fr\/\",\"name\":\"Medivision\",\"description\":\"Laservision Instruments B.V.\",\"publisher\":{\"@id\":\"https:\/\/medivision.be\/fr\/#organization\"},\"potentialAction\":[{\"@type\":\"SearchAction\",\"target\":{\"@type\":\"EntryPoint\",\"urlTemplate\":\"https:\/\/medivision.be\/fr\/?s={search_term_string}\"},\"query-input\":{\"@type\":\"PropertyValueSpecification\",\"valueRequired\":true,\"valueName\":\"search_term_string\"}}],\"inLanguage\":\"nl-NL\"},{\"@type\":\"Organization\",\"@id\":\"https:\/\/medivision.be\/fr\/#organization\",\"name\":\"Medivision\",\"url\":\"https:\/\/medivision.be\/fr\/\",\"logo\":{\"@type\":\"ImageObject\",\"inLanguage\":\"nl-NL\",\"@id\":\"https:\/\/medivision.be\/fr\/#\/schema\/logo\/image\/\",\"url\":\"https:\/\/medivision.be\/fr\/wp-content\/uploads\/2021\/07\/Logo_image-20210728-145414_1920px.png\",\"contentUrl\":\"https:\/\/medivision.be\/fr\/wp-content\/uploads\/2021\/07\/Logo_image-20210728-145414_1920px.png\",\"width\":1920,\"height\":456,\"caption\":\"Medivision\"},\"image\":{\"@id\":\"https:\/\/medivision.be\/fr\/#\/schema\/logo\/image\/\"}}]}<\/script>\n<!-- \/ Yoast SEO plugin. -->","yoast_head_json":{"title":"Topographe | Medivision","robots":{"index":"index","follow":"follow","max-snippet":"max-snippet:-1","max-image-preview":"max-image-preview:large","max-video-preview":"max-video-preview:-1"},"canonical":"https:\/\/medivision.be\/fr\/oogheelkunde\/equipement-de-diagnostic\/topographe\/","og_locale":"nl_NL","og_type":"article","og_title":"Topographe | Medivision","og_description":"SCANSYS TA517 | Analyseur de segment ant\u00e9rieurLe Scansys TA517 offre une solution professionnelle pour l'examen du segment ant\u00e9rieur de l'\u0153il. Cet instrument est dot\u00e9 d'une cam\u00e9ra Scheimpflug haute r\u00e9solution capable de capturer des images de tomographie corn\u00e9enne d'une qualit\u00e9 exceptionnelle. De plus, le TA517 vous offre diverses options de topographie \u00e9tendues.Le Scansys TA517 est indispensable dans diverses applications ophtalmiques, telles que : diagnostic et progression du k\u00e9ratoc\u00f4ne, optimisation de la LIO, adaptation de lentilles de contact, analyse de chambre ant\u00e9rieure. Demander un devis Informations Sp\u00e9cifications Demander une d\u00e9mo Diagnostic de k\u00e9ratoc\u00f4neLe Scansys TA517 peut vous montrer la probabilit\u00e9 de d\u00e9velopper un k\u00e9ratoc\u00f4ne \u00e0 l'aide d'un algorithme d'IA. \u00c0 l'aide des cartes topographiques, le k\u00e9ratoc\u00f4ne peut \u00eatre analys\u00e9 et diagnostiqu\u00e9 avec pr\u00e9cision.Chirurgie r\u00e9fractionUne analyse compl\u00e8te des aberrations corn\u00e9ennes permet des analyses pr\u00e9- et post-op\u00e9ratoires pr\u00e9cises.Optimisation de la LIOSp\u00e9cialement d\u00e9velopp\u00e9 pour la chirurgie de la cataracte, le TA517 aide l'examinateur \u00e0 choisir la bonne lentille, aussi dans le cas de lentilles toriques ou multifocales.Implants de lentillesLe scansys TA517 vous assiste en g\u00e9n\u00e9rant des images haute r\u00e9solution. De plus, le TA517 mesure les param\u00e8tres n\u00e9cessaires pour placer des implants de lentille et vous conseille sur le diam\u00e8tre correct pour la lentille d'implant. Caract\u00e9ristiquesCam\u00e9raCam\u00e9ra [&hellip;]","og_url":"https:\/\/medivision.be\/fr\/oogheelkunde\/equipement-de-diagnostic\/topographe\/","og_site_name":"Medivision","article_modified_time":"2022-03-15T17:14:13+00:00","twitter_card":"summary_large_image","twitter_misc":{"Geschatte leestijd":"3 minuten"},"schema":{"@context":"https:\/\/schema.org","@graph":[{"@type":"WebPage","@id":"https:\/\/medivision.be\/fr\/oogheelkunde\/equipement-de-diagnostic\/topographe\/","url":"https:\/\/medivision.be\/fr\/oogheelkunde\/equipement-de-diagnostic\/topographe\/","name":"Topographe | Medivision","isPartOf":{"@id":"https:\/\/medivision.be\/fr\/#website"},"datePublished":"2020-02-01T16:03:38+00:00","dateModified":"2022-03-15T17:14:13+00:00","breadcrumb":{"@id":"https:\/\/medivision.be\/fr\/oogheelkunde\/equipement-de-diagnostic\/topographe\/#breadcrumb"},"inLanguage":"nl-NL","potentialAction":[{"@type":"ReadAction","target":["https:\/\/medivision.be\/fr\/oogheelkunde\/equipement-de-diagnostic\/topographe\/"]}]},{"@type":"BreadcrumbList","@id":"https:\/\/medivision.be\/fr\/oogheelkunde\/equipement-de-diagnostic\/topographe\/#breadcrumb","itemListElement":[{"@type":"ListItem","position":1,"name":"Home","item":"https:\/\/medivision.be\/fr\/"},{"@type":"ListItem","position":2,"name":"Oogheelkunde","item":"https:\/\/medivision.be\/fr\/oogheelkunde\/"},{"@type":"ListItem","position":3,"name":"\u00c9quipement de diagnostic","item":"https:\/\/medivision.be\/fr\/oogheelkunde\/equipement-de-diagnostic\/"},{"@type":"ListItem","position":4,"name":"Topographe"}]},{"@type":"WebSite","@id":"https:\/\/medivision.be\/fr\/#website","url":"https:\/\/medivision.be\/fr\/","name":"Medivision","description":"Laservision Instruments B.V.","publisher":{"@id":"https:\/\/medivision.be\/fr\/#organization"},"potentialAction":[{"@type":"SearchAction","target":{"@type":"EntryPoint","urlTemplate":"https:\/\/medivision.be\/fr\/?s={search_term_string}"},"query-input":{"@type":"PropertyValueSpecification","valueRequired":true,"valueName":"search_term_string"}}],"inLanguage":"nl-NL"},{"@type":"Organization","@id":"https:\/\/medivision.be\/fr\/#organization","name":"Medivision","url":"https:\/\/medivision.be\/fr\/","logo":{"@type":"ImageObject","inLanguage":"nl-NL","@id":"https:\/\/medivision.be\/fr\/#\/schema\/logo\/image\/","url":"https:\/\/medivision.be\/fr\/wp-content\/uploads\/2021\/07\/Logo_image-20210728-145414_1920px.png","contentUrl":"https:\/\/medivision.be\/fr\/wp-content\/uploads\/2021\/07\/Logo_image-20210728-145414_1920px.png","width":1920,"height":456,"caption":"Medivision"},"image":{"@id":"https:\/\/medivision.be\/fr\/#\/schema\/logo\/image\/"}}]}},"_links":{"self":[{"href":"https:\/\/medivision.be\/fr\/wp-json\/wp\/v2\/pages\/1262","targetHints":{"allow":["GET"]}}],"collection":[{"href":"https:\/\/medivision.be\/fr\/wp-json\/wp\/v2\/pages"}],"about":[{"href":"https:\/\/medivision.be\/fr\/wp-json\/wp\/v2\/types\/page"}],"author":[{"embeddable":true,"href":"https:\/\/medivision.be\/fr\/wp-json\/wp\/v2\/users\/1"}],"replies":[{"embeddable":true,"href":"https:\/\/medivision.be\/fr\/wp-json\/wp\/v2\/comments?post=1262"}],"version-history":[{"count":9,"href":"https:\/\/medivision.be\/fr\/wp-json\/wp\/v2\/pages\/1262\/revisions"}],"predecessor-version":[{"id":11522,"href":"https:\/\/medivision.be\/fr\/wp-json\/wp\/v2\/pages\/1262\/revisions\/11522"}],"up":[{"embeddable":true,"href":"https:\/\/medivision.be\/fr\/wp-json\/wp\/v2\/pages\/912"}],"wp:attachment":[{"href":"https:\/\/medivision.be\/fr\/wp-json\/wp\/v2\/media?parent=1262"}],"wp:term":[{"taxonomy":"post_tag","embeddable":true,"href":"https:\/\/medivision.be\/fr\/wp-json\/wp\/v2\/tags?post=1262"}],"curies":[{"name":"wp","href":"https:\/\/api.w.org\/{rel}","templated":true}]}}