{"id":1294,"date":"2020-02-01T17:13:07","date_gmt":"2020-02-01T16:13:07","guid":{"rendered":"https:\/\/medivision.be\/fr\/?page_id=1294"},"modified":"2022-03-15T18:47:31","modified_gmt":"2022-03-15T17:47:31","slug":"equipement-laser","status":"publish","type":"page","link":"https:\/\/medivision.be\/fr\/oogheelkunde\/equipement-laser\/","title":{"rendered":"\u00c9quipement laser"},"content":{"rendered":"<p><div id=\"thz-section-holder-s46ffcf99\" class=\"thz-section-holder section-notcontained thz-mobile-hidden none\" data-view-brightness=\"none\">\r\n\t<section class=\"thz-section\">\r\n\t\t<div class=\"thz-section-in\">\r\n\t\t\t\t\t<div class=\"thz-container content-contained thz-site-width\">\r\n\t\t\t\t\t\t\t<\/div>\r\n\t\t\t\t<\/div>\r\n\t\t<div class=\"thz-bglayer-container\"><div id=\"thz-bglayer-d63914de\" class=\"thz-basic-bglayer\"><\/div><div id=\"thz-bglayer-bc882306\" class=\"thz-basic-bglayer\"><\/div><\/div>\t\t<\/section>\r\n<\/div>\r\n<div id=\"thz-section-holder-se9cd4836\" class=\"thz-section-holder section-notcontained none\" data-view-brightness=\"none\">\r\n\t<section class=\"thz-section\">\r\n\t\t<div class=\"thz-section-in\">\r\n\t\t\t\t\t<div class=\"thz-container content-contained thz-site-width\">\r\n\t\t\t\t<div id=\"thz-sh-efc4665b\" class=\"thz-shc thz-heading thz-sh-efc4665b thz-sh-plain thz-sh-pos-both\">\r\n\t<div class=\"thz-heading-holder\">\r\n\t\t\t\t\t\t\t<\/div>\r\n<\/div><div class=\"thz-row\">\r\n\t<div id=\"thz-column-cc0533756\" class=\"thz-column thz-col-1-4 fstart\">\r\n\t<div class=\"thz-column-container\">\r\n        <div class=\"thz-column-in\">\r\n                        <div class=\"thz-column-shortcodes\">\t\r\n                <div id=\"thz-media-image-ab8dd930\" class=\"thz-shc thz-media-image-container thz-media-mode-none\"><div class=\"thz-media-item thz-media-item-image\"><div class=\"thz-media-image-ratio thz-aspect thz-ratio-1-1\"><div class=\"thz-ratio-in\"><div class=\"thz-hover thz-hover-img-mask \" style=\"background-image:url(https:\/\/medivision.be\/fr\/wp-content\/uploads\/2021\/08\/MRQ.png);\"><a class=\"thz-hover-link\" href=\"\/oogheelkunde\/equipement-laser\/slt-lasers\/\" target=\"_self\"><\/a><\/div><\/div><\/div><\/div><\/div><div id=\"thz-text-block-1e72f770\" class=\"thz-shc thz-text-block\"><h3><span style=\"color: #000000;\">YAG\/SLT lasers<\/span><\/h3><\/div><ul id=\"thz-shortcode-list-a47ce8f8\" class=\"thz-shc thz-icons-list thz-shortcode-list-a47ce8f8\"><li id=\"thz-list-item-ce9618a5\" class=\"thz-list-item\"><i class=\"eva eva-checkmark-circle\"><\/i> Microscope \u00e0 lampe \u00e0 fente int\u00e9gr\u00e9 <\/li><li id=\"thz-list-item-f3a82784\" class=\"thz-list-item\"><i class=\"eva eva-checkmark-circle\"><\/i> YAG et SLT dans un seul syst\u00e8me <\/li><li id=\"thz-list-item-2a7611db\" class=\"thz-list-item\"><i class=\"eva eva-checkmark-circle\"><\/i> Extr\u00eamement pr\u00e9cis <\/li><\/ul><div class=\"thz-clear\"><\/div><div id=\"thz-divider-8e269983\" class=\"thz-shc thz-divider-8e269983 thz-divider-holder\"><div class=\"thz-divider\"><\/div><\/div><div class=\"thz-btn-container\"><a class=\"thz-button thz-btn-theme thz-btn-normal thz-radius-4 thz-btn-border-1 thz-align-center\" href=\"\/oogheelkunde\/equipement-laser\/slt-lasers\/\"><span class=\"thz-btn-text thz-fs-14 thz-fw-400\">Plus d\u2019information<\/span><\/a><\/div>            <\/div>\r\n                                            <\/div>\r\n    <\/div>\r\n<\/div><div id=\"thz-column-c3b87eded\" class=\"thz-column thz-col-1-4 fstart\">\r\n\t<div class=\"thz-column-container\">\r\n        <div class=\"thz-column-in\">\r\n                        <div class=\"thz-column-shortcodes\">\t\r\n                <div id=\"thz-media-image-efe8bd18\" class=\"thz-shc thz-media-image-container thz-media-mode-none\"><div class=\"thz-media-item thz-media-item-image\"><img loading=\"lazy\" decoding=\"async\" width=\"570\" height=\"570\" src=\"https:\/\/medivision.be\/fr\/wp-content\/uploads\/2021\/08\/Q-Supine-product-570x570.jpg\" class=\"\" alt=\"Q-Supine-product\" srcset=\"https:\/\/medivision.be\/fr\/wp-content\/uploads\/2021\/08\/Q-Supine-product-570x570.jpg 570w, https:\/\/medivision.be\/fr\/wp-content\/uploads\/2021\/08\/Q-Supine-product-300x300.jpg 300w, https:\/\/medivision.be\/fr\/wp-content\/uploads\/2021\/08\/Q-Supine-product-150x150.jpg 150w, https:\/\/medivision.be\/fr\/wp-content\/uploads\/2021\/08\/Q-Supine-product-350x350.jpg 350w, https:\/\/medivision.be\/fr\/wp-content\/uploads\/2021\/08\/Q-Supine-product-570x570.jpg 520w\" sizes=\"auto, (max-width: 570px) 100vw, 570px\" \/><a class=\"thz-hover-link\" href=\"\/oogheelkunde\/equipement-laser\/yag-lasers\/\" target=\"_self\"><\/a><\/div><\/div><div id=\"thz-text-block-2f106b46\" class=\"thz-shc thz-text-block\"><h3><span style=\"color: #000000;\">YAG lasers<\/span><\/h3><\/div><ul id=\"thz-shortcode-list-555a7e8d\" class=\"thz-shc thz-icons-list thz-shortcode-list-555a7e8d\"><li id=\"thz-list-item-f779c470\" class=\"thz-list-item\"><i class=\"eva eva-checkmark-circle\"><\/i> Converger et se concentrer<\/li><li id=\"thz-list-item-681676bb\" class=\"thz-list-item\"><i class=\"eva eva-checkmark-circle\"><\/i> S\u00fbr et pr\u00e9cis<\/li><li id=\"thz-list-item-add1137c\" class=\"thz-list-item\"><i class=\"eva eva-checkmark-circle\"><\/i> Ant\u00e9rieur et post\u00e9rieur<\/li><\/ul><div class=\"thz-clear\"><\/div><div id=\"thz-divider-5b3f014a\" class=\"thz-shc thz-divider-5b3f014a thz-divider-holder\"><div class=\"thz-divider\"><\/div><\/div><div class=\"thz-btn-container\"><a class=\"thz-button thz-btn-theme thz-btn-normal thz-radius-4 thz-btn-border-1 thz-align-center\" href=\"\/oogheelkunde\/equipement-laser\/yag-lasers\/\"><span class=\"thz-btn-text thz-fs-14 thz-fw-400\">Meer informatie<\/span><\/a><\/div>            <\/div>\r\n                                            <\/div>\r\n    <\/div>\r\n<\/div><div id=\"thz-column-c3c61a697\" class=\"thz-column thz-col-1-4 fstart\">\r\n\t<div class=\"thz-column-container\">\r\n        <div class=\"thz-column-in\">\r\n                        <div class=\"thz-column-shortcodes\">\t\r\n                <div id=\"thz-media-image-54a1a82d\" class=\"thz-shc thz-media-image-container thz-media-mode-none\"><div class=\"thz-media-item thz-media-item-image\"><div class=\"thz-media-image-ratio thz-aspect thz-ratio-1-1\"><div class=\"thz-ratio-in\"><div class=\"thz-hover thz-hover-img-mask \" style=\"background-image:url(https:\/\/medivision.be\/fr\/wp-content\/uploads\/2021\/06\/valon_tt-570x855.jpg);\"><a class=\"thz-hover-link\" href=\"\/oogheelkunde\/equipement-laser\/lasers-a-motifs\/\" target=\"_self\"><\/a><\/div><\/div><\/div><\/div><\/div><div id=\"thz-text-block-41afdafe\" class=\"thz-shc thz-text-block\"><h3><span style=\"color: #000000;\">lasers \u00e0 motifs<\/span><\/h3><\/div><ul id=\"thz-shortcode-list-e6268a81\" class=\"thz-shc thz-icons-list thz-shortcode-list-e6268a81\"><li id=\"thz-list-item-28d8d985\" class=\"thz-list-item\"><i class=\"eva eva-checkmark-circle\"><\/i> Une technologie \u00e0 impulsions courtes <\/li><li id=\"thz-list-item-4e46669f\" class=\"thz-list-item\"><i class=\"eva eva-checkmark-circle\"><\/i> Une solution pour \u00e9pargner les tissus <\/li><li id=\"thz-list-item-0ce7ee54\" class=\"thz-list-item\"><i class=\"eva eva-checkmark-circle\"><\/i> S\u00e9curit\u00e9 et confort <\/li><\/ul><div class=\"thz-clear\"><\/div><div id=\"thz-divider-03eacd92\" class=\"thz-shc thz-divider-03eacd92 thz-divider-holder\"><div class=\"thz-divider\"><\/div><\/div><div class=\"thz-btn-container\"><a class=\"thz-button thz-btn-theme thz-btn-normal thz-radius-4 thz-btn-border-1 thz-align-center\" href=\"\/oogheelkunde\/equipement-laser\/lasers-a-motifs\/\"><span class=\"thz-btn-text thz-fs-14 thz-fw-400\">Meer informatie<\/span><\/a><\/div>            <\/div>\r\n                                            <\/div>\r\n    <\/div>\r\n<\/div><\/div>\t\t\t<\/div>\r\n\t\t\t\t<\/div>\r\n\t\t\t\t<\/section>\r\n<\/div>\r\n<div id=\"thz-section-holder-sc958a0c0\" class=\"thz-section-holder section-notcontained none\" data-view-brightness=\"none\">\r\n\t<section class=\"thz-section\">\r\n\t\t<div class=\"thz-section-in\">\r\n\t\t\t\t\t<div class=\"thz-container content-contained thz-site-width\">\r\n\t\t\t\t<div id=\"thz-sh-4e43c073\" class=\"thz-shc thz-heading thz-sh-4e43c073 thz-sh-plain thz-sh-pos-both\">\r\n\t<div class=\"thz-heading-holder\">\r\n\t\t\t\t<h2 class=\"thz-heading-title\"><b>Large gamme d'\u00e9quipements laser ophtalmiques<\/b><span style=\"font-weight: 400;\">\u00a0<\/span><\/h2>\t\t\t<\/div>\r\n<\/div><ul id=\"thz-shortcode-list-afb3efa8\" class=\"thz-shc thz-icons-list thz-shortcode-list-afb3efa8\"><li id=\"thz-list-item-50559ecf\" class=\"thz-list-item\"><i class=\"eva eva-checkmark-circle\"><\/i> L\u2019objectif consiste en des traitements ambulatoires confortables et peu invasifs<\/li><li id=\"thz-list-item-c915047e\" class=\"thz-list-item\"><i class=\"eva eva-checkmark-circle\"><\/i> Focus sur les traitements laser n\u00e9cessaires <\/li><li id=\"thz-list-item-811d7389\" class=\"thz-list-item\"><i class=\"eva eva-checkmark-circle\"><\/i> Les lasers YAG, les lasers SLT, les lasers YAG\/SLT, les lasers \u00e0 point unique et \u00e0 motif et les lasers \u00e0 flotteur <\/li><\/ul><div id=\"thz-text-block-360afdb4\" class=\"thz-shc thz-text-block\"><div class=\"term-description\"><p><span style=\"font-weight: 400;\">Les lasers jouent un r\u00f4le de plus en plus important en ophtalmologie. Laser signifie litt\u00e9ralement\u00a0: Amplification de la lumi\u00e8re par \u00e9mission stimul\u00e9e de rayonnement. Ce faisceau de lumi\u00e8re concentr\u00e9 peut \u00eatre dirig\u00e9 vers le tissu \u00e0 traiter via une lampe \u00e0 fente. Il existe environ deux types de traitements possibles avec un laser ophtalmique, \u00e0 savoir les traitements laser n\u00e9cessaires et les traitements laser cosm\u00e9tiques.\u00a0<\/span><\/p><\/div><\/div><div id=\"thz-sh-3beaf334\" class=\"thz-shc thz-heading thz-sh-3beaf334 thz-sh-plain thz-sh-pos-both\">\r\n\t<div class=\"thz-heading-holder\">\r\n\t\t\t\t<h3 class=\"thz-heading-title\"><b>Les traitements au laser n\u00e9cessaires sont au centre de cette discipline<\/b><span style=\"font-weight: 400;\">\u00a0<\/span><\/h3>\t\t\t<\/div>\r\n<\/div><div id=\"thz-text-block-9fcd7f05\" class=\"thz-shc thz-text-block\"><p><span style=\"font-weight: 400;\">Les traitements n\u00e9cessaires d\u00e9signent les traitements m\u00e9dicalement n\u00e9cessaires. Un exemple est un traitement post-cataracte apr\u00e8s une chirurgie de la cataracte. Un traitement esth\u00e9tique au laser n'est pas strictement n\u00e9cessaire d'un point de vue m\u00e9dical, mais est tout de m\u00eame pratiqu\u00e9 dans de nombreux cas. Le laser \u00e0 r\u00e9fraction en est un bon exemple. Ce laser traite les irr\u00e9gularit\u00e9s de la corn\u00e9e et corrige ainsi la dioptrie des lunettes\/lentilles d'un patient. MediVision se concentre sur les traitements laser n\u00e9cessaires avec sa gamme laser ophtalmique. La gamme comprend des <a href=\"https:\/\/www.laservision.nl\/medisch\/specialiteiten\/oogheelkunde\/laserapparatuur\/yag-lasers\/\">lasers Yalas, des lasers SLT<\/a>, des lasers YAG\/SLT, des lasers \u00e0 point unique, des lasers \u00e0 motifs et des lasers \u00e0 flotteur. (les lasers \u00e0 point unique et \u00e0 motif sont \u00e9galement appel\u00e9s lasers r\u00e9tiniens ou lasers \u00e0 argon). Les d\u00e9veloppements au sein de du laser visent principalement \u00e0 offrir au patient un traitement rapide et indolore pouvant \u00eatre effectu\u00e9 en ambulatoire. De plus, les \u00e9volutions technologiques offrent au praticien de plus en plus d'options en ce qui concerne le traitement d'une maladie sp\u00e9cifique et un \u00e9ventail plus large de maladies \u00e0 traiter. Pour le patient, cela signifie que le traitement peut souvent \u00eatre effectu\u00e9 en ambulatoire et qu'il est peu invasif. En cons\u00e9quence, les risques d'infection\/complication sont minimes et l'objectif est d'obtenir un traitement sans douleur.\u00a0<\/span><\/p><\/div><div id=\"thz-sh-6e76b025\" class=\"thz-shc thz-heading thz-sh-6e76b025 thz-sh-plain thz-sh-pos-both\">\r\n\t<div class=\"thz-heading-holder\">\r\n\t\t\t\t<h3 class=\"thz-heading-title\"><b>Quels traitements peuvent \u00eatre effectu\u00e9s avec un laser ?<\/b><span style=\"font-weight: 400;\">\u00a0<\/span><\/h3>\t\t\t<\/div>\r\n<\/div><div id=\"thz-text-block-8332bd76\" class=\"thz-shc thz-text-block\"><p><span style=\"font-weight: 400;\">Il existe diff\u00e9rents lasers, donc aussi diff\u00e9rents traitements. Un Yaglaser est principalement utilis\u00e9 pour les post-cataractes et l'iridotomie, alors qu\u2019un laser SLT est utilis\u00e9 pour le traitement du glaucome par laser du syst\u00e8me trab\u00e9culaire. Avec ce traitement, la PIO (pression intraoculaire, aussi appel\u00e9e pression oculaire) diminue. Ce traitement est r\u00e9p\u00e9table car le tissu du syst\u00e8me trab\u00e9culaire n'est pas affect\u00e9 par le traitement.<br \/><\/span><span style=\"font-weight: 400;\">Il existe \u00e9galement des lasers \u00e0 flotteur qui traite les flotteurs de la chambre post\u00e9rieure de l'\u0153il. Souvent, il suffit de d\u00e9placer le flotteur pour qu'il disparaisse de la ligne de mire. Parfois, il doit \u00eatre compl\u00e8tement retir\u00e9. Les lasers \u00e0 point unique et les lasers \u00e0 motifs, \u00e9galement appel\u00e9s lasers r\u00e9tiniens, sont \u00e9galement r\u00e9guli\u00e8rement utilis\u00e9s en ophtalmologie. Cela permet de traiter la r\u00e9tine (lire : coaguler). Le laser provoque une br\u00fblure sur la r\u00e9tine. Les lasers r\u00e9tiniens impliquent souvent l'arr\u00eat\/l'inhibition d'une maladie particuli\u00e8re, telle que l'approche de la n\u00e9ovascularisation.\u00a0<\/span><\/p><\/div><div id=\"thz-sh-7fb8d239\" class=\"thz-shc thz-heading thz-sh-7fb8d239 thz-sh-plain thz-sh-pos-both\">\r\n\t<div class=\"thz-heading-holder\">\r\n\t\t\t\t<h3 class=\"thz-heading-title\"><b>MediVision est votre point de contact pour les \u00e9quipements laser<\/b><span style=\"font-weight: 400;\">\u00a0<\/span><\/h3>\t\t\t<\/div>\r\n<\/div><div id=\"thz-text-block-7250fd60\" class=\"thz-shc thz-text-block\"><p><span style=\"font-weight: 400;\">Vous souhaitez tout savoir sur MediVision et de l\u2019aide pour trouver une r\u00e9ponse \u00e0 vos questions?<br \/><\/span><span style=\"font-weight: 400;\">Veuillez nous contacter pour plus d'informations.<\/span><\/p><\/div>\t\t\t<\/div>\r\n\t\t\t\t<\/div>\r\n\t\t\t\t<\/section>\r\n<\/div>\r\n<\/p>\n","protected":false},"excerpt":{"rendered":"<p>YAG\/SLT lasers Microscope \u00e0 lampe \u00e0 fente int\u00e9gr\u00e9 YAG et SLT dans un seul syst\u00e8me Extr\u00eamement pr\u00e9cis Plus d\u2019information YAG lasers Converger et se concentrer S\u00fbr et pr\u00e9cis Ant\u00e9rieur et post\u00e9rieurMeer informatie lasers \u00e0 motifs Une technologie \u00e0 impulsions courtes Une solution pour \u00e9pargner les tissus S\u00e9curit\u00e9 et confort Meer informatie Large gamme d&#8217;\u00e9quipements laser ophtalmiques\u00a0 L\u2019objectif consiste en des traitements ambulatoires confortables et peu invasifs Focus sur les traitements laser n\u00e9cessaires Les lasers YAG, les lasers SLT, les lasers YAG\/SLT, les lasers \u00e0 point unique et \u00e0 motif et les lasers \u00e0 flotteur Les lasers jouent un r\u00f4le de plus en plus important en ophtalmologie. Laser signifie litt\u00e9ralement\u00a0: Amplification de la lumi\u00e8re par \u00e9mission stimul\u00e9e de rayonnement. Ce faisceau de lumi\u00e8re concentr\u00e9 peut \u00eatre dirig\u00e9 vers le tissu \u00e0 traiter via une lampe \u00e0 fente. Il existe environ deux types de traitements possibles avec un laser ophtalmique, \u00e0 savoir les traitements laser n\u00e9cessaires et les traitements laser cosm\u00e9tiques.\u00a0 Les traitements au laser n\u00e9cessaires sont au centre de cette discipline\u00a0 Les traitements n\u00e9cessaires d\u00e9signent les traitements m\u00e9dicalement n\u00e9cessaires. Un exemple est un traitement post-cataracte apr\u00e8s une chirurgie de la cataracte. Un traitement esth\u00e9tique au laser n&#8217;est pas strictement n\u00e9cessaire d&#8217;un [&hellip;]<\/p>\n","protected":false},"author":1,"featured_media":0,"parent":830,"menu_order":0,"comment_status":"closed","ping_status":"closed","template":"template-parts\/page-builder.php","meta":{"footnotes":""},"tags":[],"class_list":["post-1294","page","type-page","status-publish","hentry"],"acf":[],"yoast_head":"<!-- This site is optimized with the Yoast SEO plugin v26.5 - https:\/\/yoast.com\/wordpress\/plugins\/seo\/ -->\n<title>\u00c9quipement laser Breed Aanbod Oogheelkunde | Medivision<\/title>\n<meta name=\"description\" content=\"Binnen de oogheelkunde spelen lasers een steeds belangrijkere rol. Via een spleetlamp kan een laserstraal worden gericht op het behandelen van weefsel.\" \/>\n<meta name=\"robots\" content=\"index, follow, max-snippet:-1, max-image-preview:large, max-video-preview:-1\" \/>\n<link rel=\"canonical\" href=\"https:\/\/medivision.be\/fr\/oogheelkunde\/equipement-laser\/\" \/>\n<meta property=\"og:locale\" content=\"nl_NL\" \/>\n<meta property=\"og:type\" content=\"article\" \/>\n<meta property=\"og:title\" content=\"\u00c9quipement laser Breed Aanbod Oogheelkunde | Medivision\" \/>\n<meta property=\"og:description\" content=\"Binnen de oogheelkunde spelen lasers een steeds belangrijkere rol. Via een spleetlamp kan een laserstraal worden gericht op het behandelen van weefsel.\" \/>\n<meta property=\"og:url\" content=\"https:\/\/medivision.be\/fr\/oogheelkunde\/equipement-laser\/\" \/>\n<meta property=\"og:site_name\" content=\"Medivision\" \/>\n<meta property=\"article:modified_time\" content=\"2022-03-15T17:47:31+00:00\" \/>\n<meta property=\"og:image\" content=\"https:\/\/medivision.be\/fr\/wp-content\/uploads\/2021\/08\/Q-Supine-product-570x570.jpg\" \/>\n<meta name=\"twitter:card\" content=\"summary_large_image\" \/>\n<meta name=\"twitter:label1\" content=\"Geschatte leestijd\" \/>\n\t<meta name=\"twitter:data1\" content=\"3 minuten\" \/>\n<script type=\"application\/ld+json\" class=\"yoast-schema-graph\">{\"@context\":\"https:\/\/schema.org\",\"@graph\":[{\"@type\":\"WebPage\",\"@id\":\"https:\/\/medivision.be\/fr\/oogheelkunde\/equipement-laser\/\",\"url\":\"https:\/\/medivision.be\/fr\/oogheelkunde\/equipement-laser\/\",\"name\":\"\u00c9quipement laser Breed Aanbod Oogheelkunde | Medivision\",\"isPartOf\":{\"@id\":\"https:\/\/medivision.be\/fr\/#website\"},\"primaryImageOfPage\":{\"@id\":\"https:\/\/medivision.be\/fr\/oogheelkunde\/equipement-laser\/#primaryimage\"},\"image\":{\"@id\":\"https:\/\/medivision.be\/fr\/oogheelkunde\/equipement-laser\/#primaryimage\"},\"thumbnailUrl\":\"https:\/\/medivision.be\/fr\/wp-content\/uploads\/2021\/08\/Q-Supine-product-570x570.jpg\",\"datePublished\":\"2020-02-01T16:13:07+00:00\",\"dateModified\":\"2022-03-15T17:47:31+00:00\",\"description\":\"Binnen de oogheelkunde spelen lasers een steeds belangrijkere rol. Via een spleetlamp kan een laserstraal worden gericht op het behandelen van weefsel.\",\"breadcrumb\":{\"@id\":\"https:\/\/medivision.be\/fr\/oogheelkunde\/equipement-laser\/#breadcrumb\"},\"inLanguage\":\"nl-NL\",\"potentialAction\":[{\"@type\":\"ReadAction\",\"target\":[\"https:\/\/medivision.be\/fr\/oogheelkunde\/equipement-laser\/\"]}]},{\"@type\":\"ImageObject\",\"inLanguage\":\"nl-NL\",\"@id\":\"https:\/\/medivision.be\/fr\/oogheelkunde\/equipement-laser\/#primaryimage\",\"url\":\"https:\/\/medivision.be\/fr\/wp-content\/uploads\/2021\/08\/Q-Supine-product.jpg\",\"contentUrl\":\"https:\/\/medivision.be\/fr\/wp-content\/uploads\/2021\/08\/Q-Supine-product.jpg\",\"width\":520,\"height\":520},{\"@type\":\"BreadcrumbList\",\"@id\":\"https:\/\/medivision.be\/fr\/oogheelkunde\/equipement-laser\/#breadcrumb\",\"itemListElement\":[{\"@type\":\"ListItem\",\"position\":1,\"name\":\"Home\",\"item\":\"https:\/\/medivision.be\/fr\/\"},{\"@type\":\"ListItem\",\"position\":2,\"name\":\"Oogheelkunde\",\"item\":\"https:\/\/medivision.be\/fr\/oogheelkunde\/\"},{\"@type\":\"ListItem\",\"position\":3,\"name\":\"\u00c9quipement laser\"}]},{\"@type\":\"WebSite\",\"@id\":\"https:\/\/medivision.be\/fr\/#website\",\"url\":\"https:\/\/medivision.be\/fr\/\",\"name\":\"Medivision\",\"description\":\"Laservision Instruments B.V.\",\"publisher\":{\"@id\":\"https:\/\/medivision.be\/fr\/#organization\"},\"potentialAction\":[{\"@type\":\"SearchAction\",\"target\":{\"@type\":\"EntryPoint\",\"urlTemplate\":\"https:\/\/medivision.be\/fr\/?s={search_term_string}\"},\"query-input\":{\"@type\":\"PropertyValueSpecification\",\"valueRequired\":true,\"valueName\":\"search_term_string\"}}],\"inLanguage\":\"nl-NL\"},{\"@type\":\"Organization\",\"@id\":\"https:\/\/medivision.be\/fr\/#organization\",\"name\":\"Medivision\",\"url\":\"https:\/\/medivision.be\/fr\/\",\"logo\":{\"@type\":\"ImageObject\",\"inLanguage\":\"nl-NL\",\"@id\":\"https:\/\/medivision.be\/fr\/#\/schema\/logo\/image\/\",\"url\":\"https:\/\/medivision.be\/fr\/wp-content\/uploads\/2021\/07\/Logo_image-20210728-145414_1920px.png\",\"contentUrl\":\"https:\/\/medivision.be\/fr\/wp-content\/uploads\/2021\/07\/Logo_image-20210728-145414_1920px.png\",\"width\":1920,\"height\":456,\"caption\":\"Medivision\"},\"image\":{\"@id\":\"https:\/\/medivision.be\/fr\/#\/schema\/logo\/image\/\"}}]}<\/script>\n<!-- \/ Yoast SEO plugin. -->","yoast_head_json":{"title":"\u00c9quipement laser Breed Aanbod Oogheelkunde | Medivision","description":"Binnen de oogheelkunde spelen lasers een steeds belangrijkere rol. Via een spleetlamp kan een laserstraal worden gericht op het behandelen van weefsel.","robots":{"index":"index","follow":"follow","max-snippet":"max-snippet:-1","max-image-preview":"max-image-preview:large","max-video-preview":"max-video-preview:-1"},"canonical":"https:\/\/medivision.be\/fr\/oogheelkunde\/equipement-laser\/","og_locale":"nl_NL","og_type":"article","og_title":"\u00c9quipement laser Breed Aanbod Oogheelkunde | Medivision","og_description":"Binnen de oogheelkunde spelen lasers een steeds belangrijkere rol. Via een spleetlamp kan een laserstraal worden gericht op het behandelen van weefsel.","og_url":"https:\/\/medivision.be\/fr\/oogheelkunde\/equipement-laser\/","og_site_name":"Medivision","article_modified_time":"2022-03-15T17:47:31+00:00","og_image":[{"url":"https:\/\/medivision.be\/fr\/wp-content\/uploads\/2021\/08\/Q-Supine-product-570x570.jpg","type":"","width":"","height":""}],"twitter_card":"summary_large_image","twitter_misc":{"Geschatte leestijd":"3 minuten"},"schema":{"@context":"https:\/\/schema.org","@graph":[{"@type":"WebPage","@id":"https:\/\/medivision.be\/fr\/oogheelkunde\/equipement-laser\/","url":"https:\/\/medivision.be\/fr\/oogheelkunde\/equipement-laser\/","name":"\u00c9quipement laser Breed Aanbod Oogheelkunde | Medivision","isPartOf":{"@id":"https:\/\/medivision.be\/fr\/#website"},"primaryImageOfPage":{"@id":"https:\/\/medivision.be\/fr\/oogheelkunde\/equipement-laser\/#primaryimage"},"image":{"@id":"https:\/\/medivision.be\/fr\/oogheelkunde\/equipement-laser\/#primaryimage"},"thumbnailUrl":"https:\/\/medivision.be\/fr\/wp-content\/uploads\/2021\/08\/Q-Supine-product-570x570.jpg","datePublished":"2020-02-01T16:13:07+00:00","dateModified":"2022-03-15T17:47:31+00:00","description":"Binnen de oogheelkunde spelen lasers een steeds belangrijkere rol. Via een spleetlamp kan een laserstraal worden gericht op het behandelen van weefsel.","breadcrumb":{"@id":"https:\/\/medivision.be\/fr\/oogheelkunde\/equipement-laser\/#breadcrumb"},"inLanguage":"nl-NL","potentialAction":[{"@type":"ReadAction","target":["https:\/\/medivision.be\/fr\/oogheelkunde\/equipement-laser\/"]}]},{"@type":"ImageObject","inLanguage":"nl-NL","@id":"https:\/\/medivision.be\/fr\/oogheelkunde\/equipement-laser\/#primaryimage","url":"https:\/\/medivision.be\/fr\/wp-content\/uploads\/2021\/08\/Q-Supine-product.jpg","contentUrl":"https:\/\/medivision.be\/fr\/wp-content\/uploads\/2021\/08\/Q-Supine-product.jpg","width":520,"height":520},{"@type":"BreadcrumbList","@id":"https:\/\/medivision.be\/fr\/oogheelkunde\/equipement-laser\/#breadcrumb","itemListElement":[{"@type":"ListItem","position":1,"name":"Home","item":"https:\/\/medivision.be\/fr\/"},{"@type":"ListItem","position":2,"name":"Oogheelkunde","item":"https:\/\/medivision.be\/fr\/oogheelkunde\/"},{"@type":"ListItem","position":3,"name":"\u00c9quipement laser"}]},{"@type":"WebSite","@id":"https:\/\/medivision.be\/fr\/#website","url":"https:\/\/medivision.be\/fr\/","name":"Medivision","description":"Laservision Instruments B.V.","publisher":{"@id":"https:\/\/medivision.be\/fr\/#organization"},"potentialAction":[{"@type":"SearchAction","target":{"@type":"EntryPoint","urlTemplate":"https:\/\/medivision.be\/fr\/?s={search_term_string}"},"query-input":{"@type":"PropertyValueSpecification","valueRequired":true,"valueName":"search_term_string"}}],"inLanguage":"nl-NL"},{"@type":"Organization","@id":"https:\/\/medivision.be\/fr\/#organization","name":"Medivision","url":"https:\/\/medivision.be\/fr\/","logo":{"@type":"ImageObject","inLanguage":"nl-NL","@id":"https:\/\/medivision.be\/fr\/#\/schema\/logo\/image\/","url":"https:\/\/medivision.be\/fr\/wp-content\/uploads\/2021\/07\/Logo_image-20210728-145414_1920px.png","contentUrl":"https:\/\/medivision.be\/fr\/wp-content\/uploads\/2021\/07\/Logo_image-20210728-145414_1920px.png","width":1920,"height":456,"caption":"Medivision"},"image":{"@id":"https:\/\/medivision.be\/fr\/#\/schema\/logo\/image\/"}}]}},"_links":{"self":[{"href":"https:\/\/medivision.be\/fr\/wp-json\/wp\/v2\/pages\/1294","targetHints":{"allow":["GET"]}}],"collection":[{"href":"https:\/\/medivision.be\/fr\/wp-json\/wp\/v2\/pages"}],"about":[{"href":"https:\/\/medivision.be\/fr\/wp-json\/wp\/v2\/types\/page"}],"author":[{"embeddable":true,"href":"https:\/\/medivision.be\/fr\/wp-json\/wp\/v2\/users\/1"}],"replies":[{"embeddable":true,"href":"https:\/\/medivision.be\/fr\/wp-json\/wp\/v2\/comments?post=1294"}],"version-history":[{"count":14,"href":"https:\/\/medivision.be\/fr\/wp-json\/wp\/v2\/pages\/1294\/revisions"}],"predecessor-version":[{"id":11545,"href":"https:\/\/medivision.be\/fr\/wp-json\/wp\/v2\/pages\/1294\/revisions\/11545"}],"up":[{"embeddable":true,"href":"https:\/\/medivision.be\/fr\/wp-json\/wp\/v2\/pages\/830"}],"wp:attachment":[{"href":"https:\/\/medivision.be\/fr\/wp-json\/wp\/v2\/media?parent=1294"}],"wp:term":[{"taxonomy":"post_tag","embeddable":true,"href":"https:\/\/medivision.be\/fr\/wp-json\/wp\/v2\/tags?post=1294"}],"curies":[{"name":"wp","href":"https:\/\/api.w.org\/{rel}","templated":true}]}}