{"id":1299,"date":"2020-02-01T17:14:24","date_gmt":"2020-02-01T16:14:24","guid":{"rendered":"https:\/\/medivision.be\/fr\/?page_id=1299"},"modified":"2022-03-15T18:51:37","modified_gmt":"2022-03-15T17:51:37","slug":"lasers-a-motifs","status":"publish","type":"page","link":"https:\/\/medivision.be\/fr\/oogheelkunde\/equipement-laser\/lasers-a-motifs\/","title":{"rendered":"lasers \u00e0 motifs"},"content":{"rendered":"<p><div id=\"thz-section-holder-s46ffcf99\" class=\"thz-section-holder section-notcontained thz-mobile-hidden none\" data-view-brightness=\"none\">\r\n\t<section class=\"thz-section\">\r\n\t\t<div class=\"thz-section-in\">\r\n\t\t\t\t\t<div class=\"thz-container content-contained thz-site-width\">\r\n\t\t\t\t\t\t\t<\/div>\r\n\t\t\t\t<\/div>\r\n\t\t<div class=\"thz-bglayer-container\"><div id=\"thz-bglayer-d63914de\" class=\"thz-basic-bglayer\"><\/div><div id=\"thz-bglayer-bc882306\" class=\"thz-basic-bglayer\"><\/div><\/div>\t\t<\/section>\r\n<\/div>\r\n<div id=\"posts-grid\" class=\"thz-section-holder section-notcontained none\" data-view-brightness=\"none\">\r\n\t<section class=\"thz-section\">\r\n\t\t<div class=\"thz-section-in\">\r\n\t\t\t\t\t<div class=\"thz-container content-contained thz-site-width\">\r\n\t\t\t\t<div class=\"thz-row\">\r\n\t<div id=\"thz-column-c11bf96b2\" class=\"thz-column thz-col-1 fstart\">\r\n\t<div class=\"thz-column-container\">\r\n        <div class=\"thz-column-in\">\r\n                        <div class=\"thz-column-shortcodes\">\t\r\n                <div id=\"thz-sh-efc4665b\" class=\"thz-shc thz-heading thz-sh-efc4665b thz-sh-plain thz-sh-pos-both\">\r\n\t<div class=\"thz-heading-holder\">\r\n\t\t\t\t\t\t\t<\/div>\r\n<\/div><div id=\"thz-posts-1acc7ace\" class=\"thz-shc thz-items-grid-holder thz-is-isotope thz-posts-holder thz-items-grid-thz-ratio-1-1 thz-grid-has-col-4 thz-lightbox-mode-single thz-mfp-hide-slider\">\r\n                     <ul id=\"thz-posts-filter-1acc7ace\" class=\"thz-items-grid-categories thz-posts-filter\">\r\n                <li class=\"thz-items-categories-item\">\r\n                    <a class=\"active thz-posts-filter-link\" href='#' data-filter-value=\".category_all\">\r\n                        All                    <\/a>\r\n                <\/li>\r\n                                <li class=\"thz-items-categories-item\">\r\n                    <a class=\"thz-posts-filter-link\" href='#' data-filter-value=\".category_598\">\r\n                        Lasers \u00e0 motifs                    <\/a>\r\n                <\/li>\r\n                            <\/ul>\r\n         \t\t<div id=\"thz-posts-1acc7ace-inner\" class=\"thz-items-grid thz-items-display-introunder\" data-maxpages=\"1\" data-pagination=\"click\" data-itemsload=\"12\" data-layout-type=\"thz-ratio-1-1\" data-display-mode=\"introunder\" data-shortcodeid=\"1acc7ace\" data-objectid=\"912\" data-isotope-mode=\"packery\" data-minwidth=\"230\">\r\n\t\t\t            <div class=\"thz-items-sizer\"><\/div>\r\n                   \r\n                 \r\n\t\t\t<div class=\"thz-grid-item category_all category_22 category_598 thz-posts-item-10037 thz-grid-item-odd\" data-itemid=\"10037\" data-mode=\"introunder\" data-cats=\"{&amp;quot;category_22&amp;quot;:&amp;quot;\\u00c9quipement laser&amp;quot;,&amp;quot;category_598&amp;quot;:&amp;quot;Lasers \\u00e0 motifs&amp;quot;}\">\t<div class=\"thz-grid-item-in\">\r\n    \t\t\t<div class=\"thz-grid-item-media-holder\">\r\n\t\t\t<div class=\"thz-grid-item-media\">\r\n\t\t\t\t\t\t\t\t\t            <div class=\"thz-aspect thz-ratio-1-1\">\r\n            <div class=\"thz-ratio-in\">\r\n                                <div class=\"thz-hover thz-hover-img-mask thz-hover-bg-none thz-hover-fadein thz-img-none thz-transease-04 thz-items-grid-image\" style=\"background-image:url(https:\/\/medivision.be\/fr\/wp-content\/uploads\/2021\/06\/valon_tt-350x525.jpg);\">\r\n\t\t\t\t\t                                         \r\n                    <div class=\"thz-hover-mask thz-transease-04\">                        <div class=\"thz-hover-mask-table\">\r\n                            <a class=\"thz-hover-link\" href=\"https:\/\/medivision.be\/fr\/product\/valon-tt-532nm-en-577nm\/\"><\/a>\r\n                                                        <div class=\"thz-hover-icons thz-comein-none thz-transease-05\">\r\n                                <a class=\"thz-hover-icon thz-hover-media-icon circle thz-fs-16 thz-vp-10 thz-hp-10 thz-lightbox mfp-image\" href=\"#\" data-mfp-src=\"https:\/\/medivision.be\/fr\/wp-content\/uploads\/2021\/06\/valon_tt.jpg\" data-bg=\"mfp-dark\" data-opacity=\"mfp-opacity-08\" data-effect=\"mfp-zoom-out\" data-mfp-title=\"valon_tt\" data-modal-size=\"large\"><span class=\"thzicon thzicon-plus\"><\/span><\/a>                            <\/div>                        <\/div>\r\n                    <\/div>\r\n                                    <\/div>\r\n                            <\/div>\r\n        <\/div>\r\n                                        \t\t\t<\/div>\r\n\t\t<\/div>\r\n                \t\t<div class=\"thz-grid-item-intro-holder\">\r\n        \t\t\t\t<div class=\"thz-grid-item-poz\">\r\n\t\t\t\t<div class=\"thz-grid-item-intro thz-align-left\">\r\n\t\t\t\t\t\t\t\t\t\t                    \t\t\t\t\t\t\t\t\t\t<h3 class=\"thz-grid-item-title\">\r\n\t\t\t\t\t\t<a href=\"https:\/\/medivision.be\/fr\/product\/valon-tt-532nm-en-577nm\/\">\r\n\t\t\t\t\t\t\tVALON TT 532NM en 577NM\t\t\t\t\t\t<\/a>\r\n\t\t\t\t\t<\/h3>\r\n\t\t\t\t\t                    \t\t\t\t\t\t\t\t\t\t\t\t\t\t\t\t\t\t\t\t<div class=\"thz-grid-item-intro-text\">\r\n\t\t\t\t\t\t<ul>\r\n    <li>Une technologie \u00e0 impulsions courtes<\/li>\r\n    <li>Une solution pour \u00e9pargner les tissus<\/li>\r\n    <li>S\u00e9curit\u00e9 et confort<\/li>\r\n<\/ul>\r\n\r\n\r\n\r\n\t\t\t\t\t<\/div>\r\n\t\t\t\t\t\t\t\t\t\t\t\t\t\t\t<div class=\"thz-grid-item-button\">\r\n\t\t\t\t\t\t<div class=\"thz-btn-container thz-custom-btn-44726 ctm-btn thz-mt-24\"><a class=\"thz-button thz-btn-large thz-radius-8 thz-btn-border-1 thz-align-center\" href=\"https:\/\/medivision.be\/fr\/product\/valon-tt-532nm-en-577nm\/\"><span class=\"thz-btn-text thz-fs-16 thz-fw-600\">Plus d\u2019information<\/span><\/a><\/div>\t\t\t\t\t<\/div>\r\n\t\t\t\t\t                    \t\t\t\t\t                    \r\n\t\t\t\t<\/div>\r\n\t\t\t<\/div>\r\n\t\t\t\t\t<\/div>\r\n        \t<\/div><\/div>                 \r\n\t\t<\/div>\r\n        \t\t        <div class=\"thz-items-gutter-adjust\"><\/div>\r\n                 \r\n\t\t\t\t\t<div class=\"thz-items-loading\"><\/div>\r\n\t\t\t\t\t<div id=\"thz-portfolio-scrollto-1acc7ace\" class=\"thz-items-scrollto\"><\/div>\r\n        <\/div>\r\n            <\/div>\r\n                                            <\/div>\r\n    <\/div>\r\n<\/div><\/div>\t\t\t<\/div>\r\n\t\t\t\t<\/div>\r\n\t\t\t\t<\/section>\r\n<\/div>\r\n<\/p>\n","protected":false},"excerpt":{"rendered":"<p>VALON TT 532 \/ 577 | Laser \u00e0 balayage\u00a0\u00a0Les lasers multispots Meridian TT 532 et TT 577sp \u00e0 technologie \u00e0 impulsions courtes de Valon fournissent une solution d\u2019\u00e9conomie de tissu qui permet au tissu de refroidir entre les impulsions laser, minimisant ou pr\u00e9venant les dommages tissulaires, ce qui r\u00e9duit les risques de traitement et am\u00e9liore le confort et la s\u00e9curit\u00e9 du patient.\u00a0 Demander un devis Informations Caract\u00e9ristiques Demander une d\u00e9mo Le photocoagulateur le plus rapide (de tous les temps)\u00a0Des soins de qualit\u00e9 sup\u00e9rieure pour des cliniques tr\u00e8s fr\u00e9quent\u00e9esLes TT 532 et TT 577 sp sont des lasers multi-potentiom\u00e8tres de table, qui ont un acc\u00e8s in\u00e9gal\u00e9 pour les fauteuils roulants et les si\u00e8ges des patients. L\u2019appareil complet &#8211; console laser, ordinateur et \u00e9lectronique &#8211; est int\u00e9gr\u00e9 dans un superbe design compact et fonctionnel. Deux roues sur d\u2019un c\u00f4t\u00e9 de la table en assurent la mobilit\u00e9.En plus du mode de traitement unique, les chirurgiens peuvent s\u00e9lectionner le mode multi-potentiom\u00e8tre pour un mod\u00e8le de cibles simultan\u00e9es ou de mode \u00e0 impulsions courtes, ce qui leur permet d\u2019ajuster une s\u00e9rie d\u2019impulsions courtes pour g\u00e9rer avec pr\u00e9cision l\u2019effet thermique sur les tissus cibles.Composantes et function qualitativesUne lampe \u00e0 fente Hedge-Streit BQ ou CSO 9900 SL [&hellip;]<\/p>\n","protected":false},"author":1,"featured_media":0,"parent":1294,"menu_order":0,"comment_status":"closed","ping_status":"closed","template":"template-parts\/page-builder.php","meta":{"footnotes":""},"tags":[],"class_list":["post-1299","page","type-page","status-publish","hentry"],"acf":[],"yoast_head":"<!-- This site is optimized with the Yoast SEO plugin v26.5 - https:\/\/yoast.com\/wordpress\/plugins\/seo\/ -->\n<title>lasers \u00e0 motifs | Medivision<\/title>\n<meta name=\"robots\" content=\"index, follow, max-snippet:-1, max-image-preview:large, max-video-preview:-1\" \/>\n<link rel=\"canonical\" href=\"https:\/\/medivision.be\/fr\/oogheelkunde\/equipement-laser\/lasers-a-motifs\/\" \/>\n<meta property=\"og:locale\" content=\"nl_NL\" \/>\n<meta property=\"og:type\" content=\"article\" \/>\n<meta property=\"og:title\" content=\"lasers \u00e0 motifs | Medivision\" \/>\n<meta property=\"og:description\" content=\"VALON TT 532 \/ 577 | Laser \u00e0 balayage\u00a0\u00a0Les lasers multispots Meridian TT 532 et TT 577sp \u00e0 technologie \u00e0 impulsions courtes de Valon fournissent une solution d\u2019\u00e9conomie de tissu qui permet au tissu de refroidir entre les impulsions laser, minimisant ou pr\u00e9venant les dommages tissulaires, ce qui r\u00e9duit les risques de traitement et am\u00e9liore le confort et la s\u00e9curit\u00e9 du patient.\u00a0 Demander un devis Informations Caract\u00e9ristiques Demander une d\u00e9mo Le photocoagulateur le plus rapide (de tous les temps)\u00a0Des soins de qualit\u00e9 sup\u00e9rieure pour des cliniques tr\u00e8s fr\u00e9quent\u00e9esLes TT 532 et TT 577 sp sont des lasers multi-potentiom\u00e8tres de table, qui ont un acc\u00e8s in\u00e9gal\u00e9 pour les fauteuils roulants et les si\u00e8ges des patients. L\u2019appareil complet - console laser, ordinateur et \u00e9lectronique - est int\u00e9gr\u00e9 dans un superbe design compact et fonctionnel. Deux roues sur d\u2019un c\u00f4t\u00e9 de la table en assurent la mobilit\u00e9.En plus du mode de traitement unique, les chirurgiens peuvent s\u00e9lectionner le mode multi-potentiom\u00e8tre pour un mod\u00e8le de cibles simultan\u00e9es ou de mode \u00e0 impulsions courtes, ce qui leur permet d\u2019ajuster une s\u00e9rie d\u2019impulsions courtes pour g\u00e9rer avec pr\u00e9cision l\u2019effet thermique sur les tissus cibles.Composantes et function qualitativesUne lampe \u00e0 fente Hedge-Streit BQ ou CSO 9900 SL [&hellip;]\" \/>\n<meta property=\"og:url\" content=\"https:\/\/medivision.be\/fr\/oogheelkunde\/equipement-laser\/lasers-a-motifs\/\" \/>\n<meta property=\"og:site_name\" content=\"Medivision\" \/>\n<meta property=\"article:modified_time\" content=\"2022-03-15T17:51:37+00:00\" \/>\n<meta name=\"twitter:card\" content=\"summary_large_image\" \/>\n<meta name=\"twitter:label1\" content=\"Geschatte leestijd\" \/>\n\t<meta name=\"twitter:data1\" content=\"2 minuten\" \/>\n<script type=\"application\/ld+json\" class=\"yoast-schema-graph\">{\"@context\":\"https:\/\/schema.org\",\"@graph\":[{\"@type\":\"WebPage\",\"@id\":\"https:\/\/medivision.be\/fr\/oogheelkunde\/equipement-laser\/lasers-a-motifs\/\",\"url\":\"https:\/\/medivision.be\/fr\/oogheelkunde\/equipement-laser\/lasers-a-motifs\/\",\"name\":\"lasers \u00e0 motifs | Medivision\",\"isPartOf\":{\"@id\":\"https:\/\/medivision.be\/fr\/#website\"},\"datePublished\":\"2020-02-01T16:14:24+00:00\",\"dateModified\":\"2022-03-15T17:51:37+00:00\",\"breadcrumb\":{\"@id\":\"https:\/\/medivision.be\/fr\/oogheelkunde\/equipement-laser\/lasers-a-motifs\/#breadcrumb\"},\"inLanguage\":\"nl-NL\",\"potentialAction\":[{\"@type\":\"ReadAction\",\"target\":[\"https:\/\/medivision.be\/fr\/oogheelkunde\/equipement-laser\/lasers-a-motifs\/\"]}]},{\"@type\":\"BreadcrumbList\",\"@id\":\"https:\/\/medivision.be\/fr\/oogheelkunde\/equipement-laser\/lasers-a-motifs\/#breadcrumb\",\"itemListElement\":[{\"@type\":\"ListItem\",\"position\":1,\"name\":\"Home\",\"item\":\"https:\/\/medivision.be\/fr\/\"},{\"@type\":\"ListItem\",\"position\":2,\"name\":\"Oogheelkunde\",\"item\":\"https:\/\/medivision.be\/fr\/oogheelkunde\/\"},{\"@type\":\"ListItem\",\"position\":3,\"name\":\"\u00c9quipement laser\",\"item\":\"https:\/\/medivision.be\/fr\/oogheelkunde\/equipement-laser\/\"},{\"@type\":\"ListItem\",\"position\":4,\"name\":\"lasers \u00e0 motifs\"}]},{\"@type\":\"WebSite\",\"@id\":\"https:\/\/medivision.be\/fr\/#website\",\"url\":\"https:\/\/medivision.be\/fr\/\",\"name\":\"Medivision\",\"description\":\"Laservision Instruments B.V.\",\"publisher\":{\"@id\":\"https:\/\/medivision.be\/fr\/#organization\"},\"potentialAction\":[{\"@type\":\"SearchAction\",\"target\":{\"@type\":\"EntryPoint\",\"urlTemplate\":\"https:\/\/medivision.be\/fr\/?s={search_term_string}\"},\"query-input\":{\"@type\":\"PropertyValueSpecification\",\"valueRequired\":true,\"valueName\":\"search_term_string\"}}],\"inLanguage\":\"nl-NL\"},{\"@type\":\"Organization\",\"@id\":\"https:\/\/medivision.be\/fr\/#organization\",\"name\":\"Medivision\",\"url\":\"https:\/\/medivision.be\/fr\/\",\"logo\":{\"@type\":\"ImageObject\",\"inLanguage\":\"nl-NL\",\"@id\":\"https:\/\/medivision.be\/fr\/#\/schema\/logo\/image\/\",\"url\":\"https:\/\/medivision.be\/fr\/wp-content\/uploads\/2021\/07\/Logo_image-20210728-145414_1920px.png\",\"contentUrl\":\"https:\/\/medivision.be\/fr\/wp-content\/uploads\/2021\/07\/Logo_image-20210728-145414_1920px.png\",\"width\":1920,\"height\":456,\"caption\":\"Medivision\"},\"image\":{\"@id\":\"https:\/\/medivision.be\/fr\/#\/schema\/logo\/image\/\"}}]}<\/script>\n<!-- \/ Yoast SEO plugin. -->","yoast_head_json":{"title":"lasers \u00e0 motifs | Medivision","robots":{"index":"index","follow":"follow","max-snippet":"max-snippet:-1","max-image-preview":"max-image-preview:large","max-video-preview":"max-video-preview:-1"},"canonical":"https:\/\/medivision.be\/fr\/oogheelkunde\/equipement-laser\/lasers-a-motifs\/","og_locale":"nl_NL","og_type":"article","og_title":"lasers \u00e0 motifs | Medivision","og_description":"VALON TT 532 \/ 577 | Laser \u00e0 balayage\u00a0\u00a0Les lasers multispots Meridian TT 532 et TT 577sp \u00e0 technologie \u00e0 impulsions courtes de Valon fournissent une solution d\u2019\u00e9conomie de tissu qui permet au tissu de refroidir entre les impulsions laser, minimisant ou pr\u00e9venant les dommages tissulaires, ce qui r\u00e9duit les risques de traitement et am\u00e9liore le confort et la s\u00e9curit\u00e9 du patient.\u00a0 Demander un devis Informations Caract\u00e9ristiques Demander une d\u00e9mo Le photocoagulateur le plus rapide (de tous les temps)\u00a0Des soins de qualit\u00e9 sup\u00e9rieure pour des cliniques tr\u00e8s fr\u00e9quent\u00e9esLes TT 532 et TT 577 sp sont des lasers multi-potentiom\u00e8tres de table, qui ont un acc\u00e8s in\u00e9gal\u00e9 pour les fauteuils roulants et les si\u00e8ges des patients. L\u2019appareil complet - console laser, ordinateur et \u00e9lectronique - est int\u00e9gr\u00e9 dans un superbe design compact et fonctionnel. Deux roues sur d\u2019un c\u00f4t\u00e9 de la table en assurent la mobilit\u00e9.En plus du mode de traitement unique, les chirurgiens peuvent s\u00e9lectionner le mode multi-potentiom\u00e8tre pour un mod\u00e8le de cibles simultan\u00e9es ou de mode \u00e0 impulsions courtes, ce qui leur permet d\u2019ajuster une s\u00e9rie d\u2019impulsions courtes pour g\u00e9rer avec pr\u00e9cision l\u2019effet thermique sur les tissus cibles.Composantes et function qualitativesUne lampe \u00e0 fente Hedge-Streit BQ ou CSO 9900 SL [&hellip;]","og_url":"https:\/\/medivision.be\/fr\/oogheelkunde\/equipement-laser\/lasers-a-motifs\/","og_site_name":"Medivision","article_modified_time":"2022-03-15T17:51:37+00:00","twitter_card":"summary_large_image","twitter_misc":{"Geschatte leestijd":"2 minuten"},"schema":{"@context":"https:\/\/schema.org","@graph":[{"@type":"WebPage","@id":"https:\/\/medivision.be\/fr\/oogheelkunde\/equipement-laser\/lasers-a-motifs\/","url":"https:\/\/medivision.be\/fr\/oogheelkunde\/equipement-laser\/lasers-a-motifs\/","name":"lasers \u00e0 motifs | Medivision","isPartOf":{"@id":"https:\/\/medivision.be\/fr\/#website"},"datePublished":"2020-02-01T16:14:24+00:00","dateModified":"2022-03-15T17:51:37+00:00","breadcrumb":{"@id":"https:\/\/medivision.be\/fr\/oogheelkunde\/equipement-laser\/lasers-a-motifs\/#breadcrumb"},"inLanguage":"nl-NL","potentialAction":[{"@type":"ReadAction","target":["https:\/\/medivision.be\/fr\/oogheelkunde\/equipement-laser\/lasers-a-motifs\/"]}]},{"@type":"BreadcrumbList","@id":"https:\/\/medivision.be\/fr\/oogheelkunde\/equipement-laser\/lasers-a-motifs\/#breadcrumb","itemListElement":[{"@type":"ListItem","position":1,"name":"Home","item":"https:\/\/medivision.be\/fr\/"},{"@type":"ListItem","position":2,"name":"Oogheelkunde","item":"https:\/\/medivision.be\/fr\/oogheelkunde\/"},{"@type":"ListItem","position":3,"name":"\u00c9quipement laser","item":"https:\/\/medivision.be\/fr\/oogheelkunde\/equipement-laser\/"},{"@type":"ListItem","position":4,"name":"lasers \u00e0 motifs"}]},{"@type":"WebSite","@id":"https:\/\/medivision.be\/fr\/#website","url":"https:\/\/medivision.be\/fr\/","name":"Medivision","description":"Laservision Instruments B.V.","publisher":{"@id":"https:\/\/medivision.be\/fr\/#organization"},"potentialAction":[{"@type":"SearchAction","target":{"@type":"EntryPoint","urlTemplate":"https:\/\/medivision.be\/fr\/?s={search_term_string}"},"query-input":{"@type":"PropertyValueSpecification","valueRequired":true,"valueName":"search_term_string"}}],"inLanguage":"nl-NL"},{"@type":"Organization","@id":"https:\/\/medivision.be\/fr\/#organization","name":"Medivision","url":"https:\/\/medivision.be\/fr\/","logo":{"@type":"ImageObject","inLanguage":"nl-NL","@id":"https:\/\/medivision.be\/fr\/#\/schema\/logo\/image\/","url":"https:\/\/medivision.be\/fr\/wp-content\/uploads\/2021\/07\/Logo_image-20210728-145414_1920px.png","contentUrl":"https:\/\/medivision.be\/fr\/wp-content\/uploads\/2021\/07\/Logo_image-20210728-145414_1920px.png","width":1920,"height":456,"caption":"Medivision"},"image":{"@id":"https:\/\/medivision.be\/fr\/#\/schema\/logo\/image\/"}}]}},"_links":{"self":[{"href":"https:\/\/medivision.be\/fr\/wp-json\/wp\/v2\/pages\/1299","targetHints":{"allow":["GET"]}}],"collection":[{"href":"https:\/\/medivision.be\/fr\/wp-json\/wp\/v2\/pages"}],"about":[{"href":"https:\/\/medivision.be\/fr\/wp-json\/wp\/v2\/types\/page"}],"author":[{"embeddable":true,"href":"https:\/\/medivision.be\/fr\/wp-json\/wp\/v2\/users\/1"}],"replies":[{"embeddable":true,"href":"https:\/\/medivision.be\/fr\/wp-json\/wp\/v2\/comments?post=1299"}],"version-history":[{"count":9,"href":"https:\/\/medivision.be\/fr\/wp-json\/wp\/v2\/pages\/1299\/revisions"}],"predecessor-version":[{"id":11551,"href":"https:\/\/medivision.be\/fr\/wp-json\/wp\/v2\/pages\/1299\/revisions\/11551"}],"up":[{"embeddable":true,"href":"https:\/\/medivision.be\/fr\/wp-json\/wp\/v2\/pages\/1294"}],"wp:attachment":[{"href":"https:\/\/medivision.be\/fr\/wp-json\/wp\/v2\/media?parent=1299"}],"wp:term":[{"taxonomy":"post_tag","embeddable":true,"href":"https:\/\/medivision.be\/fr\/wp-json\/wp\/v2\/tags?post=1299"}],"curies":[{"name":"wp","href":"https:\/\/api.w.org\/{rel}","templated":true}]}}