{"id":1308,"date":"2020-02-01T17:15:25","date_gmt":"2020-02-01T16:15:25","guid":{"rendered":"https:\/\/medivision.be\/fr\/?page_id=1308"},"modified":"2022-03-15T18:50:20","modified_gmt":"2022-03-15T17:50:20","slug":"lasers-yag","status":"publish","type":"page","link":"https:\/\/medivision.be\/fr\/oogheelkunde\/equipement-laser\/lasers-yag\/","title":{"rendered":"Lasers Yag"},"content":{"rendered":"<p><div id=\"thz-section-holder-s46ffcf99\" class=\"thz-section-holder section-notcontained thz-mobile-hidden none\" data-view-brightness=\"none\">\r\n\t<section class=\"thz-section\">\r\n\t\t<div class=\"thz-section-in\">\r\n\t\t\t\t\t<div class=\"thz-container content-contained thz-site-width\">\r\n\t\t\t\t\t\t\t<\/div>\r\n\t\t\t\t<\/div>\r\n\t\t<div class=\"thz-bglayer-container\"><div id=\"thz-bglayer-d63914de\" class=\"thz-basic-bglayer\"><\/div><div id=\"thz-bglayer-bc882306\" class=\"thz-basic-bglayer\"><\/div><\/div>\t\t<\/section>\r\n<\/div>\r\n<div id=\"posts-grid\" class=\"thz-section-holder section-notcontained none\" data-view-brightness=\"none\">\r\n\t<section class=\"thz-section\">\r\n\t\t<div class=\"thz-section-in\">\r\n\t\t\t\t\t<div class=\"thz-container content-contained thz-site-width\">\r\n\t\t\t\t<div class=\"thz-row\">\r\n\t<div id=\"thz-column-c11bf96b2\" class=\"thz-column thz-col-1 fstart\">\r\n\t<div class=\"thz-column-container\">\r\n        <div class=\"thz-column-in\">\r\n                        <div class=\"thz-column-shortcodes\">\t\r\n                <div id=\"thz-sh-efc4665b\" class=\"thz-shc thz-heading thz-sh-efc4665b thz-sh-plain thz-sh-pos-both\">\r\n\t<div class=\"thz-heading-holder\">\r\n\t\t\t\t\t\t\t<\/div>\r\n<\/div><div id=\"thz-posts-1acc7ace\" class=\"thz-shc thz-items-grid-holder thz-is-isotope thz-posts-holder thz-items-grid-thz-ratio-1-1 thz-grid-has-col-4 thz-lightbox-mode-single thz-mfp-hide-slider\">\r\n                     <ul id=\"thz-posts-filter-1acc7ace\" class=\"thz-items-grid-categories thz-posts-filter\">\r\n                <li class=\"thz-items-categories-item\">\r\n                    <a class=\"active thz-posts-filter-link\" href='#' data-filter-value=\".category_all\">\r\n                        All                    <\/a>\r\n                <\/li>\r\n                                <li class=\"thz-items-categories-item\">\r\n                    <a class=\"thz-posts-filter-link\" href='#' data-filter-value=\".category_597\">\r\n                        Lasers Yag                    <\/a>\r\n                <\/li>\r\n                            <\/ul>\r\n         \t\t<div id=\"thz-posts-1acc7ace-inner\" class=\"thz-items-grid thz-items-display-introunder\" data-maxpages=\"1\" data-pagination=\"click\" data-itemsload=\"12\" data-layout-type=\"thz-ratio-1-1\" data-display-mode=\"introunder\" data-shortcodeid=\"1acc7ace\" data-objectid=\"912\" data-isotope-mode=\"packery\" data-minwidth=\"230\">\r\n\t\t\t            <div class=\"thz-items-sizer\"><\/div>\r\n                   \r\n                 \r\n\t\t\t<div class=\"thz-grid-item category_all category_22 category_597 thz-posts-item-10599 thz-grid-item-odd\" data-itemid=\"10599\" data-mode=\"introunder\" data-cats=\"{&amp;quot;category_22&amp;quot;:&amp;quot;\\u00c9quipement laser&amp;quot;,&amp;quot;category_597&amp;quot;:&amp;quot;Lasers Yag&amp;quot;}\">\t<div class=\"thz-grid-item-in\">\r\n    \t\t\t<div class=\"thz-grid-item-media-holder\">\r\n\t\t\t<div class=\"thz-grid-item-media\">\r\n\t\t\t\t\t\t\t\t\t            <div class=\"thz-aspect thz-ratio-1-1\">\r\n            <div class=\"thz-ratio-in\">\r\n                                <div class=\"thz-hover thz-hover-img-mask thz-hover-bg-none thz-hover-fadein thz-img-none thz-transease-04 thz-items-grid-image\" style=\"background-image:url(https:\/\/medivision.be\/fr\/wp-content\/uploads\/2021\/08\/Q-Supine-product-350x350.jpg);\">\r\n\t\t\t\t\t                                         \r\n                    <div class=\"thz-hover-mask thz-transease-04\">                        <div class=\"thz-hover-mask-table\">\r\n                            <a class=\"thz-hover-link\" href=\"https:\/\/medivision.be\/fr\/product\/mr-q-supine\/\"><\/a>\r\n                                                        <div class=\"thz-hover-icons thz-comein-none thz-transease-05\">\r\n                                <a class=\"thz-hover-icon thz-hover-media-icon circle thz-fs-16 thz-vp-10 thz-hp-10 thz-lightbox mfp-image\" href=\"#\" data-mfp-src=\"https:\/\/medivision.be\/fr\/wp-content\/uploads\/2021\/08\/Q-Supine-product.jpg\" data-bg=\"mfp-dark\" data-opacity=\"mfp-opacity-08\" data-effect=\"mfp-zoom-out\" data-mfp-title=\"Q-Supine-product\" data-modal-size=\"large\"><span class=\"thzicon thzicon-plus\"><\/span><\/a>                            <\/div>                        <\/div>\r\n                    <\/div>\r\n                                    <\/div>\r\n                            <\/div>\r\n        <\/div>\r\n                                        \t\t\t<\/div>\r\n\t\t<\/div>\r\n                \t\t<div class=\"thz-grid-item-intro-holder\">\r\n        \t\t\t\t<div class=\"thz-grid-item-poz\">\r\n\t\t\t\t<div class=\"thz-grid-item-intro thz-align-left\">\r\n\t\t\t\t\t\t\t\t\t\t                    \t\t\t\t\t\t\t\t\t\t<h3 class=\"thz-grid-item-title\">\r\n\t\t\t\t\t\t<a href=\"https:\/\/medivision.be\/fr\/product\/mr-q-supine\/\">\r\n\t\t\t\t\t\t\tMR Q supine Nd: YAG laser\t\t\t\t\t\t<\/a>\r\n\t\t\t\t\t<\/h3>\r\n\t\t\t\t\t                    \t\t\t\t\t\t\t\t\t\t\t\t\t\t\t\t\t\t\t\t<div class=\"thz-grid-item-intro-text\">\r\n\t\t\t\t\t\t<ul>\r\n    <li>Traitement en position couch\u00e9e<\/li>\r\n    <li>Travail flexible et pr\u00e9cis<\/li>\r\n    <li>Traitement adapt\u00e9 aux patients<\/li>\r\n<\/ul>\r\n\r\n\r\n\r\n\t\t\t\t\t<\/div>\r\n\t\t\t\t\t\t\t\t\t\t\t\t\t\t\t<div class=\"thz-grid-item-button\">\r\n\t\t\t\t\t\t<div class=\"thz-btn-container thz-custom-btn-44726 ctm-btn thz-mt-24\"><a class=\"thz-button thz-btn-large thz-radius-8 thz-btn-border-1 thz-align-center\" href=\"https:\/\/medivision.be\/fr\/product\/mr-q-supine\/\"><span class=\"thz-btn-text thz-fs-16 thz-fw-600\">Plus d\u2019information<\/span><\/a><\/div>\t\t\t\t\t<\/div>\r\n\t\t\t\t\t                    \t\t\t\t\t                    \r\n\t\t\t\t<\/div>\r\n\t\t\t<\/div>\r\n\t\t\t\t\t<\/div>\r\n        \t<\/div><\/div><div class=\"thz-grid-item category_all category_22 category_597 thz-posts-item-10600 thz-grid-item-odd\" data-itemid=\"10600\" data-mode=\"introunder\" data-cats=\"{&amp;quot;category_22&amp;quot;:&amp;quot;\\u00c9quipement laser&amp;quot;,&amp;quot;category_597&amp;quot;:&amp;quot;Lasers Yag&amp;quot;}\">\t<div class=\"thz-grid-item-in\">\r\n    \t\t\t<div class=\"thz-grid-item-media-holder\">\r\n\t\t\t<div class=\"thz-grid-item-media\">\r\n\t\t\t\t\t\t\t\t\t            <div class=\"thz-aspect thz-ratio-1-1\">\r\n            <div class=\"thz-ratio-in\">\r\n                                <div class=\"thz-hover thz-hover-img-mask thz-hover-bg-none thz-hover-fadein thz-img-none thz-transease-04 thz-items-grid-image\" style=\"background-image:url(https:\/\/medivision.be\/fr\/wp-content\/uploads\/2021\/08\/MRQ-350x404.png);\">\r\n\t\t\t\t\t                                         \r\n                    <div class=\"thz-hover-mask thz-transease-04\">                        <div class=\"thz-hover-mask-table\">\r\n                            <a class=\"thz-hover-link\" href=\"https:\/\/medivision.be\/fr\/product\/meridian-mr-q-yag-laser\/\"><\/a>\r\n                                                        <div class=\"thz-hover-icons thz-comein-none thz-transease-05\">\r\n                                <a class=\"thz-hover-icon thz-hover-media-icon circle thz-fs-16 thz-vp-10 thz-hp-10 thz-lightbox mfp-image\" href=\"#\" data-mfp-src=\"https:\/\/medivision.be\/fr\/wp-content\/uploads\/2021\/08\/MRQ.png\" data-bg=\"mfp-dark\" data-opacity=\"mfp-opacity-08\" data-effect=\"mfp-zoom-out\" data-mfp-title=\"MRQ\" data-modal-size=\"large\"><span class=\"thzicon thzicon-plus\"><\/span><\/a>                            <\/div>                        <\/div>\r\n                    <\/div>\r\n                                    <\/div>\r\n                            <\/div>\r\n        <\/div>\r\n                                        \t\t\t<\/div>\r\n\t\t<\/div>\r\n                \t\t<div class=\"thz-grid-item-intro-holder\">\r\n        \t\t\t\t<div class=\"thz-grid-item-poz\">\r\n\t\t\t\t<div class=\"thz-grid-item-intro thz-align-left\">\r\n\t\t\t\t\t\t\t\t\t\t                    \t\t\t\t\t\t\t\t\t\t<h3 class=\"thz-grid-item-title\">\r\n\t\t\t\t\t\t<a href=\"https:\/\/medivision.be\/fr\/product\/meridian-mr-q-yag-laser\/\">\r\n\t\t\t\t\t\t\tMR Q Nd:YAG laser\t\t\t\t\t\t<\/a>\r\n\t\t\t\t\t<\/h3>\r\n\t\t\t\t\t                    \t\t\t\t\t\t\t\t\t\t\t\t\t\t\t\t\t\t\t\t<div class=\"thz-grid-item-intro-text\">\r\n\t\t\t\t\t\t<ul>\r\n    <li>L'excellence laser<\/li>\r\n    <li>Technologie laser YAG<\/li>\r\n    <li>Flexibilit\u00e9 confortable<\/li>\r\n<\/ul>\r\n\r\n\r\n\r\n\t\t\t\t\t<\/div>\r\n\t\t\t\t\t\t\t\t\t\t\t\t\t\t\t<div class=\"thz-grid-item-button\">\r\n\t\t\t\t\t\t<div class=\"thz-btn-container thz-custom-btn-44726 ctm-btn thz-mt-24\"><a class=\"thz-button thz-btn-large thz-radius-8 thz-btn-border-1 thz-align-center\" href=\"https:\/\/medivision.be\/fr\/product\/meridian-mr-q-yag-laser\/\"><span class=\"thz-btn-text thz-fs-16 thz-fw-600\">Plus d\u2019information<\/span><\/a><\/div>\t\t\t\t\t<\/div>\r\n\t\t\t\t\t                    \t\t\t\t\t                    \r\n\t\t\t\t<\/div>\r\n\t\t\t<\/div>\r\n\t\t\t\t\t<\/div>\r\n        \t<\/div><\/div>                 \r\n\t\t<\/div>\r\n        \t\t        <div class=\"thz-items-gutter-adjust\"><\/div>\r\n                 \r\n\t\t\t\t\t<div class=\"thz-items-loading\"><\/div>\r\n\t\t\t\t\t<div id=\"thz-portfolio-scrollto-1acc7ace\" class=\"thz-items-scrollto\"><\/div>\r\n        <\/div>\r\n            <\/div>\r\n                                            <\/div>\r\n    <\/div>\r\n<\/div><\/div>\t\t\t<\/div>\r\n\t\t\t\t<\/div>\r\n\t\t\t\t<\/section>\r\n<\/div>\r\n<div id=\"thz-section-holder-sc958a0c0\" class=\"thz-section-holder section-notcontained none\" data-view-brightness=\"none\">\r\n\t<section class=\"thz-section\">\r\n\t\t<div class=\"thz-section-in\">\r\n\t\t\t\t\t<div class=\"thz-container content-contained thz-site-width\">\r\n\t\t\t\t\t\t\t<\/div>\r\n\t\t\t\t<\/div>\r\n\t\t\t\t<\/section>\r\n<\/div>\r\n<\/p>\n","protected":false},"excerpt":{"rendered":"<p>M\u00c9RIDIEN MR Q | Laser YAG\u00a0Meridian MR Q, anciennement Microruptor MR6, est un laser Nd:YAG enti\u00e8rement int\u00e9gr\u00e9 combin\u00e9 \u00e0 une lampe \u00e0 fente LED renomm\u00e9e avec changeur de grossissement 5x. Le Meridian MR Q offre la technologie laser Nd:YAG pour la capsulotomie post\u00e9rieure, la membranectomie pupillaire et l&#8217;iridotomie.\u00a0 Offerte aanvragen Informations Sp\u00e9cifications\/Caract\u00e9ristiques Demander une d\u00e9mo L&#8217;excellence laser\u00a0Le MRQ convainc par son temps de d\u00e9marrage rapide et son \u00e9cran tactile convivial. Vous pouvez choisir entre un d\u00e9calage ant\u00e9rieur et post\u00e9rieur sur un seul \u00e9cran. Cela garantit un flux de travail rapide et fluide. Les cadrans analogiques, tels que la puissance du laser et la luminosit\u00e9 du faisceau cible, sont situ\u00e9s des deux c\u00f4t\u00e9s de la t\u00eate laser pour offrir une position de travail famili\u00e8re et confortable aux utilisateurs gauchers et droitiers.\u00a0Flexibilit\u00e9 confortable\u00a0Pour les petits cabinets m\u00e9dicaux, le MR Q est disponible sous forme d\u2019unit\u00e9 autonome peu encombrante. Dans ce cas, o\u00f9 le laser peut \u00eatre facilement install\u00e9 sur une table m\u00e9dicale existante r\u00e9glable en hauteur. En option, le chargeur peut \u00eatre fourni avec une table motoris\u00e9e \u00e0 deux colonnes, qui offre une bonne ergonomie pour les patients et les m\u00e9decins et est \u00e9galement particuli\u00e8rement adapt\u00e9e aux fauteuils roulants. Le positionnement ergonomique [&hellip;]<\/p>\n","protected":false},"author":1,"featured_media":0,"parent":1294,"menu_order":0,"comment_status":"closed","ping_status":"closed","template":"template-parts\/page-builder.php","meta":{"footnotes":""},"tags":[],"class_list":["post-1308","page","type-page","status-publish","hentry"],"acf":[],"yoast_head":"<!-- This site is optimized with the Yoast SEO plugin v26.5 - https:\/\/yoast.com\/wordpress\/plugins\/seo\/ -->\n<title>Lasers Yag | Medivision<\/title>\n<meta name=\"robots\" content=\"index, follow, max-snippet:-1, max-image-preview:large, max-video-preview:-1\" \/>\n<link rel=\"canonical\" href=\"https:\/\/medivision.be\/fr\/oogheelkunde\/equipement-laser\/lasers-yag\/\" \/>\n<meta property=\"og:locale\" content=\"nl_NL\" \/>\n<meta property=\"og:type\" content=\"article\" \/>\n<meta property=\"og:title\" content=\"Lasers Yag | Medivision\" \/>\n<meta property=\"og:description\" content=\"M\u00c9RIDIEN MR Q | Laser YAG\u00a0Meridian MR Q, anciennement Microruptor MR6, est un laser Nd:YAG enti\u00e8rement int\u00e9gr\u00e9 combin\u00e9 \u00e0 une lampe \u00e0 fente LED renomm\u00e9e avec changeur de grossissement 5x. Le Meridian MR Q offre la technologie laser Nd:YAG pour la capsulotomie post\u00e9rieure, la membranectomie pupillaire et l&#039;iridotomie.\u00a0 Offerte aanvragen Informations Sp\u00e9cifications\/Caract\u00e9ristiques Demander une d\u00e9mo L&#039;excellence laser\u00a0Le MRQ convainc par son temps de d\u00e9marrage rapide et son \u00e9cran tactile convivial. Vous pouvez choisir entre un d\u00e9calage ant\u00e9rieur et post\u00e9rieur sur un seul \u00e9cran. Cela garantit un flux de travail rapide et fluide. Les cadrans analogiques, tels que la puissance du laser et la luminosit\u00e9 du faisceau cible, sont situ\u00e9s des deux c\u00f4t\u00e9s de la t\u00eate laser pour offrir une position de travail famili\u00e8re et confortable aux utilisateurs gauchers et droitiers.\u00a0Flexibilit\u00e9 confortable\u00a0Pour les petits cabinets m\u00e9dicaux, le MR Q est disponible sous forme d\u2019unit\u00e9 autonome peu encombrante. Dans ce cas, o\u00f9 le laser peut \u00eatre facilement install\u00e9 sur une table m\u00e9dicale existante r\u00e9glable en hauteur. En option, le chargeur peut \u00eatre fourni avec une table motoris\u00e9e \u00e0 deux colonnes, qui offre une bonne ergonomie pour les patients et les m\u00e9decins et est \u00e9galement particuli\u00e8rement adapt\u00e9e aux fauteuils roulants. Le positionnement ergonomique [&hellip;]\" \/>\n<meta property=\"og:url\" content=\"https:\/\/medivision.be\/fr\/oogheelkunde\/equipement-laser\/lasers-yag\/\" \/>\n<meta property=\"og:site_name\" content=\"Medivision\" \/>\n<meta property=\"article:modified_time\" content=\"2022-03-15T17:50:20+00:00\" \/>\n<meta name=\"twitter:card\" content=\"summary_large_image\" \/>\n<script type=\"application\/ld+json\" class=\"yoast-schema-graph\">{\"@context\":\"https:\/\/schema.org\",\"@graph\":[{\"@type\":\"WebPage\",\"@id\":\"https:\/\/medivision.be\/fr\/oogheelkunde\/equipement-laser\/lasers-yag\/\",\"url\":\"https:\/\/medivision.be\/fr\/oogheelkunde\/equipement-laser\/lasers-yag\/\",\"name\":\"Lasers Yag | Medivision\",\"isPartOf\":{\"@id\":\"https:\/\/medivision.be\/fr\/#website\"},\"datePublished\":\"2020-02-01T16:15:25+00:00\",\"dateModified\":\"2022-03-15T17:50:20+00:00\",\"breadcrumb\":{\"@id\":\"https:\/\/medivision.be\/fr\/oogheelkunde\/equipement-laser\/lasers-yag\/#breadcrumb\"},\"inLanguage\":\"nl-NL\",\"potentialAction\":[{\"@type\":\"ReadAction\",\"target\":[\"https:\/\/medivision.be\/fr\/oogheelkunde\/equipement-laser\/lasers-yag\/\"]}]},{\"@type\":\"BreadcrumbList\",\"@id\":\"https:\/\/medivision.be\/fr\/oogheelkunde\/equipement-laser\/lasers-yag\/#breadcrumb\",\"itemListElement\":[{\"@type\":\"ListItem\",\"position\":1,\"name\":\"Home\",\"item\":\"https:\/\/medivision.be\/fr\/\"},{\"@type\":\"ListItem\",\"position\":2,\"name\":\"Oogheelkunde\",\"item\":\"https:\/\/medivision.be\/fr\/oogheelkunde\/\"},{\"@type\":\"ListItem\",\"position\":3,\"name\":\"\u00c9quipement laser\",\"item\":\"https:\/\/medivision.be\/fr\/oogheelkunde\/equipement-laser\/\"},{\"@type\":\"ListItem\",\"position\":4,\"name\":\"Lasers Yag\"}]},{\"@type\":\"WebSite\",\"@id\":\"https:\/\/medivision.be\/fr\/#website\",\"url\":\"https:\/\/medivision.be\/fr\/\",\"name\":\"Medivision\",\"description\":\"Laservision Instruments B.V.\",\"publisher\":{\"@id\":\"https:\/\/medivision.be\/fr\/#organization\"},\"potentialAction\":[{\"@type\":\"SearchAction\",\"target\":{\"@type\":\"EntryPoint\",\"urlTemplate\":\"https:\/\/medivision.be\/fr\/?s={search_term_string}\"},\"query-input\":{\"@type\":\"PropertyValueSpecification\",\"valueRequired\":true,\"valueName\":\"search_term_string\"}}],\"inLanguage\":\"nl-NL\"},{\"@type\":\"Organization\",\"@id\":\"https:\/\/medivision.be\/fr\/#organization\",\"name\":\"Medivision\",\"url\":\"https:\/\/medivision.be\/fr\/\",\"logo\":{\"@type\":\"ImageObject\",\"inLanguage\":\"nl-NL\",\"@id\":\"https:\/\/medivision.be\/fr\/#\/schema\/logo\/image\/\",\"url\":\"https:\/\/medivision.be\/fr\/wp-content\/uploads\/2021\/07\/Logo_image-20210728-145414_1920px.png\",\"contentUrl\":\"https:\/\/medivision.be\/fr\/wp-content\/uploads\/2021\/07\/Logo_image-20210728-145414_1920px.png\",\"width\":1920,\"height\":456,\"caption\":\"Medivision\"},\"image\":{\"@id\":\"https:\/\/medivision.be\/fr\/#\/schema\/logo\/image\/\"}}]}<\/script>\n<!-- \/ Yoast SEO plugin. -->","yoast_head_json":{"title":"Lasers Yag | Medivision","robots":{"index":"index","follow":"follow","max-snippet":"max-snippet:-1","max-image-preview":"max-image-preview:large","max-video-preview":"max-video-preview:-1"},"canonical":"https:\/\/medivision.be\/fr\/oogheelkunde\/equipement-laser\/lasers-yag\/","og_locale":"nl_NL","og_type":"article","og_title":"Lasers Yag | Medivision","og_description":"M\u00c9RIDIEN MR Q | Laser YAG\u00a0Meridian MR Q, anciennement Microruptor MR6, est un laser Nd:YAG enti\u00e8rement int\u00e9gr\u00e9 combin\u00e9 \u00e0 une lampe \u00e0 fente LED renomm\u00e9e avec changeur de grossissement 5x. Le Meridian MR Q offre la technologie laser Nd:YAG pour la capsulotomie post\u00e9rieure, la membranectomie pupillaire et l'iridotomie.\u00a0 Offerte aanvragen Informations Sp\u00e9cifications\/Caract\u00e9ristiques Demander une d\u00e9mo L'excellence laser\u00a0Le MRQ convainc par son temps de d\u00e9marrage rapide et son \u00e9cran tactile convivial. Vous pouvez choisir entre un d\u00e9calage ant\u00e9rieur et post\u00e9rieur sur un seul \u00e9cran. Cela garantit un flux de travail rapide et fluide. Les cadrans analogiques, tels que la puissance du laser et la luminosit\u00e9 du faisceau cible, sont situ\u00e9s des deux c\u00f4t\u00e9s de la t\u00eate laser pour offrir une position de travail famili\u00e8re et confortable aux utilisateurs gauchers et droitiers.\u00a0Flexibilit\u00e9 confortable\u00a0Pour les petits cabinets m\u00e9dicaux, le MR Q est disponible sous forme d\u2019unit\u00e9 autonome peu encombrante. Dans ce cas, o\u00f9 le laser peut \u00eatre facilement install\u00e9 sur une table m\u00e9dicale existante r\u00e9glable en hauteur. En option, le chargeur peut \u00eatre fourni avec une table motoris\u00e9e \u00e0 deux colonnes, qui offre une bonne ergonomie pour les patients et les m\u00e9decins et est \u00e9galement particuli\u00e8rement adapt\u00e9e aux fauteuils roulants. Le positionnement ergonomique [&hellip;]","og_url":"https:\/\/medivision.be\/fr\/oogheelkunde\/equipement-laser\/lasers-yag\/","og_site_name":"Medivision","article_modified_time":"2022-03-15T17:50:20+00:00","twitter_card":"summary_large_image","schema":{"@context":"https:\/\/schema.org","@graph":[{"@type":"WebPage","@id":"https:\/\/medivision.be\/fr\/oogheelkunde\/equipement-laser\/lasers-yag\/","url":"https:\/\/medivision.be\/fr\/oogheelkunde\/equipement-laser\/lasers-yag\/","name":"Lasers Yag | Medivision","isPartOf":{"@id":"https:\/\/medivision.be\/fr\/#website"},"datePublished":"2020-02-01T16:15:25+00:00","dateModified":"2022-03-15T17:50:20+00:00","breadcrumb":{"@id":"https:\/\/medivision.be\/fr\/oogheelkunde\/equipement-laser\/lasers-yag\/#breadcrumb"},"inLanguage":"nl-NL","potentialAction":[{"@type":"ReadAction","target":["https:\/\/medivision.be\/fr\/oogheelkunde\/equipement-laser\/lasers-yag\/"]}]},{"@type":"BreadcrumbList","@id":"https:\/\/medivision.be\/fr\/oogheelkunde\/equipement-laser\/lasers-yag\/#breadcrumb","itemListElement":[{"@type":"ListItem","position":1,"name":"Home","item":"https:\/\/medivision.be\/fr\/"},{"@type":"ListItem","position":2,"name":"Oogheelkunde","item":"https:\/\/medivision.be\/fr\/oogheelkunde\/"},{"@type":"ListItem","position":3,"name":"\u00c9quipement laser","item":"https:\/\/medivision.be\/fr\/oogheelkunde\/equipement-laser\/"},{"@type":"ListItem","position":4,"name":"Lasers Yag"}]},{"@type":"WebSite","@id":"https:\/\/medivision.be\/fr\/#website","url":"https:\/\/medivision.be\/fr\/","name":"Medivision","description":"Laservision Instruments B.V.","publisher":{"@id":"https:\/\/medivision.be\/fr\/#organization"},"potentialAction":[{"@type":"SearchAction","target":{"@type":"EntryPoint","urlTemplate":"https:\/\/medivision.be\/fr\/?s={search_term_string}"},"query-input":{"@type":"PropertyValueSpecification","valueRequired":true,"valueName":"search_term_string"}}],"inLanguage":"nl-NL"},{"@type":"Organization","@id":"https:\/\/medivision.be\/fr\/#organization","name":"Medivision","url":"https:\/\/medivision.be\/fr\/","logo":{"@type":"ImageObject","inLanguage":"nl-NL","@id":"https:\/\/medivision.be\/fr\/#\/schema\/logo\/image\/","url":"https:\/\/medivision.be\/fr\/wp-content\/uploads\/2021\/07\/Logo_image-20210728-145414_1920px.png","contentUrl":"https:\/\/medivision.be\/fr\/wp-content\/uploads\/2021\/07\/Logo_image-20210728-145414_1920px.png","width":1920,"height":456,"caption":"Medivision"},"image":{"@id":"https:\/\/medivision.be\/fr\/#\/schema\/logo\/image\/"}}]}},"_links":{"self":[{"href":"https:\/\/medivision.be\/fr\/wp-json\/wp\/v2\/pages\/1308","targetHints":{"allow":["GET"]}}],"collection":[{"href":"https:\/\/medivision.be\/fr\/wp-json\/wp\/v2\/pages"}],"about":[{"href":"https:\/\/medivision.be\/fr\/wp-json\/wp\/v2\/types\/page"}],"author":[{"embeddable":true,"href":"https:\/\/medivision.be\/fr\/wp-json\/wp\/v2\/users\/1"}],"replies":[{"embeddable":true,"href":"https:\/\/medivision.be\/fr\/wp-json\/wp\/v2\/comments?post=1308"}],"version-history":[{"count":9,"href":"https:\/\/medivision.be\/fr\/wp-json\/wp\/v2\/pages\/1308\/revisions"}],"predecessor-version":[{"id":11549,"href":"https:\/\/medivision.be\/fr\/wp-json\/wp\/v2\/pages\/1308\/revisions\/11549"}],"up":[{"embeddable":true,"href":"https:\/\/medivision.be\/fr\/wp-json\/wp\/v2\/pages\/1294"}],"wp:attachment":[{"href":"https:\/\/medivision.be\/fr\/wp-json\/wp\/v2\/media?parent=1308"}],"wp:term":[{"taxonomy":"post_tag","embeddable":true,"href":"https:\/\/medivision.be\/fr\/wp-json\/wp\/v2\/tags?post=1308"}],"curies":[{"name":"wp","href":"https:\/\/api.w.org\/{rel}","templated":true}]}}