{"id":538,"date":"2020-01-27T16:40:13","date_gmt":"2020-01-27T15:40:13","guid":{"rendered":"https:\/\/medivision.be\/fr\/?page_id=538"},"modified":"2022-03-29T13:32:45","modified_gmt":"2022-03-29T11:32:45","slug":"evenements","status":"publish","type":"page","link":"https:\/\/medivision.be\/fr\/evenements\/","title":{"rendered":"\u00c9v\u00e8nements"},"content":{"rendered":"<p><div id=\"thz-section-holder-s075c3cfb\" class=\"thz-section-holder section-notcontained none\" data-view-brightness=\"none\">\r\n\t<section class=\"thz-section\">\r\n\t\t<div class=\"thz-section-in\">\r\n\t\t\t\t\t<div class=\"thz-container content-contained thz-site-width\">\r\n\t\t\t\t\t\t\t<\/div>\r\n\t\t\t\t<\/div>\r\n\t\t<div class=\"thz-bglayer-container\"><div id=\"thz-bglayer-b3eda590\" class=\"thz-basic-bglayer\"><\/div><div id=\"thz-bglayer-da03214a\" class=\"thz-basic-bglayer\"><\/div><div id=\"thz-bglayer-3d94eadb\" class=\"thz-basic-bglayer\"><\/div><\/div>\t\t<\/section>\r\n<\/div>\r\n<div id=\"thz-section-holder-sf6cfc45d\" class=\"thz-section-holder section-notcontained none\" data-view-brightness=\"none\">\r\n\t<section class=\"thz-section\">\r\n\t\t<div class=\"thz-section-in\">\r\n\t\t\t\t\t<div class=\"thz-container content-contained thz-site-width\">\r\n\t\t\t\t<div class=\"thz-row\">\r\n\t<div id=\"thz-column-cf9f6a7e0\" class=\"thz-column thz-col-2-3 fstart\">\r\n\t<div class=\"thz-column-container\">\r\n        <div class=\"thz-column-in\">\r\n                        <div class=\"thz-column-shortcodes\">\t\r\n                <div id=\"thz-sh-aa93e6d2\" class=\"thz-shc thz-heading thz-sh-aa93e6d2 thz-sh-plain thz-sh-pos-both\">\r\n\t<div class=\"thz-heading-holder\">\r\n\t\t\t\t<h1 class=\"thz-heading-title\">Quels \u00e9v\u00e9nements sont sur notre calendrier ?<\/h1>\t\t\t<\/div>\r\n<\/div><div id=\"thz-calendar-dc3b3e7f\" data-extends-ajax-params=\"{&quot;events_category&quot;:&quot;&quot;,&quot;data_provider&quot;:&quot;events&quot;}\" data-ajax-url=\"https:\/\/medivision.be\/fr\/wp-admin\/admin-ajax.php\" data-template=\"month\" data-template-path=\"https:\/\/medivision.be\/fr\/wp-content\/themes\/creatus\/inc\/thzframework\/extensions\/shortcodes\/shortcodes\/calendar\/views\/\" data-first-day=\"1\" class=\" thz-shc thz-calendar-wrapper thz-calendar-month thz-calendar-style-predefined\" >\r\n\t<div class=\"thz-clear\"><\/div>\r\n    <div class=\"thz-calendar-header hide-calendar-section\">\r\n        <button data-calendar-nav=\"prev\"><i class=\"fa fa-angle-left\"><\/i><\/button>\r\n        <h3 class=\"thz-calendar-title\"><!-- Title will be set here --><\/h3>\r\n        <button data-calendar-nav=\"next\"><i class=\"fa fa-angle-right\"><\/i><\/button>\r\n    <\/div>\r\n\t<div class=\"thz-calendar-holder\">\r\n\t\t<div class=\"thz-calendar hide-calendar-section\"><\/div>\r\n\t<\/div>\r\n<\/div>            <\/div>\r\n                                            <\/div>\r\n    <\/div>\r\n<\/div><div id=\"thz-column-c755b927a\" class=\"thz-column thz-col-1-3 fstart\">\r\n\t<div class=\"thz-column-container\">\r\n        <div class=\"thz-column-in\">\r\n                        <div class=\"thz-column-shortcodes\">\t\r\n                <div class=\"thz-row\">\r\n\t<div id=\"thz-column-cb857ec4e\" class=\"thz-column thz-col-1 fstart\">\r\n\t<div class=\"thz-column-container\">\r\n        <div class=\"thz-column-in\">\r\n                        <div class=\"thz-column-shortcodes\">\t\r\n                <div id=\"thz-sh-456b227d\" class=\"thz-shc thz-heading thz-sh-456b227d thz-sh-plain thz-sh-pos-both\">\r\n\t<div class=\"thz-heading-holder\">\r\n\t\t\t\t<h3 class=\"thz-heading-title\"><span data-testid=\"comment-base-item-38418\">Ateliers<\/span><\/h3>\t\t\t<\/div>\r\n<\/div><div id=\"thz-calendar-7c31a152\" data-extends-ajax-params=\"{&quot;events_category&quot;:&quot;16&quot;,&quot;data_provider&quot;:&quot;events&quot;}\" data-ajax-url=\"https:\/\/medivision.be\/fr\/wp-admin\/admin-ajax.php\" data-template=\"week\" data-template-path=\"https:\/\/medivision.be\/fr\/wp-content\/themes\/creatus\/inc\/thzframework\/extensions\/shortcodes\/shortcodes\/calendar\/views\/\" data-first-day=\"1\" class=\" thz-shc thz-calendar-wrapper thz-calendar-week thz-calendar-style-predefined\" >\r\n\t<div class=\"thz-clear\"><\/div>\r\n    <div class=\"thz-calendar-header hide-calendar-section\">\r\n        <button data-calendar-nav=\"prev\"><i class=\"fa fa-angle-left\"><\/i><\/button>\r\n        <h3 class=\"thz-calendar-title\"><!-- Title will be set here --><\/h3>\r\n        <button data-calendar-nav=\"next\"><i class=\"fa fa-angle-right\"><\/i><\/button>\r\n    <\/div>\r\n\t<div class=\"thz-calendar-holder\">\r\n\t\t<div class=\"thz-calendar hide-calendar-section\"><\/div>\r\n\t<\/div>\r\n<\/div><div class=\"thz-btn-container\"><a class=\"thz-button thz-btn-theme thz-btn-normal thz-radius-4 thz-btn-border-1 thz-align-center\" href=\"\/ateliers\/\"><span class=\"thz-btn-text thz-fs-14 thz-fw-400\">Voir toutes les ateliers<\/span><\/a><\/div>            <\/div>\r\n                                            <\/div>\r\n    <\/div>\r\n<\/div><\/div><div class=\"thz-row\">\r\n\t<div id=\"thz-column-c902377db\" class=\"thz-column thz-col-1 fstart\">\r\n\t<div class=\"thz-column-container\">\r\n        <div class=\"thz-column-in\">\r\n                        <div class=\"thz-column-shortcodes\">\t\r\n                <div class=\"thz-clear\"><\/div><div id=\"thz-divider-5ca3edfc\" class=\"thz-shc thz-divider-5ca3edfc thz-divider-holder\"><div class=\"thz-divider thz-divider-singleline thz-float-none\"><\/div><\/div>            <\/div>\r\n                                            <\/div>\r\n    <\/div>\r\n<\/div><\/div><div class=\"thz-row\">\r\n\t<div id=\"thz-column-ca50f5cec\" class=\"thz-column thz-col-1 fstart\">\r\n\t<div class=\"thz-column-container\">\r\n        <div class=\"thz-column-in\">\r\n                        <div class=\"thz-column-shortcodes\">\t\r\n                <div id=\"thz-sh-f0bcf978\" class=\"thz-shc thz-heading thz-sh-f0bcf978 thz-sh-plain thz-sh-pos-both\">\r\n\t<div class=\"thz-heading-holder\">\r\n\t\t\t\t<h3 class=\"thz-heading-title\"><span data-testid=\"comment-base-item-38418\">Salons professionnels et congr\u00e8s<\/span><\/h3>\t\t\t<\/div>\r\n<\/div><div id=\"thz-calendar-16c6e903\" data-extends-ajax-params=\"{&quot;events_category&quot;:&quot;163&quot;,&quot;data_provider&quot;:&quot;events&quot;}\" data-ajax-url=\"https:\/\/medivision.be\/fr\/wp-admin\/admin-ajax.php\" data-template=\"week\" data-template-path=\"https:\/\/medivision.be\/fr\/wp-content\/themes\/creatus\/inc\/thzframework\/extensions\/shortcodes\/shortcodes\/calendar\/views\/\" data-first-day=\"1\" class=\" thz-shc thz-calendar-wrapper thz-calendar-week thz-calendar-style-predefined\" >\r\n\t<div class=\"thz-clear\"><\/div>\r\n    <div class=\"thz-calendar-header hide-calendar-section\">\r\n        <button data-calendar-nav=\"prev\"><i class=\"fa fa-angle-left\"><\/i><\/button>\r\n        <h3 class=\"thz-calendar-title\"><!-- Title will be set here --><\/h3>\r\n        <button data-calendar-nav=\"next\"><i class=\"fa fa-angle-right\"><\/i><\/button>\r\n    <\/div>\r\n\t<div class=\"thz-calendar-holder\">\r\n\t\t<div class=\"thz-calendar hide-calendar-section\"><\/div>\r\n\t<\/div>\r\n<\/div><div class=\"thz-btn-container\"><a class=\"thz-button thz-btn-theme thz-btn-normal thz-radius-4 thz-btn-border-1 thz-align-center\" href=\"\/salons-professionnels\/\"><span class=\"thz-btn-text thz-fs-14 thz-fw-400\">Voir toutes les salons professionnels<\/span><\/a><\/div>            <\/div>\r\n                                            <\/div>\r\n    <\/div>\r\n<\/div><\/div>            <\/div>\r\n                                            <\/div>\r\n    <\/div>\r\n<\/div><\/div>\t\t\t<\/div>\r\n\t\t\t\t<\/div>\r\n\t\t\t\t<\/section>\r\n<\/div>\r\n<\/p>\n","protected":false},"excerpt":{"rendered":"<p>Quels \u00e9v\u00e9nements sont sur notre calendrier ? Ateliers Voir toutes les ateliers Salons professionnels et congr\u00e8s Voir toutes les salons professionnels<\/p>\n","protected":false},"author":1,"featured_media":0,"parent":0,"menu_order":0,"comment_status":"closed","ping_status":"closed","template":"template-parts\/page-builder.php","meta":{"footnotes":""},"tags":[],"class_list":["post-538","page","type-page","status-publish","hentry"],"acf":[],"yoast_head":"<!-- This site is optimized with the Yoast SEO plugin v26.5 - https:\/\/yoast.com\/wordpress\/plugins\/seo\/ -->\n<title>\u00c9v\u00e8nements | Medivision<\/title>\n<meta name=\"robots\" content=\"index, follow, max-snippet:-1, max-image-preview:large, max-video-preview:-1\" \/>\n<link rel=\"canonical\" href=\"https:\/\/medivision.be\/fr\/evenements\/\" \/>\n<meta property=\"og:locale\" content=\"nl_NL\" \/>\n<meta property=\"og:type\" content=\"article\" \/>\n<meta property=\"og:title\" content=\"\u00c9v\u00e8nements | Medivision\" \/>\n<meta property=\"og:description\" content=\"Quels \u00e9v\u00e9nements sont sur notre calendrier ? Ateliers Voir toutes les ateliers Salons professionnels et congr\u00e8s Voir toutes les salons professionnels\" \/>\n<meta property=\"og:url\" content=\"https:\/\/medivision.be\/fr\/evenements\/\" \/>\n<meta property=\"og:site_name\" content=\"Medivision\" \/>\n<meta property=\"article:modified_time\" content=\"2022-03-29T11:32:45+00:00\" \/>\n<meta name=\"twitter:card\" content=\"summary_large_image\" \/>\n<script type=\"application\/ld+json\" class=\"yoast-schema-graph\">{\"@context\":\"https:\/\/schema.org\",\"@graph\":[{\"@type\":\"WebPage\",\"@id\":\"https:\/\/medivision.be\/fr\/evenements\/\",\"url\":\"https:\/\/medivision.be\/fr\/evenements\/\",\"name\":\"\u00c9v\u00e8nements | Medivision\",\"isPartOf\":{\"@id\":\"https:\/\/medivision.be\/fr\/#website\"},\"datePublished\":\"2020-01-27T15:40:13+00:00\",\"dateModified\":\"2022-03-29T11:32:45+00:00\",\"breadcrumb\":{\"@id\":\"https:\/\/medivision.be\/fr\/evenements\/#breadcrumb\"},\"inLanguage\":\"nl-NL\",\"potentialAction\":[{\"@type\":\"ReadAction\",\"target\":[\"https:\/\/medivision.be\/fr\/evenements\/\"]}]},{\"@type\":\"BreadcrumbList\",\"@id\":\"https:\/\/medivision.be\/fr\/evenements\/#breadcrumb\",\"itemListElement\":[{\"@type\":\"ListItem\",\"position\":1,\"name\":\"Home\",\"item\":\"https:\/\/medivision.be\/fr\/\"},{\"@type\":\"ListItem\",\"position\":2,\"name\":\"\u00c9v\u00e8nements\"}]},{\"@type\":\"WebSite\",\"@id\":\"https:\/\/medivision.be\/fr\/#website\",\"url\":\"https:\/\/medivision.be\/fr\/\",\"name\":\"Medivision\",\"description\":\"Laservision Instruments B.V.\",\"publisher\":{\"@id\":\"https:\/\/medivision.be\/fr\/#organization\"},\"potentialAction\":[{\"@type\":\"SearchAction\",\"target\":{\"@type\":\"EntryPoint\",\"urlTemplate\":\"https:\/\/medivision.be\/fr\/?s={search_term_string}\"},\"query-input\":{\"@type\":\"PropertyValueSpecification\",\"valueRequired\":true,\"valueName\":\"search_term_string\"}}],\"inLanguage\":\"nl-NL\"},{\"@type\":\"Organization\",\"@id\":\"https:\/\/medivision.be\/fr\/#organization\",\"name\":\"Medivision\",\"url\":\"https:\/\/medivision.be\/fr\/\",\"logo\":{\"@type\":\"ImageObject\",\"inLanguage\":\"nl-NL\",\"@id\":\"https:\/\/medivision.be\/fr\/#\/schema\/logo\/image\/\",\"url\":\"https:\/\/medivision.be\/fr\/wp-content\/uploads\/2021\/07\/Logo_image-20210728-145414_1920px.png\",\"contentUrl\":\"https:\/\/medivision.be\/fr\/wp-content\/uploads\/2021\/07\/Logo_image-20210728-145414_1920px.png\",\"width\":1920,\"height\":456,\"caption\":\"Medivision\"},\"image\":{\"@id\":\"https:\/\/medivision.be\/fr\/#\/schema\/logo\/image\/\"}}]}<\/script>\n<!-- \/ Yoast SEO plugin. -->","yoast_head_json":{"title":"\u00c9v\u00e8nements | Medivision","robots":{"index":"index","follow":"follow","max-snippet":"max-snippet:-1","max-image-preview":"max-image-preview:large","max-video-preview":"max-video-preview:-1"},"canonical":"https:\/\/medivision.be\/fr\/evenements\/","og_locale":"nl_NL","og_type":"article","og_title":"\u00c9v\u00e8nements | Medivision","og_description":"Quels \u00e9v\u00e9nements sont sur notre calendrier ? Ateliers Voir toutes les ateliers Salons professionnels et congr\u00e8s Voir toutes les salons professionnels","og_url":"https:\/\/medivision.be\/fr\/evenements\/","og_site_name":"Medivision","article_modified_time":"2022-03-29T11:32:45+00:00","twitter_card":"summary_large_image","schema":{"@context":"https:\/\/schema.org","@graph":[{"@type":"WebPage","@id":"https:\/\/medivision.be\/fr\/evenements\/","url":"https:\/\/medivision.be\/fr\/evenements\/","name":"\u00c9v\u00e8nements | Medivision","isPartOf":{"@id":"https:\/\/medivision.be\/fr\/#website"},"datePublished":"2020-01-27T15:40:13+00:00","dateModified":"2022-03-29T11:32:45+00:00","breadcrumb":{"@id":"https:\/\/medivision.be\/fr\/evenements\/#breadcrumb"},"inLanguage":"nl-NL","potentialAction":[{"@type":"ReadAction","target":["https:\/\/medivision.be\/fr\/evenements\/"]}]},{"@type":"BreadcrumbList","@id":"https:\/\/medivision.be\/fr\/evenements\/#breadcrumb","itemListElement":[{"@type":"ListItem","position":1,"name":"Home","item":"https:\/\/medivision.be\/fr\/"},{"@type":"ListItem","position":2,"name":"\u00c9v\u00e8nements"}]},{"@type":"WebSite","@id":"https:\/\/medivision.be\/fr\/#website","url":"https:\/\/medivision.be\/fr\/","name":"Medivision","description":"Laservision Instruments B.V.","publisher":{"@id":"https:\/\/medivision.be\/fr\/#organization"},"potentialAction":[{"@type":"SearchAction","target":{"@type":"EntryPoint","urlTemplate":"https:\/\/medivision.be\/fr\/?s={search_term_string}"},"query-input":{"@type":"PropertyValueSpecification","valueRequired":true,"valueName":"search_term_string"}}],"inLanguage":"nl-NL"},{"@type":"Organization","@id":"https:\/\/medivision.be\/fr\/#organization","name":"Medivision","url":"https:\/\/medivision.be\/fr\/","logo":{"@type":"ImageObject","inLanguage":"nl-NL","@id":"https:\/\/medivision.be\/fr\/#\/schema\/logo\/image\/","url":"https:\/\/medivision.be\/fr\/wp-content\/uploads\/2021\/07\/Logo_image-20210728-145414_1920px.png","contentUrl":"https:\/\/medivision.be\/fr\/wp-content\/uploads\/2021\/07\/Logo_image-20210728-145414_1920px.png","width":1920,"height":456,"caption":"Medivision"},"image":{"@id":"https:\/\/medivision.be\/fr\/#\/schema\/logo\/image\/"}}]}},"_links":{"self":[{"href":"https:\/\/medivision.be\/fr\/wp-json\/wp\/v2\/pages\/538","targetHints":{"allow":["GET"]}}],"collection":[{"href":"https:\/\/medivision.be\/fr\/wp-json\/wp\/v2\/pages"}],"about":[{"href":"https:\/\/medivision.be\/fr\/wp-json\/wp\/v2\/types\/page"}],"author":[{"embeddable":true,"href":"https:\/\/medivision.be\/fr\/wp-json\/wp\/v2\/users\/1"}],"replies":[{"embeddable":true,"href":"https:\/\/medivision.be\/fr\/wp-json\/wp\/v2\/comments?post=538"}],"version-history":[{"count":11,"href":"https:\/\/medivision.be\/fr\/wp-json\/wp\/v2\/pages\/538\/revisions"}],"predecessor-version":[{"id":11571,"href":"https:\/\/medivision.be\/fr\/wp-json\/wp\/v2\/pages\/538\/revisions\/11571"}],"wp:attachment":[{"href":"https:\/\/medivision.be\/fr\/wp-json\/wp\/v2\/media?parent=538"}],"wp:term":[{"taxonomy":"post_tag","embeddable":true,"href":"https:\/\/medivision.be\/fr\/wp-json\/wp\/v2\/tags?post=538"}],"curies":[{"name":"wp","href":"https:\/\/api.w.org\/{rel}","templated":true}]}}