{"id":541,"date":"2020-01-27T16:40:34","date_gmt":"2020-01-27T15:40:34","guid":{"rendered":"https:\/\/medivision.be\/fr\/?page_id=541"},"modified":"2022-03-15T18:57:49","modified_gmt":"2022-03-15T17:57:49","slug":"qui-sommes-nous","status":"publish","type":"page","link":"https:\/\/medivision.be\/fr\/qui-sommes-nous\/","title":{"rendered":"Qui sommes-nous ?"},"content":{"rendered":"<p><div id=\"thz-section-holder-s075c3cfb\" class=\"thz-section-holder section-notcontained none\" data-view-brightness=\"none\">\r\n\t<section class=\"thz-section\">\r\n\t\t<div class=\"thz-section-in\">\r\n\t\t\t\t\t<div class=\"thz-container content-contained thz-site-width\">\r\n\t\t\t\t\t\t\t<\/div>\r\n\t\t\t\t<\/div>\r\n\t\t<div class=\"thz-bglayer-container\"><div id=\"thz-bglayer-b3eda590\" class=\"thz-basic-bglayer\"><\/div><div id=\"thz-bglayer-da03214a\" class=\"thz-basic-bglayer\"><\/div><div id=\"thz-bglayer-3d94eadb\" class=\"thz-basic-bglayer thz-desktop-hidden thz-tablet-hidden thz-mobile-hidden\"><\/div><\/div>\t\t<\/section>\r\n<\/div>\r\n<div id=\"thz-section-holder-sf6cfc45d\" class=\"thz-section-holder section-notcontained none\" data-view-brightness=\"none\">\r\n\t<section class=\"thz-section\">\r\n\t\t<div class=\"thz-section-in\">\r\n\t\t\t\t\t<div class=\"thz-container content-contained thz-site-width\">\r\n\t\t\t\t<div class=\"thz-row\">\r\n\t<div id=\"thz-column-cf9f6a7e0\" class=\"thz-column thz-col-1 fstart\">\r\n\t<div class=\"thz-column-container\">\r\n        <div class=\"thz-column-in\">\r\n                        <div class=\"thz-column-shortcodes\">\t\r\n                <div id=\"thz-sh-aa93e6d2\" class=\"thz-shc thz-heading thz-sh-aa93e6d2 thz-sh-plain thz-sh-pos-both\">\r\n\t<div class=\"thz-heading-holder\">\r\n\t\t\t\t<h1 class=\"thz-heading-title\"><strong>Qui sommes-nous ?<\/strong><\/h1>\t\t\t<\/div>\r\n<\/div><div id=\"thz-text-block-ac76f047\" class=\"thz-shc thz-text-block\"><p><span style=\"font-weight: 400;\">MediVision \u2013 votre partenaire de confiance en ophtalmologie\u00a0<\/span><\/p><p><span style=\"font-weight: 400;\">MediVision repr\u00e9sente les principales marques d'appareils ophtalmiques, d'\u00e9quipements de diagnostic, d'\u00e9quipements laser, de logiciels et de lits d'op\u00e9ration.\u00a0<\/span><\/p><p><span style=\"font-weight: 400;\">Notre \u00e9troite collaboration avec des fabricants de renomm\u00e9e internationale permet \u00e0 MediVision d'\u00eatre un partenaire d'interlocuteur innovant pour ses clients. Chaque jour, nos appareils sont utilis\u00e9s dans d'innombrables h\u00f4pitaux et cabinets de m\u00e9decins. <\/span><\/p><h2><strong>Large gamme d'\u00e9quipements ophtalmiques\u00a0<\/strong><\/h2><p><b>MediVision est votre sp\u00e9cialiste des produits ophtalmiques <\/b><span style=\"font-weight: 400;\">\u00a0<\/span><\/p><p><span style=\"font-weight: 400;\">MediVision fournit une large gamme d'\u00e9quipements ophtalmiques aux h\u00f4pitaux et aux cliniques sp\u00e9cialis\u00e9es. La gamme se compose d'\u00e9quipements laser, d'\u00e9quipements de diagnostic, d'unit\u00e9s de r\u00e9fraction, d'appareils complets et de logiciels.\u00a0<\/span><\/p><p><span style=\"font-weight: 400;\">L'\u00e9quipement laser ophtalmique MediVision garantit des traitements ambulatoires confortables et peu invasifs, en mettant l'accent sur les traitements au laser m\u00e9dicalement n\u00e9cessaires. Les lasers nd:YAG, SLT, YAG\/SLT, \u00e0 point unique, \u00e0 motif et \u00e0 flotteur font partie de la large gamme. MediVision propose des unit\u00e9s ophtalmiques pratiques et ergonomiques ainsi que des \u00e9quipements de haute qualit\u00e9. Nos techniciens sp\u00e9cialis\u00e9s s'occupent de leur installation compl\u00e8te. <\/span><\/p><h2><b>Service et maintenance sp\u00e9cialis\u00e9s<\/b><span style=\"font-weight: 400;\">\u00a0<\/span><\/h2><p><span style=\"font-weight: 400;\">MediVision dispose de son propre service apr\u00e8s-vente et s'occupe de la maintenance de ses \u00e9quipements en interne. Nous ne recourons pas \u00e0 des tiers, ce qui permet de r\u00e9duire les pertes de temps et d\u2019\u00eatre r\u00e9actif. Nos techniciens de maintenance sont form\u00e9s en permanence chez nos fournisseurs en fonction des connaissances techniques les plus r\u00e9centes. Ils sont confront\u00e9s quotidiennement \u00e0 nos syst\u00e8mes et connaissent parfaitement l'\u00e9quipement. C'est pourquoi nous vous recommandons de faire entretenir nos \u00e9quipements par MediVision au moyen d'un contrat de maintenance. Nos ing\u00e9nieurs peuvent \u00e9galement effectuer la maintenance sur des \u00e9quipements comparables d'autres fournisseurs.\u00a0<\/span><\/p><p><span style=\"font-weight: 400;\">Vous avez des souhaits particuliers concernant un \u00e9quipement, un am\u00e9nagement complet ou notre service ? Prenez rendez-vous avec l'un de nos sp\u00e9cialistes produits, nous serons ravis de r\u00e9pondre \u00e0 vos questions ! <\/span><\/p><h2><b>Qualit\u00e9 et performances haut de gamme<\/b><span style=\"font-weight: 400;\">\u00a0<\/span><\/h2><p><span style=\"font-weight: 400;\">Les lasers, \u00e9quipements de diagnostic et appareils de MediVision sont uniquement des produits de qualit\u00e9 de marques renomm\u00e9es, d'une grande pr\u00e9cision et qui peuvent \u00eatre facilement reli\u00e9s \u00e0 n'importe quelle configuration ICT et DPE.<\/span><\/p><p><span style=\"font-weight: 400;\">En utilisant Softoptic, vous compl\u00e9tez votre espace ophtalmique, ce qui vous fait gagner du temps et vous \u00e9vite les erreurs dans le traitement des donn\u00e9es des patients. Vous pouvez connecter tous vos \u00e9quipements \u00e0 ce logiciel ing\u00e9nieux et \u00e0 votre syst\u00e8me informatique<\/span><span style=\"font-weight: 400;\">.<\/span><\/p><p>&nbsp;<\/p><\/div><div class=\"thz-btn-container thz-custom-btn-44726 ctm-btn thz-mt-16\"><a class=\"thz-button thz-btn-large thz-radius-8 thz-btn-border-1 thz-align-center\" href=\"\/contact\/\"><span class=\"thz-btn-text thz-fs-16 thz-fw-600\">Contact<\/span><\/a><\/div>            <\/div>\r\n                                            <\/div>\r\n    <\/div>\r\n<\/div><\/div>\t\t\t<\/div>\r\n\t\t\t\t<\/div>\r\n\t\t\t\t<\/section>\r\n<\/div>\r\n<\/p>\n","protected":false},"excerpt":{"rendered":"<p>Qui sommes-nous ? MediVision \u2013 votre partenaire de confiance en ophtalmologie\u00a0MediVision repr\u00e9sente les principales marques d&#8217;appareils ophtalmiques, d&#8217;\u00e9quipements de diagnostic, d&#8217;\u00e9quipements laser, de logiciels et de lits d&#8217;op\u00e9ration.\u00a0Notre \u00e9troite collaboration avec des fabricants de renomm\u00e9e internationale permet \u00e0 MediVision d&#8217;\u00eatre un partenaire d&#8217;interlocuteur innovant pour ses clients. Chaque jour, nos appareils sont utilis\u00e9s dans d&#8217;innombrables h\u00f4pitaux et cabinets de m\u00e9decins. Large gamme d&#8217;\u00e9quipements ophtalmiques\u00a0MediVision est votre sp\u00e9cialiste des produits ophtalmiques \u00a0MediVision fournit une large gamme d&#8217;\u00e9quipements ophtalmiques aux h\u00f4pitaux et aux cliniques sp\u00e9cialis\u00e9es. La gamme se compose d&#8217;\u00e9quipements laser, d&#8217;\u00e9quipements de diagnostic, d&#8217;unit\u00e9s de r\u00e9fraction, d&#8217;appareils complets et de logiciels.\u00a0L&#8217;\u00e9quipement laser ophtalmique MediVision garantit des traitements ambulatoires confortables et peu invasifs, en mettant l&#8217;accent sur les traitements au laser m\u00e9dicalement n\u00e9cessaires. Les lasers nd:YAG, SLT, YAG\/SLT, \u00e0 point unique, \u00e0 motif et \u00e0 flotteur font partie de la large gamme. MediVision propose des unit\u00e9s ophtalmiques pratiques et ergonomiques ainsi que des \u00e9quipements de haute qualit\u00e9. Nos techniciens sp\u00e9cialis\u00e9s s&#8217;occupent de leur installation compl\u00e8te. Service et maintenance sp\u00e9cialis\u00e9s\u00a0MediVision dispose de son propre service apr\u00e8s-vente et s&#8217;occupe de la maintenance de ses \u00e9quipements en interne. Nous ne recourons pas \u00e0 des tiers, ce qui permet de r\u00e9duire les pertes de temps et [&hellip;]<\/p>\n","protected":false},"author":1,"featured_media":0,"parent":0,"menu_order":0,"comment_status":"closed","ping_status":"closed","template":"template-parts\/page-builder.php","meta":{"footnotes":""},"tags":[318,376,326],"class_list":["post-541","page","type-page","status-publish","hentry","tag-huidtherapie","tag-laserapparatuur","tag-lasers"],"acf":[],"yoast_head":"<!-- This site is optimized with the Yoast SEO plugin v26.5 - https:\/\/yoast.com\/wordpress\/plugins\/seo\/ -->\n<title>Qui sommes-nous ? | Medivision | We doen zoveel m\u00e9\u00e9r dan lasers!<\/title>\n<meta name=\"description\" content=\"Specialist in levering en onderhoud van medische en esthetische lasers, diagnostische apparatuur en instrumenten en cosmetische hulpmiddelen | Medivision\" \/>\n<meta name=\"robots\" content=\"index, follow, max-snippet:-1, max-image-preview:large, max-video-preview:-1\" \/>\n<link rel=\"canonical\" href=\"https:\/\/medivision.be\/fr\/qui-sommes-nous\/\" \/>\n<meta property=\"og:locale\" content=\"nl_NL\" \/>\n<meta property=\"og:type\" content=\"article\" \/>\n<meta property=\"og:title\" content=\"Qui sommes-nous ? | Medivision | We doen zoveel m\u00e9\u00e9r dan lasers!\" \/>\n<meta property=\"og:description\" content=\"Specialist in levering en onderhoud van medische en esthetische lasers, diagnostische apparatuur en instrumenten en cosmetische hulpmiddelen | Medivision\" \/>\n<meta property=\"og:url\" content=\"https:\/\/medivision.be\/fr\/qui-sommes-nous\/\" \/>\n<meta property=\"og:site_name\" content=\"Medivision\" \/>\n<meta property=\"article:modified_time\" content=\"2022-03-15T17:57:49+00:00\" \/>\n<meta name=\"twitter:card\" content=\"summary_large_image\" \/>\n<meta name=\"twitter:label1\" content=\"Geschatte leestijd\" \/>\n\t<meta name=\"twitter:data1\" content=\"2 minuten\" \/>\n<script type=\"application\/ld+json\" class=\"yoast-schema-graph\">{\"@context\":\"https:\/\/schema.org\",\"@graph\":[{\"@type\":\"WebPage\",\"@id\":\"https:\/\/medivision.be\/fr\/qui-sommes-nous\/\",\"url\":\"https:\/\/medivision.be\/fr\/qui-sommes-nous\/\",\"name\":\"Qui sommes-nous ? | Medivision | We doen zoveel m\u00e9\u00e9r dan lasers!\",\"isPartOf\":{\"@id\":\"https:\/\/medivision.be\/fr\/#website\"},\"datePublished\":\"2020-01-27T15:40:34+00:00\",\"dateModified\":\"2022-03-15T17:57:49+00:00\",\"description\":\"Specialist in levering en onderhoud van medische en esthetische lasers, diagnostische apparatuur en instrumenten en cosmetische hulpmiddelen | Medivision\",\"breadcrumb\":{\"@id\":\"https:\/\/medivision.be\/fr\/qui-sommes-nous\/#breadcrumb\"},\"inLanguage\":\"nl-NL\",\"potentialAction\":[{\"@type\":\"ReadAction\",\"target\":[\"https:\/\/medivision.be\/fr\/qui-sommes-nous\/\"]}]},{\"@type\":\"BreadcrumbList\",\"@id\":\"https:\/\/medivision.be\/fr\/qui-sommes-nous\/#breadcrumb\",\"itemListElement\":[{\"@type\":\"ListItem\",\"position\":1,\"name\":\"Home\",\"item\":\"https:\/\/medivision.be\/fr\/\"},{\"@type\":\"ListItem\",\"position\":2,\"name\":\"Qui sommes-nous ?\"}]},{\"@type\":\"WebSite\",\"@id\":\"https:\/\/medivision.be\/fr\/#website\",\"url\":\"https:\/\/medivision.be\/fr\/\",\"name\":\"Medivision\",\"description\":\"Laservision Instruments B.V.\",\"publisher\":{\"@id\":\"https:\/\/medivision.be\/fr\/#organization\"},\"potentialAction\":[{\"@type\":\"SearchAction\",\"target\":{\"@type\":\"EntryPoint\",\"urlTemplate\":\"https:\/\/medivision.be\/fr\/?s={search_term_string}\"},\"query-input\":{\"@type\":\"PropertyValueSpecification\",\"valueRequired\":true,\"valueName\":\"search_term_string\"}}],\"inLanguage\":\"nl-NL\"},{\"@type\":\"Organization\",\"@id\":\"https:\/\/medivision.be\/fr\/#organization\",\"name\":\"Medivision\",\"url\":\"https:\/\/medivision.be\/fr\/\",\"logo\":{\"@type\":\"ImageObject\",\"inLanguage\":\"nl-NL\",\"@id\":\"https:\/\/medivision.be\/fr\/#\/schema\/logo\/image\/\",\"url\":\"https:\/\/medivision.be\/fr\/wp-content\/uploads\/2021\/07\/Logo_image-20210728-145414_1920px.png\",\"contentUrl\":\"https:\/\/medivision.be\/fr\/wp-content\/uploads\/2021\/07\/Logo_image-20210728-145414_1920px.png\",\"width\":1920,\"height\":456,\"caption\":\"Medivision\"},\"image\":{\"@id\":\"https:\/\/medivision.be\/fr\/#\/schema\/logo\/image\/\"}}]}<\/script>\n<!-- \/ Yoast SEO plugin. -->","yoast_head_json":{"title":"Qui sommes-nous ? | Medivision | We doen zoveel m\u00e9\u00e9r dan lasers!","description":"Specialist in levering en onderhoud van medische en esthetische lasers, diagnostische apparatuur en instrumenten en cosmetische hulpmiddelen | Medivision","robots":{"index":"index","follow":"follow","max-snippet":"max-snippet:-1","max-image-preview":"max-image-preview:large","max-video-preview":"max-video-preview:-1"},"canonical":"https:\/\/medivision.be\/fr\/qui-sommes-nous\/","og_locale":"nl_NL","og_type":"article","og_title":"Qui sommes-nous ? | Medivision | We doen zoveel m\u00e9\u00e9r dan lasers!","og_description":"Specialist in levering en onderhoud van medische en esthetische lasers, diagnostische apparatuur en instrumenten en cosmetische hulpmiddelen | Medivision","og_url":"https:\/\/medivision.be\/fr\/qui-sommes-nous\/","og_site_name":"Medivision","article_modified_time":"2022-03-15T17:57:49+00:00","twitter_card":"summary_large_image","twitter_misc":{"Geschatte leestijd":"2 minuten"},"schema":{"@context":"https:\/\/schema.org","@graph":[{"@type":"WebPage","@id":"https:\/\/medivision.be\/fr\/qui-sommes-nous\/","url":"https:\/\/medivision.be\/fr\/qui-sommes-nous\/","name":"Qui sommes-nous ? | Medivision | We doen zoveel m\u00e9\u00e9r dan lasers!","isPartOf":{"@id":"https:\/\/medivision.be\/fr\/#website"},"datePublished":"2020-01-27T15:40:34+00:00","dateModified":"2022-03-15T17:57:49+00:00","description":"Specialist in levering en onderhoud van medische en esthetische lasers, diagnostische apparatuur en instrumenten en cosmetische hulpmiddelen | Medivision","breadcrumb":{"@id":"https:\/\/medivision.be\/fr\/qui-sommes-nous\/#breadcrumb"},"inLanguage":"nl-NL","potentialAction":[{"@type":"ReadAction","target":["https:\/\/medivision.be\/fr\/qui-sommes-nous\/"]}]},{"@type":"BreadcrumbList","@id":"https:\/\/medivision.be\/fr\/qui-sommes-nous\/#breadcrumb","itemListElement":[{"@type":"ListItem","position":1,"name":"Home","item":"https:\/\/medivision.be\/fr\/"},{"@type":"ListItem","position":2,"name":"Qui sommes-nous ?"}]},{"@type":"WebSite","@id":"https:\/\/medivision.be\/fr\/#website","url":"https:\/\/medivision.be\/fr\/","name":"Medivision","description":"Laservision Instruments B.V.","publisher":{"@id":"https:\/\/medivision.be\/fr\/#organization"},"potentialAction":[{"@type":"SearchAction","target":{"@type":"EntryPoint","urlTemplate":"https:\/\/medivision.be\/fr\/?s={search_term_string}"},"query-input":{"@type":"PropertyValueSpecification","valueRequired":true,"valueName":"search_term_string"}}],"inLanguage":"nl-NL"},{"@type":"Organization","@id":"https:\/\/medivision.be\/fr\/#organization","name":"Medivision","url":"https:\/\/medivision.be\/fr\/","logo":{"@type":"ImageObject","inLanguage":"nl-NL","@id":"https:\/\/medivision.be\/fr\/#\/schema\/logo\/image\/","url":"https:\/\/medivision.be\/fr\/wp-content\/uploads\/2021\/07\/Logo_image-20210728-145414_1920px.png","contentUrl":"https:\/\/medivision.be\/fr\/wp-content\/uploads\/2021\/07\/Logo_image-20210728-145414_1920px.png","width":1920,"height":456,"caption":"Medivision"},"image":{"@id":"https:\/\/medivision.be\/fr\/#\/schema\/logo\/image\/"}}]}},"_links":{"self":[{"href":"https:\/\/medivision.be\/fr\/wp-json\/wp\/v2\/pages\/541","targetHints":{"allow":["GET"]}}],"collection":[{"href":"https:\/\/medivision.be\/fr\/wp-json\/wp\/v2\/pages"}],"about":[{"href":"https:\/\/medivision.be\/fr\/wp-json\/wp\/v2\/types\/page"}],"author":[{"embeddable":true,"href":"https:\/\/medivision.be\/fr\/wp-json\/wp\/v2\/users\/1"}],"replies":[{"embeddable":true,"href":"https:\/\/medivision.be\/fr\/wp-json\/wp\/v2\/comments?post=541"}],"version-history":[{"count":21,"href":"https:\/\/medivision.be\/fr\/wp-json\/wp\/v2\/pages\/541\/revisions"}],"predecessor-version":[{"id":11556,"href":"https:\/\/medivision.be\/fr\/wp-json\/wp\/v2\/pages\/541\/revisions\/11556"}],"wp:attachment":[{"href":"https:\/\/medivision.be\/fr\/wp-json\/wp\/v2\/media?parent=541"}],"wp:term":[{"taxonomy":"post_tag","embeddable":true,"href":"https:\/\/medivision.be\/fr\/wp-json\/wp\/v2\/tags?post=541"}],"curies":[{"name":"wp","href":"https:\/\/api.w.org\/{rel}","templated":true}]}}