{"id":7917,"date":"2020-07-16T09:39:22","date_gmt":"2020-07-16T07:39:22","guid":{"rendered":"https:\/\/medivision.be\/fr\/?page_id=7917"},"modified":"2022-03-15T18:15:13","modified_gmt":"2022-03-15T17:15:13","slug":"lorthoptie","status":"publish","type":"page","link":"https:\/\/medivision.be\/fr\/oogheelkunde\/equipement-de-diagnostic\/lorthoptie\/","title":{"rendered":"L\u2019orthoptie"},"content":{"rendered":"<p><div id=\"thz-section-holder-s46ffcf99\" class=\"thz-section-holder section-notcontained thz-mobile-hidden none\" data-view-brightness=\"none\">\r\n\t<section class=\"thz-section\">\r\n\t\t<div class=\"thz-section-in\">\r\n\t\t\t\t\t<div class=\"thz-container content-contained thz-site-width\">\r\n\t\t\t\t\t\t\t<\/div>\r\n\t\t\t\t<\/div>\r\n\t\t<div class=\"thz-bglayer-container\"><div id=\"thz-bglayer-d63914de\" class=\"thz-basic-bglayer\"><\/div><div id=\"thz-bglayer-bc882306\" class=\"thz-basic-bglayer\"><\/div><\/div>\t\t<\/section>\r\n<\/div>\r\n<div id=\"posts-grid\" class=\"thz-section-holder section-notcontained none\" data-view-brightness=\"none\">\r\n\t<section class=\"thz-section\">\r\n\t\t<div class=\"thz-section-in\">\r\n\t\t\t\t\t<div class=\"thz-container content-contained thz-site-width\">\r\n\t\t\t\t<div class=\"thz-row\">\r\n\t<div id=\"thz-column-c11bf96b2\" class=\"thz-column thz-col-1 fstart\">\r\n\t<div class=\"thz-column-container\">\r\n        <div class=\"thz-column-in\">\r\n                        <div class=\"thz-column-shortcodes\">\t\r\n                <div id=\"thz-sh-efc4665b\" class=\"thz-shc thz-heading thz-sh-efc4665b thz-sh-plain thz-sh-pos-both\">\r\n\t<div class=\"thz-heading-holder\">\r\n\t\t\t\t\t\t\t<\/div>\r\n<\/div><div id=\"thz-posts-1acc7ace\" class=\"thz-shc thz-items-grid-holder thz-is-isotope thz-posts-holder thz-items-grid-thz-ratio-1-1 thz-grid-has-col-4 thz-lightbox-mode-single thz-mfp-hide-slider\">\r\n                     <ul id=\"thz-posts-filter-1acc7ace\" class=\"thz-items-grid-categories thz-posts-filter\">\r\n                <li class=\"thz-items-categories-item\">\r\n                    <a class=\"active thz-posts-filter-link\" href='#' data-filter-value=\".category_all\">\r\n                        All                    <\/a>\r\n                <\/li>\r\n                                <li class=\"thz-items-categories-item\">\r\n                    <a class=\"thz-posts-filter-link\" href='#' data-filter-value=\".category_593\">\r\n                        L\u2019orthoptie                    <\/a>\r\n                <\/li>\r\n                            <\/ul>\r\n         \t\t<div id=\"thz-posts-1acc7ace-inner\" class=\"thz-items-grid thz-items-display-introunder\" data-maxpages=\"1\" data-pagination=\"click\" data-itemsload=\"12\" data-layout-type=\"thz-ratio-1-1\" data-display-mode=\"introunder\" data-shortcodeid=\"1acc7ace\" data-objectid=\"912\" data-isotope-mode=\"packery\" data-minwidth=\"230\">\r\n\t\t\t            <div class=\"thz-items-sizer\"><\/div>\r\n                   \r\n                 \r\n\t\t\t<div class=\"thz-grid-item category_all category_581 category_593 thz-posts-item-10553 thz-grid-item-odd\" data-itemid=\"10553\" data-mode=\"introunder\" data-cats=\"{&amp;quot;category_581&amp;quot;:&amp;quot;\\u00c9quipement diagnostique&amp;quot;,&amp;quot;category_593&amp;quot;:&amp;quot;L\\u2019orthoptie&amp;quot;}\">\t<div class=\"thz-grid-item-in\">\r\n    \t\t\t<div class=\"thz-grid-item-media-holder\">\r\n\t\t\t<div class=\"thz-grid-item-media\">\r\n\t\t\t\t\t\t\t\t\t            <div class=\"thz-aspect thz-ratio-1-1\">\r\n            <div class=\"thz-ratio-in\">\r\n                                <div class=\"thz-hover thz-hover-img-mask thz-hover-bg-none thz-hover-fadein thz-img-none thz-transease-04 thz-items-grid-image\" style=\"background-image:url(https:\/\/medivision.be\/fr\/wp-content\/uploads\/2021\/08\/KM-Screen-Nieuw-website-formaat-350x350.jpg);\">\r\n\t\t\t\t\t                                         \r\n                    <div class=\"thz-hover-mask thz-transease-04\">                        <div class=\"thz-hover-mask-table\">\r\n                            <a class=\"thz-hover-link\" href=\"https:\/\/medivision.be\/fr\/product\/km-ecran-numerique-hess\/\"><\/a>\r\n                                                        <div class=\"thz-hover-icons thz-comein-none thz-transease-05\">\r\n                                <a class=\"thz-hover-icon thz-hover-media-icon circle thz-fs-16 thz-vp-10 thz-hp-10 thz-lightbox mfp-image\" href=\"#\" data-mfp-src=\"https:\/\/medivision.be\/fr\/wp-content\/uploads\/2021\/08\/KM-Screen-Nieuw-website-formaat.jpg\" data-bg=\"mfp-dark\" data-opacity=\"mfp-opacity-08\" data-effect=\"mfp-zoom-out\" data-mfp-title=\"KM-Screen-Nieuw-website-formaat\" data-modal-size=\"large\"><span class=\"thzicon thzicon-plus\"><\/span><\/a>                            <\/div>                        <\/div>\r\n                    <\/div>\r\n                                    <\/div>\r\n                            <\/div>\r\n        <\/div>\r\n                                        \t\t\t<\/div>\r\n\t\t<\/div>\r\n                \t\t<div class=\"thz-grid-item-intro-holder\">\r\n        \t\t\t\t<div class=\"thz-grid-item-poz\">\r\n\t\t\t\t<div class=\"thz-grid-item-intro thz-align-left\">\r\n\t\t\t\t\t\t\t\t\t\t                    \t\t\t\t\t\t\t\t\t\t<h3 class=\"thz-grid-item-title\">\r\n\t\t\t\t\t\t<a href=\"https:\/\/medivision.be\/fr\/product\/km-ecran-numerique-hess\/\">\r\n\t\t\t\t\t\t\t\u00c9cran KM\t\t\t\t\t\t<\/a>\r\n\t\t\t\t\t<\/h3>\r\n\t\t\t\t\t                    \t\t\t\t\t\t\t\t\t\t\t\t\t\t\t\t\t\t\t\t<div class=\"thz-grid-item-intro-text\">\r\n\t\t\t\t\t\t<ul>\r\n    <li>Facile \u00e0 utiliser<\/li>\r\n    <li>Connexion rapide avec le DPE<\/li>\r\n    <li>Affichage num\u00e9rique<\/li>\r\n<\/ul>\r\n\r\n\r\n\r\n\t\t\t\t\t<\/div>\r\n\t\t\t\t\t\t\t\t\t\t\t\t\t\t\t<div class=\"thz-grid-item-button\">\r\n\t\t\t\t\t\t<div class=\"thz-btn-container thz-custom-btn-44726 ctm-btn thz-mt-24\"><a class=\"thz-button thz-btn-large thz-radius-8 thz-btn-border-1 thz-align-center\" href=\"https:\/\/medivision.be\/fr\/product\/km-ecran-numerique-hess\/\"><span class=\"thz-btn-text thz-fs-16 thz-fw-600\">Plus d\u2019information <\/span><\/a><\/div>\t\t\t\t\t<\/div>\r\n\t\t\t\t\t                    \t\t\t\t\t                    \r\n\t\t\t\t<\/div>\r\n\t\t\t<\/div>\r\n\t\t\t\t\t<\/div>\r\n        \t<\/div><\/div>                 \r\n\t\t<\/div>\r\n        \t\t        <div class=\"thz-items-gutter-adjust\"><\/div>\r\n                 \r\n\t\t\t\t\t<div class=\"thz-items-loading\"><\/div>\r\n\t\t\t\t\t<div id=\"thz-portfolio-scrollto-1acc7ace\" class=\"thz-items-scrollto\"><\/div>\r\n        <\/div>\r\n            <\/div>\r\n                                            <\/div>\r\n    <\/div>\r\n<\/div><\/div>\t\t\t<\/div>\r\n\t\t\t\t<\/div>\r\n\t\t\t\t<\/section>\r\n<\/div>\r\n<div id=\"thz-section-holder-sc958a0c0\" class=\"thz-section-holder section-notcontained none\" data-view-brightness=\"none\">\r\n\t<section class=\"thz-section\">\r\n\t\t<div class=\"thz-section-in\">\r\n\t\t\t\t\t<div class=\"thz-container content-contained thz-site-width\">\r\n\t\t\t\t<div id=\"thz-sh-3beaf334\" class=\"thz-shc thz-heading thz-sh-3beaf334 thz-sh-plain thz-sh-pos-both\">\r\n\t<div class=\"thz-heading-holder\">\r\n\t\t\t\t<h2 class=\"thz-heading-title\">Le strabisme, l\u2019\u0153il paresseux, double vision, distant et proche... le terrain de l'orthoptiste !<\/h2>\t\t\t<\/div>\r\n<\/div><ul id=\"thz-shortcode-list-afb3efa8\" class=\"thz-shc thz-icons-list thz-shortcode-list-afb3efa8\"><li id=\"thz-list-item-50559ecf\" class=\"thz-list-item\"><i class=\"eva eva-checkmark-circle\"><\/i> en cas de strabisme et de vision double<\/li><li id=\"thz-list-item-c915047e\" class=\"thz-list-item\"><i class=\"eva eva-checkmark-circle\"><\/i> Examen et traitement d'un \u0153il paresseux <\/li><li id=\"thz-list-item-811d7389\" class=\"thz-list-item\"><i class=\"eva eva-checkmark-circle\"><\/i> Examen de la fonction motrice oculaire \u00e0 la suite d'anomalies neurologiques <\/li><\/ul><div id=\"thz-text-block-9fcd7f05\" class=\"thz-shc thz-text-block\"><p><span style=\"font-weight: 400;\">L'orthoptique est l'enseignement du bien voir. L'orthoptique est la science du d\u00e9veloppement de la vision normale des deux yeux et de ses d\u00e9ficiences. La capacit\u00e9 de voir normalement signifie qu'il y a une bonne acuit\u00e9 visuelle dans des deux yeux, de bons mouvements oculaires, un bon traitement des images, contr\u00f4l\u00e9s par le cerveau et une position droite des yeux.\u00a0<\/span><\/p><h3>Recherche et traitement des troubles moteurs oculaires <\/h3><p><span style=\"font-weight: 400;\">Les orthoptistes examinent et traitent les patients atteints de troubles moteurs oculaires, notamment le strabisme (strabisme), l'amblyopie (\u0153il paresseux) et la diplopie (vision double). Les orthoptistes examinent et traitent \u00e9galement lorsqu'il y a, entre autres, l'hyperm\u00e9tropie, la myopie et les erreurs de r\u00e9fraction cylindrique chez les enfants.\u00a0<\/span><\/p><\/div>\t\t\t<\/div>\r\n\t\t\t\t<\/div>\r\n\t\t\t\t<\/section>\r\n<\/div>\r\n<\/p>\n","protected":false},"excerpt":{"rendered":"<p>\u00c9cran KM | \u00c9cran num\u00e9rique HessEnregistrez facilement et rapidement les programmes de mouvements oculaires dans votre DPE avec l&#8217;\u00e9cran KM. Votre test peut facilement \u00eatre compl\u00e9t\u00e9 par un test de diplopie, qui permet d&#8217;afficher la cyclod\u00e9viation dans 9 directions de vision. La progression et la d\u00e9gressivit\u00e9 sont faciles \u00e0 lire dans le suivi. Demander un devis Informations Caract\u00e9ristiques Demander une d\u00e9mo Vous cherchez l\u2019\u00e9cran Hess id\u00e9al?Simple, rapide et digitale!Il existe plusieurs variantes d&#8217;\u00e9crans KM. Chaque \u00e9cran KM dispose de 2 types de logiciels. Une m\u00e9thode de recherche selon la m\u00e9thode Hess et la m\u00e9thode Harms. Les graphiques des mouvements oculaires sont affich\u00e9s automatiquement pendant l&#8217;examen. Les deux sch\u00e9mas peuvent \u00eatre compar\u00e9s pour voir s&#8217;il existe un strabisme concomitant ou incomitant. Il est \u00e9galement possible de d\u00e9terminer facilement s&#8217;il existe une limitation m\u00e9canique ou neurologique. L&#8217;angle du strabisme (horizontal et vertical) est affich\u00e9 dans 9 directions de regard. L&#8217;angle est affich\u00e9 en dioptries prismatiques. Il est \u00e9galement possible de lire la cyclod\u00e9viation en degr\u00e9s.Le rapport peut \u00eatre trait\u00e9 rapidement en l&#8217;enregistrant sous forme de fichier PDF, en l&#8217;imprimant et\/ou en le liant \u00e0 votre EPD. L&#8217;\u00e9cran KM est livr\u00e9 en standard avec un mini PC, un logiciel, un \u00e9cran 55&#8243;, un [&hellip;]<\/p>\n","protected":false},"author":2,"featured_media":0,"parent":912,"menu_order":0,"comment_status":"closed","ping_status":"closed","template":"template-parts\/page-builder.php","meta":{"footnotes":""},"tags":[],"class_list":["post-7917","page","type-page","status-publish","hentry"],"acf":[],"yoast_head":"<!-- This site is optimized with the Yoast SEO plugin v26.5 - https:\/\/yoast.com\/wordpress\/plugins\/seo\/ -->\n<title>L\u2019orthoptie | Glaucoom Behandelen | Medivision<\/title>\n<meta name=\"robots\" content=\"index, follow, max-snippet:-1, max-image-preview:large, max-video-preview:-1\" \/>\n<link rel=\"canonical\" href=\"https:\/\/medivision.be\/fr\/oogheelkunde\/equipement-de-diagnostic\/lorthoptie\/\" \/>\n<meta property=\"og:locale\" content=\"nl_NL\" \/>\n<meta property=\"og:type\" content=\"article\" \/>\n<meta property=\"og:title\" content=\"L\u2019orthoptie | Glaucoom Behandelen | Medivision\" \/>\n<meta property=\"og:description\" content=\"\u00c9cran KM | \u00c9cran num\u00e9rique HessEnregistrez facilement et rapidement les programmes de mouvements oculaires dans votre DPE avec l&#039;\u00e9cran KM. Votre test peut facilement \u00eatre compl\u00e9t\u00e9 par un test de diplopie, qui permet d&#039;afficher la cyclod\u00e9viation dans 9 directions de vision. La progression et la d\u00e9gressivit\u00e9 sont faciles \u00e0 lire dans le suivi. Demander un devis Informations Caract\u00e9ristiques Demander une d\u00e9mo Vous cherchez l\u2019\u00e9cran Hess id\u00e9al?Simple, rapide et digitale!Il existe plusieurs variantes d&#039;\u00e9crans KM. Chaque \u00e9cran KM dispose de 2 types de logiciels. Une m\u00e9thode de recherche selon la m\u00e9thode Hess et la m\u00e9thode Harms. Les graphiques des mouvements oculaires sont affich\u00e9s automatiquement pendant l&#039;examen. Les deux sch\u00e9mas peuvent \u00eatre compar\u00e9s pour voir s&#039;il existe un strabisme concomitant ou incomitant. Il est \u00e9galement possible de d\u00e9terminer facilement s&#039;il existe une limitation m\u00e9canique ou neurologique. L&#039;angle du strabisme (horizontal et vertical) est affich\u00e9 dans 9 directions de regard. L&#039;angle est affich\u00e9 en dioptries prismatiques. Il est \u00e9galement possible de lire la cyclod\u00e9viation en degr\u00e9s.Le rapport peut \u00eatre trait\u00e9 rapidement en l&#039;enregistrant sous forme de fichier PDF, en l&#039;imprimant et\/ou en le liant \u00e0 votre EPD. L&#039;\u00e9cran KM est livr\u00e9 en standard avec un mini PC, un logiciel, un \u00e9cran 55&quot;, un [&hellip;]\" \/>\n<meta property=\"og:url\" content=\"https:\/\/medivision.be\/fr\/oogheelkunde\/equipement-de-diagnostic\/lorthoptie\/\" \/>\n<meta property=\"og:site_name\" content=\"Medivision\" \/>\n<meta property=\"article:modified_time\" content=\"2022-03-15T17:15:13+00:00\" \/>\n<meta name=\"twitter:card\" content=\"summary_large_image\" \/>\n<meta name=\"twitter:label1\" content=\"Geschatte leestijd\" \/>\n\t<meta name=\"twitter:data1\" content=\"1 minuut\" \/>\n<script type=\"application\/ld+json\" class=\"yoast-schema-graph\">{\"@context\":\"https:\/\/schema.org\",\"@graph\":[{\"@type\":\"WebPage\",\"@id\":\"https:\/\/medivision.be\/fr\/oogheelkunde\/equipement-de-diagnostic\/lorthoptie\/\",\"url\":\"https:\/\/medivision.be\/fr\/oogheelkunde\/equipement-de-diagnostic\/lorthoptie\/\",\"name\":\"L\u2019orthoptie | Glaucoom Behandelen | Medivision\",\"isPartOf\":{\"@id\":\"https:\/\/medivision.be\/fr\/#website\"},\"datePublished\":\"2020-07-16T07:39:22+00:00\",\"dateModified\":\"2022-03-15T17:15:13+00:00\",\"breadcrumb\":{\"@id\":\"https:\/\/medivision.be\/fr\/oogheelkunde\/equipement-de-diagnostic\/lorthoptie\/#breadcrumb\"},\"inLanguage\":\"nl-NL\",\"potentialAction\":[{\"@type\":\"ReadAction\",\"target\":[\"https:\/\/medivision.be\/fr\/oogheelkunde\/equipement-de-diagnostic\/lorthoptie\/\"]}]},{\"@type\":\"BreadcrumbList\",\"@id\":\"https:\/\/medivision.be\/fr\/oogheelkunde\/equipement-de-diagnostic\/lorthoptie\/#breadcrumb\",\"itemListElement\":[{\"@type\":\"ListItem\",\"position\":1,\"name\":\"Home\",\"item\":\"https:\/\/medivision.be\/fr\/\"},{\"@type\":\"ListItem\",\"position\":2,\"name\":\"Oogheelkunde\",\"item\":\"https:\/\/medivision.be\/fr\/oogheelkunde\/\"},{\"@type\":\"ListItem\",\"position\":3,\"name\":\"\u00c9quipement de diagnostic\",\"item\":\"https:\/\/medivision.be\/fr\/oogheelkunde\/equipement-de-diagnostic\/\"},{\"@type\":\"ListItem\",\"position\":4,\"name\":\"L\u2019orthoptie\"}]},{\"@type\":\"WebSite\",\"@id\":\"https:\/\/medivision.be\/fr\/#website\",\"url\":\"https:\/\/medivision.be\/fr\/\",\"name\":\"Medivision\",\"description\":\"Laservision Instruments B.V.\",\"publisher\":{\"@id\":\"https:\/\/medivision.be\/fr\/#organization\"},\"potentialAction\":[{\"@type\":\"SearchAction\",\"target\":{\"@type\":\"EntryPoint\",\"urlTemplate\":\"https:\/\/medivision.be\/fr\/?s={search_term_string}\"},\"query-input\":{\"@type\":\"PropertyValueSpecification\",\"valueRequired\":true,\"valueName\":\"search_term_string\"}}],\"inLanguage\":\"nl-NL\"},{\"@type\":\"Organization\",\"@id\":\"https:\/\/medivision.be\/fr\/#organization\",\"name\":\"Medivision\",\"url\":\"https:\/\/medivision.be\/fr\/\",\"logo\":{\"@type\":\"ImageObject\",\"inLanguage\":\"nl-NL\",\"@id\":\"https:\/\/medivision.be\/fr\/#\/schema\/logo\/image\/\",\"url\":\"https:\/\/medivision.be\/fr\/wp-content\/uploads\/2021\/07\/Logo_image-20210728-145414_1920px.png\",\"contentUrl\":\"https:\/\/medivision.be\/fr\/wp-content\/uploads\/2021\/07\/Logo_image-20210728-145414_1920px.png\",\"width\":1920,\"height\":456,\"caption\":\"Medivision\"},\"image\":{\"@id\":\"https:\/\/medivision.be\/fr\/#\/schema\/logo\/image\/\"}}]}<\/script>\n<!-- \/ Yoast SEO plugin. -->","yoast_head_json":{"title":"L\u2019orthoptie | Glaucoom Behandelen | Medivision","robots":{"index":"index","follow":"follow","max-snippet":"max-snippet:-1","max-image-preview":"max-image-preview:large","max-video-preview":"max-video-preview:-1"},"canonical":"https:\/\/medivision.be\/fr\/oogheelkunde\/equipement-de-diagnostic\/lorthoptie\/","og_locale":"nl_NL","og_type":"article","og_title":"L\u2019orthoptie | Glaucoom Behandelen | Medivision","og_description":"\u00c9cran KM | \u00c9cran num\u00e9rique HessEnregistrez facilement et rapidement les programmes de mouvements oculaires dans votre DPE avec l'\u00e9cran KM. Votre test peut facilement \u00eatre compl\u00e9t\u00e9 par un test de diplopie, qui permet d'afficher la cyclod\u00e9viation dans 9 directions de vision. La progression et la d\u00e9gressivit\u00e9 sont faciles \u00e0 lire dans le suivi. Demander un devis Informations Caract\u00e9ristiques Demander une d\u00e9mo Vous cherchez l\u2019\u00e9cran Hess id\u00e9al?Simple, rapide et digitale!Il existe plusieurs variantes d'\u00e9crans KM. Chaque \u00e9cran KM dispose de 2 types de logiciels. Une m\u00e9thode de recherche selon la m\u00e9thode Hess et la m\u00e9thode Harms. Les graphiques des mouvements oculaires sont affich\u00e9s automatiquement pendant l'examen. Les deux sch\u00e9mas peuvent \u00eatre compar\u00e9s pour voir s'il existe un strabisme concomitant ou incomitant. Il est \u00e9galement possible de d\u00e9terminer facilement s'il existe une limitation m\u00e9canique ou neurologique. L'angle du strabisme (horizontal et vertical) est affich\u00e9 dans 9 directions de regard. L'angle est affich\u00e9 en dioptries prismatiques. Il est \u00e9galement possible de lire la cyclod\u00e9viation en degr\u00e9s.Le rapport peut \u00eatre trait\u00e9 rapidement en l'enregistrant sous forme de fichier PDF, en l'imprimant et\/ou en le liant \u00e0 votre EPD. L'\u00e9cran KM est livr\u00e9 en standard avec un mini PC, un logiciel, un \u00e9cran 55\", un [&hellip;]","og_url":"https:\/\/medivision.be\/fr\/oogheelkunde\/equipement-de-diagnostic\/lorthoptie\/","og_site_name":"Medivision","article_modified_time":"2022-03-15T17:15:13+00:00","twitter_card":"summary_large_image","twitter_misc":{"Geschatte leestijd":"1 minuut"},"schema":{"@context":"https:\/\/schema.org","@graph":[{"@type":"WebPage","@id":"https:\/\/medivision.be\/fr\/oogheelkunde\/equipement-de-diagnostic\/lorthoptie\/","url":"https:\/\/medivision.be\/fr\/oogheelkunde\/equipement-de-diagnostic\/lorthoptie\/","name":"L\u2019orthoptie | Glaucoom Behandelen | Medivision","isPartOf":{"@id":"https:\/\/medivision.be\/fr\/#website"},"datePublished":"2020-07-16T07:39:22+00:00","dateModified":"2022-03-15T17:15:13+00:00","breadcrumb":{"@id":"https:\/\/medivision.be\/fr\/oogheelkunde\/equipement-de-diagnostic\/lorthoptie\/#breadcrumb"},"inLanguage":"nl-NL","potentialAction":[{"@type":"ReadAction","target":["https:\/\/medivision.be\/fr\/oogheelkunde\/equipement-de-diagnostic\/lorthoptie\/"]}]},{"@type":"BreadcrumbList","@id":"https:\/\/medivision.be\/fr\/oogheelkunde\/equipement-de-diagnostic\/lorthoptie\/#breadcrumb","itemListElement":[{"@type":"ListItem","position":1,"name":"Home","item":"https:\/\/medivision.be\/fr\/"},{"@type":"ListItem","position":2,"name":"Oogheelkunde","item":"https:\/\/medivision.be\/fr\/oogheelkunde\/"},{"@type":"ListItem","position":3,"name":"\u00c9quipement de diagnostic","item":"https:\/\/medivision.be\/fr\/oogheelkunde\/equipement-de-diagnostic\/"},{"@type":"ListItem","position":4,"name":"L\u2019orthoptie"}]},{"@type":"WebSite","@id":"https:\/\/medivision.be\/fr\/#website","url":"https:\/\/medivision.be\/fr\/","name":"Medivision","description":"Laservision Instruments B.V.","publisher":{"@id":"https:\/\/medivision.be\/fr\/#organization"},"potentialAction":[{"@type":"SearchAction","target":{"@type":"EntryPoint","urlTemplate":"https:\/\/medivision.be\/fr\/?s={search_term_string}"},"query-input":{"@type":"PropertyValueSpecification","valueRequired":true,"valueName":"search_term_string"}}],"inLanguage":"nl-NL"},{"@type":"Organization","@id":"https:\/\/medivision.be\/fr\/#organization","name":"Medivision","url":"https:\/\/medivision.be\/fr\/","logo":{"@type":"ImageObject","inLanguage":"nl-NL","@id":"https:\/\/medivision.be\/fr\/#\/schema\/logo\/image\/","url":"https:\/\/medivision.be\/fr\/wp-content\/uploads\/2021\/07\/Logo_image-20210728-145414_1920px.png","contentUrl":"https:\/\/medivision.be\/fr\/wp-content\/uploads\/2021\/07\/Logo_image-20210728-145414_1920px.png","width":1920,"height":456,"caption":"Medivision"},"image":{"@id":"https:\/\/medivision.be\/fr\/#\/schema\/logo\/image\/"}}]}},"_links":{"self":[{"href":"https:\/\/medivision.be\/fr\/wp-json\/wp\/v2\/pages\/7917","targetHints":{"allow":["GET"]}}],"collection":[{"href":"https:\/\/medivision.be\/fr\/wp-json\/wp\/v2\/pages"}],"about":[{"href":"https:\/\/medivision.be\/fr\/wp-json\/wp\/v2\/types\/page"}],"author":[{"embeddable":true,"href":"https:\/\/medivision.be\/fr\/wp-json\/wp\/v2\/users\/2"}],"replies":[{"embeddable":true,"href":"https:\/\/medivision.be\/fr\/wp-json\/wp\/v2\/comments?post=7917"}],"version-history":[{"count":10,"href":"https:\/\/medivision.be\/fr\/wp-json\/wp\/v2\/pages\/7917\/revisions"}],"predecessor-version":[{"id":11524,"href":"https:\/\/medivision.be\/fr\/wp-json\/wp\/v2\/pages\/7917\/revisions\/11524"}],"up":[{"embeddable":true,"href":"https:\/\/medivision.be\/fr\/wp-json\/wp\/v2\/pages\/912"}],"wp:attachment":[{"href":"https:\/\/medivision.be\/fr\/wp-json\/wp\/v2\/media?parent=7917"}],"wp:term":[{"taxonomy":"post_tag","embeddable":true,"href":"https:\/\/medivision.be\/fr\/wp-json\/wp\/v2\/tags?post=7917"}],"curies":[{"name":"wp","href":"https:\/\/api.w.org\/{rel}","templated":true}]}}