{"id":910,"date":"2020-01-29T14:58:10","date_gmt":"2020-01-29T13:58:10","guid":{"rendered":"https:\/\/medivision.be\/fr\/?page_id=910"},"modified":"2025-02-20T13:25:10","modified_gmt":"2025-02-20T12:25:10","slug":"design","status":"publish","type":"page","link":"https:\/\/medivision.be\/fr\/oogheelkunde\/design\/","title":{"rendered":"D\u00e9sign"},"content":{"rendered":"<p><div id=\"thz-section-holder-s46ffcf99\" class=\"thz-section-holder section-notcontained thz-mobile-hidden none\" data-view-brightness=\"none\">\r\n\t<section class=\"thz-section\">\r\n\t\t<div class=\"thz-section-in\">\r\n\t\t\t\t\t<div class=\"thz-container content-notcontained\">\r\n\t\t\t\t\t\t\t<\/div>\r\n\t\t\t\t<\/div>\r\n\t\t<div class=\"thz-bglayer-container\"><div id=\"thz-bglayer-d63914de\" class=\"thz-basic-bglayer\"><\/div><div id=\"thz-bglayer-bc882306\" class=\"thz-basic-bglayer\"><\/div><\/div>\t\t<\/section>\r\n<\/div>\r\n<div id=\"thz-section-holder-sb6fbeb56\" class=\"thz-section-holder section-notcontained none\" data-view-brightness=\"none\">\r\n\t<section class=\"thz-section\">\r\n\t\t<div class=\"thz-section-in\">\r\n\t\t\t\t\t<div class=\"thz-container content-contained thz-site-width\">\r\n\t\t\t\t<div class=\"thz-row\">\r\n\t<div id=\"thz-column-c4c6c3d45\" class=\"thz-column thz-col-1 fstart\">\r\n\t<div class=\"thz-column-container\">\r\n        <div class=\"thz-column-in\">\r\n                        <div class=\"thz-column-shortcodes\">\t\r\n                <div id=\"thz-sh-efc4665b\" class=\"thz-shc thz-heading thz-sh-efc4665b thz-sh-plain thz-sh-pos-both\">\r\n\t<div class=\"thz-heading-holder\">\r\n\t\t\t\t\t\t\t<\/div>\r\n<\/div>            <\/div>\r\n                                            <\/div>\r\n    <\/div>\r\n<\/div><\/div>\t\t\t<\/div>\r\n\t\t\t\t<\/div>\r\n\t\t\t\t<\/section>\r\n<\/div>\r\n<div id=\"thz-section-holder-se9cd4836\" class=\"thz-section-holder section-notcontained none\" data-view-brightness=\"none\">\r\n\t<section class=\"thz-section\">\r\n\t\t<div class=\"thz-section-in\">\r\n\t\t\t\t\t<div class=\"thz-container content-contained thz-site-width\">\r\n\t\t\t\t<div class=\"thz-row\">\r\n\t<div id=\"thz-column-c4a7deee2\" class=\"thz-column thz-col-1-4 fstart\">\r\n\t<div class=\"thz-column-container\">\r\n        <div class=\"thz-column-in\">\r\n                        <div class=\"thz-column-shortcodes\">\t\r\n                <div id=\"thz-media-image-7cef932d\" class=\"thz-shc thz-media-image-container thz-media-mode-none\"><div class=\"thz-media-item thz-media-item-image\"><div class=\"thz-media-image-ratio thz-aspect thz-ratio-1-1\"><div class=\"thz-ratio-in\"><div class=\"thz-hover thz-hover-img-mask \" style=\"background-image:url(https:\/\/medivision.be\/fr\/wp-content\/uploads\/2021\/08\/1.-Refractie-units-570x380.png);\"><a class=\"thz-hover-link\" href=\"https:\/\/medivision.be\/fr\/oogheelkunde\/design\/unites-de-refraction\/\" target=\"_blank\"><\/a><\/div><\/div><\/div><\/div><\/div><div id=\"thz-text-block-44ba2256\" class=\"thz-shc thz-text-block\"><h3>Unit\u00e9s de r\u00e9fraction<\/h3><\/div><div class=\"thz-clear\"><\/div><div id=\"thz-divider-cc376128\" class=\"thz-shc thz-divider-cc376128 thz-divider-holder\"><div class=\"thz-divider\"><\/div><\/div><div class=\"thz-btn-container\"><a class=\"thz-button thz-btn-theme thz-btn-normal thz-radius-4 thz-btn-border-1 thz-align-center\" href=\"https:\/\/medivision.be\/fr\/oogheelkunde\/design\/unites-de-refraction\/\"><span class=\"thz-btn-text thz-fs-14 thz-fw-400\">Plus d\u2019information<\/span><\/a><\/div>            <\/div>\r\n                                            <\/div>\r\n    <\/div>\r\n<\/div><div id=\"thz-column-c3c61a697\" class=\"thz-column thz-col-1-4 fstart\">\r\n\t<div class=\"thz-column-container\">\r\n        <div class=\"thz-column-in\">\r\n                        <div class=\"thz-column-shortcodes\">\t\r\n                <div id=\"thz-media-image-ee8791cb\" class=\"thz-shc thz-media-image-container thz-media-mode-none\"><div class=\"thz-media-item thz-media-item-image\"><div class=\"thz-media-image-ratio thz-aspect thz-ratio-1-1\"><div class=\"thz-ratio-in\"><div class=\"thz-hover thz-hover-img-mask \" style=\"background-image:url(https:\/\/medivision.be\/fr\/wp-content\/uploads\/2021\/08\/2.-instrumenten-tafel-scaled.jpg);\"><a class=\"thz-hover-link\" href=\"https:\/\/medivision.be\/fr\/oogheelkunde\/design\/tables-a-instruments\/\" target=\"_blank\"><\/a><\/div><\/div><\/div><\/div><\/div><div id=\"thz-text-block-2be4928e\" class=\"thz-shc thz-text-block\"><h3><b>Table \u00e0 instruments<\/b><\/h3><\/div><div class=\"thz-clear\"><\/div><div id=\"thz-divider-b7d307ce\" class=\"thz-shc thz-divider-b7d307ce thz-divider-holder\"><div class=\"thz-divider\"><\/div><\/div><div class=\"thz-btn-container\"><a class=\"thz-button thz-btn-theme thz-btn-normal thz-radius-4 thz-btn-border-1 thz-align-center\" href=\"https:\/\/medivision.be\/fr\/oogheelkunde\/design\/tables-a-instruments\/\"><span class=\"thz-btn-text thz-fs-14 thz-fw-400\">Plus d\u2019information<\/span><\/a><\/div>            <\/div>\r\n                                            <\/div>\r\n    <\/div>\r\n<\/div><div id=\"thz-column-ccde705ed\" class=\"thz-column thz-col-1-4 fstart\">\r\n\t<div class=\"thz-column-container\">\r\n        <div class=\"thz-column-in\">\r\n                        <div class=\"thz-column-shortcodes\">\t\r\n                <div id=\"thz-media-image-74d43738\" class=\"thz-shc thz-media-image-container thz-media-mode-none\"><div class=\"thz-media-item thz-media-item-image\"><div class=\"thz-media-image-ratio thz-aspect thz-ratio-1-1\"><div class=\"thz-ratio-in\"><div class=\"thz-hover thz-hover-img-mask \" style=\"background-image:url(https:\/\/medivision.be\/fr\/wp-content\/uploads\/2021\/08\/3.-patiententstoel-570x428.jpeg);\"><a class=\"thz-hover-link\" href=\"\/oogheelkunde\/design\/fauteuil-patient\/\" target=\"_blank\"><\/a><\/div><\/div><\/div><\/div><\/div><div id=\"thz-text-block-a46919dc\" class=\"thz-shc thz-text-block\"><h3><b>Fauteuil Patient<\/b><\/h3><\/div><div class=\"thz-clear\"><\/div><div id=\"thz-divider-07a3852d\" class=\"thz-shc thz-divider-07a3852d thz-divider-holder\"><div class=\"thz-divider\"><\/div><\/div><div class=\"thz-btn-container\"><a class=\"thz-button thz-btn-theme thz-btn-normal thz-radius-4 thz-btn-border-1 thz-align-center\" href=\"\/oogheelkunde\/design\/fauteuil-patient\/\"><span class=\"thz-btn-text thz-fs-14 thz-fw-400\">Plus d\u2019information<\/span><\/a><\/div>            <\/div>\r\n                                            <\/div>\r\n    <\/div>\r\n<\/div><div id=\"thz-column-c70bd2dce\" class=\"thz-column thz-col-1-4 fstart\">\r\n\t<div class=\"thz-column-container\">\r\n        <div class=\"thz-column-in\">\r\n                        <div class=\"thz-column-shortcodes\">\t\r\n                <div id=\"thz-media-image-9ff571d8\" class=\"thz-shc thz-media-image-container thz-media-mode-none\"><div class=\"thz-media-item thz-media-item-image\"><div class=\"thz-media-image-ratio thz-aspect thz-ratio-1-1\"><div class=\"thz-ratio-in\"><div class=\"thz-hover thz-hover-img-mask \" style=\"background-image:url(https:\/\/medivision.be\/fr\/wp-content\/uploads\/2025\/02\/Carl-4-Heel-R6-black-vinyl-1575-810-570x760.jpg);\"><a class=\"thz-hover-link\" href=\"\/oogheelkunde\/inrichtingen\/operatiestoel\/\" target=\"_blank\"><\/a><\/div><\/div><\/div><\/div><\/div><div id=\"thz-text-block-215f7605\" class=\"thz-shc thz-text-block\"><h3 class=\"thz-heading-title\">Fauteuil de chirurgien<\/h3><\/div><div class=\"thz-clear\"><\/div><div id=\"thz-divider-39bc1497\" class=\"thz-shc thz-divider-39bc1497 thz-divider-holder\"><div class=\"thz-divider\"><\/div><\/div><div class=\"thz-btn-container\"><a class=\"thz-button thz-btn-theme thz-btn-normal thz-radius-4 thz-btn-border-1 thz-align-center\" href=\"https:\/\/medivision.be\/fr\/products\/fauteuil-de-chirurgien\/\"><span class=\"thz-btn-text thz-fs-14 thz-fw-400\">Plus d\u2019information<\/span><\/a><\/div>            <\/div>\r\n                                            <\/div>\r\n    <\/div>\r\n<\/div><\/div>\t\t\t<\/div>\r\n\t\t\t\t<\/div>\r\n\t\t\t\t<\/section>\r\n<\/div>\r\n<div id=\"thz-section-holder-s27a19c63\" class=\"thz-section-holder section-notcontained none\" data-view-brightness=\"none\">\r\n\t<section class=\"thz-section thz-flex-section-eh\">\r\n\t\t<div class=\"thz-section-in\">\r\n\t\t\t\t\t<div class=\"thz-container content-contained thz-site-width\">\r\n\t\t\t\t<div class=\"thz-row\">\r\n\t<div id=\"thz-column-cad12c95a\" class=\"thz-column thz-col-1 fcenter\">\r\n\t<div class=\"thz-column-container\">\r\n        <div class=\"thz-column-in\">\r\n                        <div class=\"thz-column-shortcodes\">\t\r\n                <div id=\"thz-sh-49503e6a\" class=\"thz-shc thz-heading thz-sh-49503e6a thz-sh-plain thz-sh-pos-both\">\r\n\t<div class=\"thz-heading-holder\">\r\n\t\t\t\t<h2 class=\"thz-heading-title\"><b>Notre \u00e9quipe sp\u00e9cialis\u00e9e s'occupe de tout pour vous<\/b><\/h2>\t\t\t<\/div>\r\n<\/div><ul id=\"thz-shortcode-list-2dc0885c\" class=\"thz-shc thz-icons-list thz-shortcode-list-2dc0885c\"><li id=\"thz-list-item-5a87056b\" class=\"thz-list-item\"><i class=\"eva eva-checkmark-circle\"><\/i> Conception et ameublement<\/li><li id=\"thz-list-item-c3aaca5e\" class=\"thz-list-item\"><i class=\"eva eva-checkmark-circle\"><\/i> Installation sans soucis<\/li><li id=\"thz-list-item-0b217eba\" class=\"thz-list-item\"><i class=\"eva eva-checkmark-circle\"><\/i> Attention aux souhaits sp\u00e9cifiques<\/li><\/ul><div id=\"thz-text-block-360afdb4\" class=\"thz-shc thz-text-block\"><p>Avec une connaissance approfondie de l'\u00e9quipement et de toutes les facettes de la conception et de l'ameublement, nos employ\u00e9s sont responsables de l'ameublement et de l'installation professionnels des salles de r\u00e9union. Tout cela sur la base de plans d'implantation sophistiqu\u00e9s et d'une gestion de projet syst\u00e9matique. Il existe un large choix de solutions standardis\u00e9es. De plus, des souhaits sp\u00e9cifiques et des ajustements peuvent \u00eatre int\u00e9gr\u00e9s.<\/p><p>Nous veillons \u00e0 un ameublement et \u00e0 une installation professionnelle des salles de r\u00e9union, \u00e0 partir des plans astucieux et d'une gestion de projet syst\u00e9matique. Il existe un large choix de solutions standardis\u00e9es et, de plus, les souhaits sp\u00e9cifiques et les ajustements individuels peuvent \u00eatre int\u00e9gr\u00e9s.<\/p><p>Le r\u00e9sultat : des pi\u00e8ces fonctionnelles, des \u00e9quipements de haute qualit\u00e9 et un installation sans souci.<\/p><\/div>            <\/div>\r\n                                            <\/div>\r\n    <\/div>\r\n<\/div><\/div>\t\t\t<\/div>\r\n\t\t\t\t<\/div>\r\n\t\t<div class=\"thz-bglayer-container\"><div id=\"thz-bglayer-32939afb\" class=\"thz-basic-bglayer\"><\/div><\/div>\t\t<\/section>\r\n<\/div>\r\n<div id=\"thz-section-holder-sc958a0c0\" class=\"thz-section-holder section-notcontained none\" data-view-brightness=\"none\">\r\n\t<section class=\"thz-section\">\r\n\t\t<div class=\"thz-section-in\">\r\n\t\t\t\t\t<div class=\"thz-container content-contained thz-site-width\">\r\n\t\t\t\t\t\t\t<\/div>\r\n\t\t\t\t<\/div>\r\n\t\t\t\t<\/section>\r\n<\/div>\r\n<\/p>\n","protected":false},"excerpt":{"rendered":"<p>Unit\u00e9s de r\u00e9fractionPlus d\u2019information Table \u00e0 instrumentsPlus d\u2019information Fauteuil PatientPlus d\u2019information Fauteuil de chirurgienPlus d\u2019information Notre \u00e9quipe sp\u00e9cialis\u00e9e s&#8217;occupe de tout pour vous Conception et ameublement Installation sans soucis Attention aux souhaits sp\u00e9cifiquesAvec une connaissance approfondie de l&#8217;\u00e9quipement et de toutes les facettes de la conception et de l&#8217;ameublement, nos employ\u00e9s sont responsables de l&#8217;ameublement et de l&#8217;installation professionnels des salles de r\u00e9union. Tout cela sur la base de plans d&#8217;implantation sophistiqu\u00e9s et d&#8217;une gestion de projet syst\u00e9matique. Il existe un large choix de solutions standardis\u00e9es. De plus, des souhaits sp\u00e9cifiques et des ajustements peuvent \u00eatre int\u00e9gr\u00e9s.Nous veillons \u00e0 un ameublement et \u00e0 une installation professionnelle des salles de r\u00e9union, \u00e0 partir des plans astucieux et d&#8217;une gestion de projet syst\u00e9matique. Il existe un large choix de solutions standardis\u00e9es et, de plus, les souhaits sp\u00e9cifiques et les ajustements individuels peuvent \u00eatre int\u00e9gr\u00e9s.Le r\u00e9sultat : des pi\u00e8ces fonctionnelles, des \u00e9quipements de haute qualit\u00e9 et un installation sans souci.<\/p>\n","protected":false},"author":1,"featured_media":0,"parent":830,"menu_order":0,"comment_status":"closed","ping_status":"closed","template":"template-parts\/page-builder.php","meta":{"footnotes":""},"tags":[],"class_list":["post-910","page","type-page","status-publish","hentry"],"acf":[],"yoast_head":"<!-- This site is optimized with the Yoast SEO plugin v26.5 - https:\/\/yoast.com\/wordpress\/plugins\/seo\/ -->\n<title>Praktische en Ergonomische Inrichtingen | Medivision<\/title>\n<meta name=\"description\" content=\"Functionele kamers, kwalitatief hoogstaande apparatuur en een zorgeloze installatie. D\u00e9sign | Medivision\" \/>\n<meta name=\"robots\" content=\"index, follow, max-snippet:-1, max-image-preview:large, max-video-preview:-1\" \/>\n<link rel=\"canonical\" href=\"https:\/\/medivision.be\/fr\/oogheelkunde\/design\/\" \/>\n<meta property=\"og:locale\" content=\"nl_NL\" \/>\n<meta property=\"og:type\" content=\"article\" \/>\n<meta property=\"og:title\" content=\"Praktische en Ergonomische Inrichtingen | Medivision\" \/>\n<meta property=\"og:description\" content=\"Functionele kamers, kwalitatief hoogstaande apparatuur en een zorgeloze installatie. D\u00e9sign | Medivision\" \/>\n<meta property=\"og:url\" content=\"https:\/\/medivision.be\/fr\/oogheelkunde\/design\/\" \/>\n<meta property=\"og:site_name\" content=\"Medivision\" \/>\n<meta property=\"article:modified_time\" content=\"2025-02-20T12:25:10+00:00\" \/>\n<meta name=\"twitter:card\" content=\"summary_large_image\" \/>\n<meta name=\"twitter:label1\" content=\"Geschatte leestijd\" \/>\n\t<meta name=\"twitter:data1\" content=\"1 minuut\" \/>\n<script type=\"application\/ld+json\" class=\"yoast-schema-graph\">{\"@context\":\"https:\/\/schema.org\",\"@graph\":[{\"@type\":\"WebPage\",\"@id\":\"https:\/\/medivision.be\/fr\/oogheelkunde\/design\/\",\"url\":\"https:\/\/medivision.be\/fr\/oogheelkunde\/design\/\",\"name\":\"Praktische en Ergonomische Inrichtingen | Medivision\",\"isPartOf\":{\"@id\":\"https:\/\/medivision.be\/fr\/#website\"},\"datePublished\":\"2020-01-29T13:58:10+00:00\",\"dateModified\":\"2025-02-20T12:25:10+00:00\",\"description\":\"Functionele kamers, kwalitatief hoogstaande apparatuur en een zorgeloze installatie. D\u00e9sign | Medivision\",\"breadcrumb\":{\"@id\":\"https:\/\/medivision.be\/fr\/oogheelkunde\/design\/#breadcrumb\"},\"inLanguage\":\"nl-NL\",\"potentialAction\":[{\"@type\":\"ReadAction\",\"target\":[\"https:\/\/medivision.be\/fr\/oogheelkunde\/design\/\"]}]},{\"@type\":\"BreadcrumbList\",\"@id\":\"https:\/\/medivision.be\/fr\/oogheelkunde\/design\/#breadcrumb\",\"itemListElement\":[{\"@type\":\"ListItem\",\"position\":1,\"name\":\"Home\",\"item\":\"https:\/\/medivision.be\/fr\/\"},{\"@type\":\"ListItem\",\"position\":2,\"name\":\"Oogheelkunde\",\"item\":\"https:\/\/medivision.be\/fr\/oogheelkunde\/\"},{\"@type\":\"ListItem\",\"position\":3,\"name\":\"D\u00e9sign\"}]},{\"@type\":\"WebSite\",\"@id\":\"https:\/\/medivision.be\/fr\/#website\",\"url\":\"https:\/\/medivision.be\/fr\/\",\"name\":\"Medivision\",\"description\":\"Laservision Instruments B.V.\",\"publisher\":{\"@id\":\"https:\/\/medivision.be\/fr\/#organization\"},\"potentialAction\":[{\"@type\":\"SearchAction\",\"target\":{\"@type\":\"EntryPoint\",\"urlTemplate\":\"https:\/\/medivision.be\/fr\/?s={search_term_string}\"},\"query-input\":{\"@type\":\"PropertyValueSpecification\",\"valueRequired\":true,\"valueName\":\"search_term_string\"}}],\"inLanguage\":\"nl-NL\"},{\"@type\":\"Organization\",\"@id\":\"https:\/\/medivision.be\/fr\/#organization\",\"name\":\"Medivision\",\"url\":\"https:\/\/medivision.be\/fr\/\",\"logo\":{\"@type\":\"ImageObject\",\"inLanguage\":\"nl-NL\",\"@id\":\"https:\/\/medivision.be\/fr\/#\/schema\/logo\/image\/\",\"url\":\"https:\/\/medivision.be\/fr\/wp-content\/uploads\/2021\/07\/Logo_image-20210728-145414_1920px.png\",\"contentUrl\":\"https:\/\/medivision.be\/fr\/wp-content\/uploads\/2021\/07\/Logo_image-20210728-145414_1920px.png\",\"width\":1920,\"height\":456,\"caption\":\"Medivision\"},\"image\":{\"@id\":\"https:\/\/medivision.be\/fr\/#\/schema\/logo\/image\/\"}}]}<\/script>\n<!-- \/ Yoast SEO plugin. -->","yoast_head_json":{"title":"Praktische en Ergonomische Inrichtingen | Medivision","description":"Functionele kamers, kwalitatief hoogstaande apparatuur en een zorgeloze installatie. D\u00e9sign | Medivision","robots":{"index":"index","follow":"follow","max-snippet":"max-snippet:-1","max-image-preview":"max-image-preview:large","max-video-preview":"max-video-preview:-1"},"canonical":"https:\/\/medivision.be\/fr\/oogheelkunde\/design\/","og_locale":"nl_NL","og_type":"article","og_title":"Praktische en Ergonomische Inrichtingen | Medivision","og_description":"Functionele kamers, kwalitatief hoogstaande apparatuur en een zorgeloze installatie. D\u00e9sign | Medivision","og_url":"https:\/\/medivision.be\/fr\/oogheelkunde\/design\/","og_site_name":"Medivision","article_modified_time":"2025-02-20T12:25:10+00:00","twitter_card":"summary_large_image","twitter_misc":{"Geschatte leestijd":"1 minuut"},"schema":{"@context":"https:\/\/schema.org","@graph":[{"@type":"WebPage","@id":"https:\/\/medivision.be\/fr\/oogheelkunde\/design\/","url":"https:\/\/medivision.be\/fr\/oogheelkunde\/design\/","name":"Praktische en Ergonomische Inrichtingen | Medivision","isPartOf":{"@id":"https:\/\/medivision.be\/fr\/#website"},"datePublished":"2020-01-29T13:58:10+00:00","dateModified":"2025-02-20T12:25:10+00:00","description":"Functionele kamers, kwalitatief hoogstaande apparatuur en een zorgeloze installatie. D\u00e9sign | Medivision","breadcrumb":{"@id":"https:\/\/medivision.be\/fr\/oogheelkunde\/design\/#breadcrumb"},"inLanguage":"nl-NL","potentialAction":[{"@type":"ReadAction","target":["https:\/\/medivision.be\/fr\/oogheelkunde\/design\/"]}]},{"@type":"BreadcrumbList","@id":"https:\/\/medivision.be\/fr\/oogheelkunde\/design\/#breadcrumb","itemListElement":[{"@type":"ListItem","position":1,"name":"Home","item":"https:\/\/medivision.be\/fr\/"},{"@type":"ListItem","position":2,"name":"Oogheelkunde","item":"https:\/\/medivision.be\/fr\/oogheelkunde\/"},{"@type":"ListItem","position":3,"name":"D\u00e9sign"}]},{"@type":"WebSite","@id":"https:\/\/medivision.be\/fr\/#website","url":"https:\/\/medivision.be\/fr\/","name":"Medivision","description":"Laservision Instruments B.V.","publisher":{"@id":"https:\/\/medivision.be\/fr\/#organization"},"potentialAction":[{"@type":"SearchAction","target":{"@type":"EntryPoint","urlTemplate":"https:\/\/medivision.be\/fr\/?s={search_term_string}"},"query-input":{"@type":"PropertyValueSpecification","valueRequired":true,"valueName":"search_term_string"}}],"inLanguage":"nl-NL"},{"@type":"Organization","@id":"https:\/\/medivision.be\/fr\/#organization","name":"Medivision","url":"https:\/\/medivision.be\/fr\/","logo":{"@type":"ImageObject","inLanguage":"nl-NL","@id":"https:\/\/medivision.be\/fr\/#\/schema\/logo\/image\/","url":"https:\/\/medivision.be\/fr\/wp-content\/uploads\/2021\/07\/Logo_image-20210728-145414_1920px.png","contentUrl":"https:\/\/medivision.be\/fr\/wp-content\/uploads\/2021\/07\/Logo_image-20210728-145414_1920px.png","width":1920,"height":456,"caption":"Medivision"},"image":{"@id":"https:\/\/medivision.be\/fr\/#\/schema\/logo\/image\/"}}]}},"_links":{"self":[{"href":"https:\/\/medivision.be\/fr\/wp-json\/wp\/v2\/pages\/910","targetHints":{"allow":["GET"]}}],"collection":[{"href":"https:\/\/medivision.be\/fr\/wp-json\/wp\/v2\/pages"}],"about":[{"href":"https:\/\/medivision.be\/fr\/wp-json\/wp\/v2\/types\/page"}],"author":[{"embeddable":true,"href":"https:\/\/medivision.be\/fr\/wp-json\/wp\/v2\/users\/1"}],"replies":[{"embeddable":true,"href":"https:\/\/medivision.be\/fr\/wp-json\/wp\/v2\/comments?post=910"}],"version-history":[{"count":22,"href":"https:\/\/medivision.be\/fr\/wp-json\/wp\/v2\/pages\/910\/revisions"}],"predecessor-version":[{"id":11642,"href":"https:\/\/medivision.be\/fr\/wp-json\/wp\/v2\/pages\/910\/revisions\/11642"}],"up":[{"embeddable":true,"href":"https:\/\/medivision.be\/fr\/wp-json\/wp\/v2\/pages\/830"}],"wp:attachment":[{"href":"https:\/\/medivision.be\/fr\/wp-json\/wp\/v2\/media?parent=910"}],"wp:term":[{"taxonomy":"post_tag","embeddable":true,"href":"https:\/\/medivision.be\/fr\/wp-json\/wp\/v2\/tags?post=910"}],"curies":[{"name":"wp","href":"https:\/\/api.w.org\/{rel}","templated":true}]}}